{"id":1007,"date":"2023-07-13T20:29:26","date_gmt":"2023-07-13T20:29:26","guid":{"rendered":"https:\/\/intoitalia.co\/?page_id=1007"},"modified":"2023-08-02T08:26:28","modified_gmt":"2023-08-02T13:26:28","slug":"casa-luxe","status":"publish","type":"page","link":"https:\/\/intoitalia.co\/es\/proyectos_\/casa-luxe\/","title":{"rendered":"Casa Luxe"},"content":{"rendered":"\t\t<div data-elementor-type=\"wp-page\" data-elementor-id=\"1007\" class=\"elementor elementor-1007\" data-elementor-post-type=\"page\">\n\t\t\t\t\t\t<section class=\"elementor-section elementor-top-section elementor-element elementor-element-7e911df elementor-section-full_width elementor-section-height-min-height elementor-section-items-top elementor-section-height-default\" data-id=\"7e911df\" data-element_type=\"section\" data-settings=\"{&quot;background_background&quot;:&quot;classic&quot;}\">\n\t\t\t\t\t\t<div class=\"elementor-container elementor-column-gap-default\">\n\t\t\t\t\t<div class=\"elementor-column elementor-col-100 elementor-top-column elementor-element elementor-element-8a14bf7\" data-id=\"8a14bf7\" data-element_type=\"column\">\n\t\t\t<div class=\"elementor-widget-wrap elementor-element-populated\">\n\t\t\t\t\t\t<div class=\"elementor-element elementor-element-ffc3e61 elementor-widget elementor-widget-text-editor\" data-id=\"ffc3e61\" data-element_type=\"widget\" data-widget_type=\"text-editor.default\">\n\t\t\t\t<div class=\"elementor-widget-container\">\n\t\t\t\t\t\t\t\t\t<p>CASA DEL LAGO<\/p>\t\t\t\t\t\t\t\t<\/div>\n\t\t\t\t<\/div>\n\t\t\t\t<div class=\"elementor-element elementor-element-feaf811 elementor-widget elementor-widget-text-editor\" data-id=\"feaf811\" data-element_type=\"widget\" data-widget_type=\"text-editor.default\">\n\t\t\t\t<div class=\"elementor-widget-container\">\n\t\t\t\t\t\t\t\t\t<p>Ubicada estrat\u00e9gicamente al frente de un hermoso lago. Cada espacio ha sido cuidadosamente dise\u00f1ado para capturar la serenidad y la belleza del entorno natural circundante. La entrada de luz natural es una prioridad en nuestro dise\u00f1o, por lo que todas las zonas de circulaci\u00f3n en cada planta del predio est\u00e1n inundadas de luz diurna, creando una atm\u00f3sfera luminosa y acogedora.<\/p>\t\t\t\t\t\t\t\t<\/div>\n\t\t\t\t<\/div>\n\t\t\t\t\t<\/div>\n\t\t<\/div>\n\t\t\t\t\t<\/div>\n\t\t<\/section>\n\t\t\t\t<section class=\"elementor-section elementor-top-section elementor-element elementor-element-a6132e7 elementor-section-boxed elementor-section-height-default elementor-section-height-default\" data-id=\"a6132e7\" data-element_type=\"section\">\n\t\t\t\t\t\t<div class=\"elementor-container elementor-column-gap-default\">\n\t\t\t\t\t<div class=\"elementor-column elementor-col-100 elementor-top-column elementor-element elementor-element-3a4e4e1\" data-id=\"3a4e4e1\" data-element_type=\"column\">\n\t\t\t<div class=\"elementor-widget-wrap elementor-element-populated\">\n\t\t\t\t\t\t<div class=\"elementor-element elementor-element-aa917cb elementor-widget elementor-widget-text-editor\" data-id=\"aa917cb\" data-element_type=\"widget\" data-widget_type=\"text-editor.default\">\n\t\t\t\t<div class=\"elementor-widget-container\">\n\t\t\t\t\t\t\t\t\t<p>CASA LUXE<\/p>\t\t\t\t\t\t\t\t<\/div>\n\t\t\t\t<\/div>\n\t\t\t\t<div class=\"elementor-element elementor-element-88a6675 elementor-widget elementor-widget-text-editor\" data-id=\"88a6675\" data-element_type=\"widget\" data-widget_type=\"text-editor.default\">\n\t\t\t\t<div class=\"elementor-widget-container\">\n\t\t\t\t\t\t\t\t\t<p>MEDELL\u00cdN<br \/>2023<\/p>\t\t\t\t\t\t\t\t<\/div>\n\t\t\t\t<\/div>\n\t\t\t\t\t<\/div>\n\t\t<\/div>\n\t\t\t\t\t<\/div>\n\t\t<\/section>\n\t\t\t\t<section class=\"elementor-section elementor-top-section elementor-element elementor-element-6f60ae0 elementor-section-full_width elementor-section-height-default elementor-section-height-default\" data-id=\"6f60ae0\" data-element_type=\"section\">\n\t\t\t\t\t\t<div class=\"elementor-container elementor-column-gap-default\">\n\t\t\t\t\t<div class=\"elementor-column elementor-col-100 elementor-top-column elementor-element elementor-element-3ed4d7c\" data-id=\"3ed4d7c\" data-element_type=\"column\">\n\t\t\t<div class=\"elementor-widget-wrap elementor-element-populated\">\n\t\t\t\t\t\t<div class=\"elementor-element elementor-element-c02cef2 elementor-widget elementor-widget-image\" data-id=\"c02cef2\" data-element_type=\"widget\" data-widget_type=\"image.default\">\n\t\t\t\t<div class=\"elementor-widget-container\">\n\t\t\t\t\t\t\t\t\t\t\t\t\t\t\t<img fetchpriority=\"high\" decoding=\"async\" width=\"1920\" height=\"1800\" src=\"https:\/\/intoitalia.co\/wp-content\/uploads\/2023\/07\/3-5.jpg\" class=\"attachment-full size-full wp-image-1010\" alt=\"\" srcset=\"https:\/\/intoitalia.co\/wp-content\/uploads\/2023\/07\/3-5.jpg 1920w, https:\/\/intoitalia.co\/wp-content\/uploads\/2023\/07\/3-5-300x281.jpg 300w, https:\/\/intoitalia.co\/wp-content\/uploads\/2023\/07\/3-5-1024x960.jpg 1024w, https:\/\/intoitalia.co\/wp-content\/uploads\/2023\/07\/3-5-768x720.jpg 768w, https:\/\/intoitalia.co\/wp-content\/uploads\/2023\/07\/3-5-1536x1440.jpg 1536w\" sizes=\"(max-width: 1920px) 100vw, 1920px\" \/>\t\t\t\t\t\t\t\t\t\t\t\t\t\t\t<\/div>\n\t\t\t\t<\/div>\n\t\t\t\t\t<\/div>\n\t\t<\/div>\n\t\t\t\t\t<\/div>\n\t\t<\/section>\n\t\t\t\t<section class=\"elementor-section elementor-top-section elementor-element elementor-element-ca8ce7f elementor-section-full_width elementor-section-height-min-height elementor-section-height-default elementor-section-items-middle\" data-id=\"ca8ce7f\" data-element_type=\"section\" data-settings=\"{&quot;background_background&quot;:&quot;classic&quot;}\">\n\t\t\t\t\t\t<div class=\"elementor-container elementor-column-gap-default\">\n\t\t\t\t\t<div class=\"elementor-column elementor-col-100 elementor-top-column elementor-element elementor-element-adb24f5\" data-id=\"adb24f5\" data-element_type=\"column\">\n\t\t\t<div class=\"elementor-widget-wrap elementor-element-populated\">\n\t\t\t\t\t\t<div class=\"elementor-element elementor-element-98d99df elementor-widget elementor-widget-text-editor\" data-id=\"98d99df\" data-element_type=\"widget\" data-widget_type=\"text-editor.default\">\n\t\t\t\t<div class=\"elementor-widget-container\">\n\t\t\t\t\t\t\t\t\t<p>MATERIALIDAD Y NATURALEZA<\/p>\t\t\t\t\t\t\t\t<\/div>\n\t\t\t\t<\/div>\n\t\t\t\t<div class=\"elementor-element elementor-element-6497eca elementor-widget elementor-widget-text-editor\" data-id=\"6497eca\" data-element_type=\"widget\" data-widget_type=\"text-editor.default\">\n\t\t\t\t<div class=\"elementor-widget-container\">\n\t\t\t\t\t\t\t\t\t<p>La presencia de la vegetaci\u00f3n es una caracter\u00edstica destacada en interiores y exteriores. Hemos integrado elementos naturales en el dise\u00f1o, creando espacios verdes que se funden con el entorno. La vegetaci\u00f3n aporta frescura, vida y relajaci\u00f3n, contribuyendo a un ambiente de bienestar y tranquilidad en toda la caba\u00f1a.<\/p>\t\t\t\t\t\t\t\t<\/div>\n\t\t\t\t<\/div>\n\t\t\t\t\t<\/div>\n\t\t<\/div>\n\t\t\t\t\t<\/div>\n\t\t<\/section>\n\t\t\t\t<section class=\"elementor-section elementor-top-section elementor-element elementor-element-c562bbc elementor-section-full_width elementor-section-height-default elementor-section-height-default\" data-id=\"c562bbc\" data-element_type=\"section\">\n\t\t\t\t\t\t<div class=\"elementor-container elementor-column-gap-default\">\n\t\t\t\t\t<div class=\"elementor-column elementor-col-100 elementor-top-column elementor-element elementor-element-0f62d54\" data-id=\"0f62d54\" data-element_type=\"column\">\n\t\t\t<div class=\"elementor-widget-wrap elementor-element-populated\">\n\t\t\t\t\t\t<div class=\"elementor-element elementor-element-f17e027 elementor-widget elementor-widget-image\" data-id=\"f17e027\" data-element_type=\"widget\" data-widget_type=\"image.default\">\n\t\t\t\t<div class=\"elementor-widget-container\">\n\t\t\t\t\t\t\t\t\t\t\t\t\t\t\t<img decoding=\"async\" width=\"1920\" height=\"1600\" src=\"https:\/\/intoitalia.co\/wp-content\/uploads\/2023\/07\/5-4.jpg\" class=\"attachment-full size-full wp-image-1012\" alt=\"\" srcset=\"https:\/\/intoitalia.co\/wp-content\/uploads\/2023\/07\/5-4.jpg 1920w, https:\/\/intoitalia.co\/wp-content\/uploads\/2023\/07\/5-4-300x250.jpg 300w, https:\/\/intoitalia.co\/wp-content\/uploads\/2023\/07\/5-4-1024x853.jpg 1024w, https:\/\/intoitalia.co\/wp-content\/uploads\/2023\/07\/5-4-768x640.jpg 768w, https:\/\/intoitalia.co\/wp-content\/uploads\/2023\/07\/5-4-1536x1280.jpg 1536w\" sizes=\"(max-width: 1920px) 100vw, 1920px\" \/>\t\t\t\t\t\t\t\t\t\t\t\t\t\t\t<\/div>\n\t\t\t\t<\/div>\n\t\t\t\t\t<\/div>\n\t\t<\/div>\n\t\t\t\t\t<\/div>\n\t\t<\/section>\n\t\t\t\t<section class=\"elementor-section elementor-top-section elementor-element elementor-element-7061d06 elementor-section-full_width elementor-section-height-default elementor-section-height-default\" data-id=\"7061d06\" data-element_type=\"section\">\n\t\t\t\t\t\t<div class=\"elementor-container elementor-column-gap-default\">\n\t\t\t\t\t<div class=\"elementor-column elementor-col-100 elementor-top-column elementor-element elementor-element-928a997\" data-id=\"928a997\" data-element_type=\"column\" data-settings=\"{&quot;background_background&quot;:&quot;classic&quot;}\">\n\t\t\t<div class=\"elementor-widget-wrap elementor-element-populated\">\n\t\t\t\t\t\t<div class=\"elementor-element elementor-element-212ca2a elementor-hidden-mobile elementor-widget elementor-widget-text-editor\" data-id=\"212ca2a\" data-element_type=\"widget\" data-widget_type=\"text-editor.default\">\n\t\t\t\t<div class=\"elementor-widget-container\">\n\t\t\t\t\t\t\t\t\t<p>MATERIALIDAD Y NATURALEZA<\/p>\t\t\t\t\t\t\t\t<\/div>\n\t\t\t\t<\/div>\n\t\t\t\t<div class=\"elementor-element elementor-element-4e8ffdb elementor-hidden-mobile elementor-widget elementor-widget-text-editor\" data-id=\"4e8ffdb\" data-element_type=\"widget\" data-widget_type=\"text-editor.default\">\n\t\t\t\t<div class=\"elementor-widget-container\">\n\t\t\t\t\t\t\t\t\t<p>La presencia de la vegetaci\u00f3n es una caracter\u00edstica destacada en interiores y exteriores. Hemos integrado elementos naturales en el dise\u00f1o, creando espacios verdes que se funden con el entorno. La vegetaci\u00f3n aporta frescura, vida y relajaci\u00f3n, contribuyendo a un ambiente de bienestar y tranquilidad en toda la caba\u00f1a.<\/p>\t\t\t\t\t\t\t\t<\/div>\n\t\t\t\t<\/div>\n\t\t\t\t\t<\/div>\n\t\t<\/div>\n\t\t\t\t\t<\/div>\n\t\t<\/section>\n\t\t\t\t<section class=\"elementor-section elementor-top-section elementor-element elementor-element-8dce13a elementor-section-full_width elementor-section-height-min-height elementor-section-height-default elementor-section-items-middle\" data-id=\"8dce13a\" data-element_type=\"section\" data-settings=\"{&quot;background_background&quot;:&quot;classic&quot;}\">\n\t\t\t\t\t\t<div class=\"elementor-container elementor-column-gap-default\">\n\t\t\t\t\t<div class=\"elementor-column elementor-col-100 elementor-top-column elementor-element elementor-element-e7a64e2\" data-id=\"e7a64e2\" data-element_type=\"column\">\n\t\t\t<div class=\"elementor-widget-wrap elementor-element-populated\">\n\t\t\t\t\t\t<div class=\"elementor-element elementor-element-51bc2c7 elementor-widget elementor-widget-text-editor\" data-id=\"51bc2c7\" data-element_type=\"widget\" data-widget_type=\"text-editor.default\">\n\t\t\t\t<div class=\"elementor-widget-container\">\n\t\t\t\t\t\t\t\t\t<p>material protagonista<\/p>\t\t\t\t\t\t\t\t<\/div>\n\t\t\t\t<\/div>\n\t\t\t\t<div class=\"elementor-element elementor-element-ac8c303 elementor-widget elementor-widget-text-editor\" data-id=\"ac8c303\" data-element_type=\"widget\" data-widget_type=\"text-editor.default\">\n\t\t\t\t<div class=\"elementor-widget-container\">\n\t\t\t\t\t\t\t\t\t<p>Nuestra atenci\u00f3n al detalle y el uso de materiales de alta calidad se reflejan en cada rinc\u00f3n de esta caba\u00f1a mansi\u00f3n. La madera, con sus tonos c\u00e1lidos, se convierte en el protagonista en las texturas interiores, creando una sensaci\u00f3n de calidez y conexi\u00f3n con la naturaleza. Los colores claros derivados del marr\u00f3n se combinan armoniosamente para realzar la luminosidad y la sensaci\u00f3n de amplitud de los espacios<\/p>\t\t\t\t\t\t\t\t<\/div>\n\t\t\t\t<\/div>\n\t\t\t\t\t<\/div>\n\t\t<\/div>\n\t\t\t\t\t<\/div>\n\t\t<\/section>\n\t\t\t\t<\/div>\n\t\t","protected":false},"excerpt":{"rendered":"<p>CASA DEL LAGO Ubicada estrat\u00e9gicamente al frente de un hermoso lago. Cada espacio ha sido cuidadosamente dise\u00f1ado para capturar la serenidad y la belleza del entorno natural circundante. La entrada de luz natural es una prioridad en nuestro dise\u00f1o, por lo que todas las zonas de circulaci\u00f3n en cada planta del predio est\u00e1n inundadas de [&hellip;]<\/p>\n","protected":false},"author":1,"featured_media":0,"parent":15,"menu_order":0,"comment_status":"closed","ping_status":"closed","template":"","meta":{"footnotes":""},"class_list":["post-1007","page","type-page","status-publish","hentry"],"aioseo_notices":[],"_links":{"self":[{"href":"https:\/\/intoitalia.co\/es\/wp-json\/wp\/v2\/pages\/1007","targetHints":{"allow":["GET"]}}],"collection":[{"href":"https:\/\/intoitalia.co\/es\/wp-json\/wp\/v2\/pages"}],"about":[{"href":"https:\/\/intoitalia.co\/es\/wp-json\/wp\/v2\/types\/page"}],"author":[{"embeddable":true,"href":"https:\/\/intoitalia.co\/es\/wp-json\/wp\/v2\/users\/1"}],"replies":[{"embeddable":true,"href":"https:\/\/intoitalia.co\/es\/wp-json\/wp\/v2\/comments?post=1007"}],"version-history":[{"count":34,"href":"https:\/\/intoitalia.co\/es\/wp-json\/wp\/v2\/pages\/1007\/revisions"}],"predecessor-version":[{"id":2028,"href":"https:\/\/intoitalia.co\/es\/wp-json\/wp\/v2\/pages\/1007\/revisions\/2028"}],"up":[{"embeddable":true,"href":"https:\/\/intoitalia.co\/es\/wp-json\/wp\/v2\/pages\/15"}],"wp:attachment":[{"href":"https:\/\/intoitalia.co\/es\/wp-json\/wp\/v2\/media?parent=1007"}],"curies":[{"name":"wp","href":"https:\/\/api.w.org\/{rel}","templated":true}]}}