{"id":1055,"date":"2023-07-13T21:13:17","date_gmt":"2023-07-13T21:13:17","guid":{"rendered":"https:\/\/intoitalia.co\/?page_id=1055"},"modified":"2023-08-01T17:36:20","modified_gmt":"2023-08-01T22:36:20","slug":"hotel-selvario","status":"publish","type":"page","link":"https:\/\/intoitalia.co\/es\/proyectos_\/hotel-selvario\/","title":{"rendered":"Hotel Selvario"},"content":{"rendered":"\t\t<div data-elementor-type=\"wp-page\" data-elementor-id=\"1055\" class=\"elementor elementor-1055\" data-elementor-post-type=\"page\">\n\t\t\t\t\t\t<section class=\"elementor-section elementor-top-section elementor-element elementor-element-f0fa7ef elementor-section-full_width elementor-section-height-default elementor-section-height-default\" data-id=\"f0fa7ef\" data-element_type=\"section\" data-settings=\"{&quot;animation_tablet&quot;:&quot;slideInUp&quot;}\">\n\t\t\t\t\t\t<div class=\"elementor-container elementor-column-gap-default\">\n\t\t\t\t\t<div class=\"elementor-column elementor-col-100 elementor-top-column elementor-element elementor-element-70f70ed\" data-id=\"70f70ed\" data-element_type=\"column\">\n\t\t\t<div class=\"elementor-widget-wrap elementor-element-populated\">\n\t\t\t\t\t\t<div class=\"elementor-element elementor-element-5af2c7b elementor-widget elementor-widget-image\" data-id=\"5af2c7b\" data-element_type=\"widget\" data-widget_type=\"image.default\">\n\t\t\t\t<div class=\"elementor-widget-container\">\n\t\t\t\t\t\t\t\t\t\t\t\t\t\t\t\t<a href=\"http:\/\/intoitalia.co\/wp-content\/uploads\/2023\/07\/1-6.jpg\" data-elementor-open-lightbox=\"yes\" data-e-action-hash=\"#elementor-action%3Aaction%3Dlightbox%26settings%3DeyJpZCI6MTA1NywidXJsIjoiaHR0cHM6XC9cL2ludG9pdGFsaWEuY29cL3dwLWNvbnRlbnRcL3VwbG9hZHNcLzIwMjNcLzA3XC8xLTYuanBnIn0%3D\">\n\t\t\t\t\t\t\t<img fetchpriority=\"high\" decoding=\"async\" width=\"1920\" height=\"1080\" src=\"https:\/\/intoitalia.co\/wp-content\/uploads\/2023\/07\/1-6.jpg\" class=\"attachment-full size-full wp-image-1057\" alt=\"\" srcset=\"https:\/\/intoitalia.co\/wp-content\/uploads\/2023\/07\/1-6.jpg 1920w, https:\/\/intoitalia.co\/wp-content\/uploads\/2023\/07\/1-6-300x169.jpg 300w, https:\/\/intoitalia.co\/wp-content\/uploads\/2023\/07\/1-6-1024x576.jpg 1024w, https:\/\/intoitalia.co\/wp-content\/uploads\/2023\/07\/1-6-768x432.jpg 768w, https:\/\/intoitalia.co\/wp-content\/uploads\/2023\/07\/1-6-1536x864.jpg 1536w\" sizes=\"(max-width: 1920px) 100vw, 1920px\" \/>\t\t\t\t\t\t\t\t<\/a>\n\t\t\t\t\t\t\t\t\t\t\t\t\t\t\t<\/div>\n\t\t\t\t<\/div>\n\t\t\t\t\t<\/div>\n\t\t<\/div>\n\t\t\t\t\t<\/div>\n\t\t<\/section>\n\t\t\t\t<section class=\"elementor-section elementor-top-section elementor-element elementor-element-9a739b5 elementor-section-boxed elementor-section-height-default elementor-section-height-default\" data-id=\"9a739b5\" data-element_type=\"section\">\n\t\t\t\t\t\t<div class=\"elementor-container elementor-column-gap-default\">\n\t\t\t\t\t<div class=\"elementor-column elementor-col-100 elementor-top-column elementor-element elementor-element-8549cdf\" data-id=\"8549cdf\" data-element_type=\"column\">\n\t\t\t<div class=\"elementor-widget-wrap elementor-element-populated\">\n\t\t\t\t\t\t<div class=\"elementor-element elementor-element-e8725de elementor-widget elementor-widget-text-editor\" data-id=\"e8725de\" data-element_type=\"widget\" data-widget_type=\"text-editor.default\">\n\t\t\t\t<div class=\"elementor-widget-container\">\n\t\t\t\t\t\t\t\t\t<p>HOTEL SELVARIO<\/p>\t\t\t\t\t\t\t\t<\/div>\n\t\t\t\t<\/div>\n\t\t\t\t<div class=\"elementor-element elementor-element-75abae3 elementor-widget elementor-widget-text-editor\" data-id=\"75abae3\" data-element_type=\"widget\" data-widget_type=\"text-editor.default\">\n\t\t\t\t<div class=\"elementor-widget-container\">\n\t\t\t\t\t\t\t\t\t<p>MEDELL\u00cdN<br \/>2022<\/p>\t\t\t\t\t\t\t\t<\/div>\n\t\t\t\t<\/div>\n\t\t\t\t\t<\/div>\n\t\t<\/div>\n\t\t\t\t\t<\/div>\n\t\t<\/section>\n\t\t\t\t<section class=\"elementor-section elementor-top-section elementor-element elementor-element-6735040 elementor-section-full_width elementor-section-height-default elementor-section-height-default\" data-id=\"6735040\" data-element_type=\"section\" data-settings=\"{&quot;animation_tablet&quot;:&quot;slideInUp&quot;}\">\n\t\t\t\t\t\t<div class=\"elementor-container elementor-column-gap-default\">\n\t\t\t\t\t<div class=\"elementor-column elementor-col-100 elementor-top-column elementor-element elementor-element-130528c\" data-id=\"130528c\" data-element_type=\"column\">\n\t\t\t<div class=\"elementor-widget-wrap elementor-element-populated\">\n\t\t\t\t\t\t<div class=\"elementor-element elementor-element-76a7080 elementor-widget elementor-widget-image\" data-id=\"76a7080\" data-element_type=\"widget\" data-widget_type=\"image.default\">\n\t\t\t\t<div class=\"elementor-widget-container\">\n\t\t\t\t\t\t\t\t\t\t\t\t\t\t\t\t<a href=\"http:\/\/intoitalia.co\/wp-content\/uploads\/2023\/07\/2-5.jpg\" data-elementor-open-lightbox=\"yes\" data-e-action-hash=\"#elementor-action%3Aaction%3Dlightbox%26settings%3DeyJpZCI6MTA1OCwidXJsIjoiaHR0cHM6XC9cL2ludG9pdGFsaWEuY29cL3dwLWNvbnRlbnRcL3VwbG9hZHNcLzIwMjNcLzA3XC8yLTUuanBnIn0%3D\">\n\t\t\t\t\t\t\t<img decoding=\"async\" width=\"1920\" height=\"1200\" src=\"https:\/\/intoitalia.co\/wp-content\/uploads\/2023\/07\/2-5.jpg\" class=\"attachment-full size-full wp-image-1058\" alt=\"\" srcset=\"https:\/\/intoitalia.co\/wp-content\/uploads\/2023\/07\/2-5.jpg 1920w, https:\/\/intoitalia.co\/wp-content\/uploads\/2023\/07\/2-5-300x188.jpg 300w, https:\/\/intoitalia.co\/wp-content\/uploads\/2023\/07\/2-5-1024x640.jpg 1024w, https:\/\/intoitalia.co\/wp-content\/uploads\/2023\/07\/2-5-768x480.jpg 768w, https:\/\/intoitalia.co\/wp-content\/uploads\/2023\/07\/2-5-1536x960.jpg 1536w\" sizes=\"(max-width: 1920px) 100vw, 1920px\" \/>\t\t\t\t\t\t\t\t<\/a>\n\t\t\t\t\t\t\t\t\t\t\t\t\t\t\t<\/div>\n\t\t\t\t<\/div>\n\t\t\t\t\t<\/div>\n\t\t<\/div>\n\t\t\t\t\t<\/div>\n\t\t<\/section>\n\t\t\t\t<section class=\"elementor-section elementor-top-section elementor-element elementor-element-2bb638a elementor-section-full_width elementor-section-height-default elementor-section-height-default\" data-id=\"2bb638a\" data-element_type=\"section\" data-settings=\"{&quot;animation_tablet&quot;:&quot;slideInUp&quot;}\">\n\t\t\t\t\t\t<div class=\"elementor-container elementor-column-gap-default\">\n\t\t\t\t\t<div class=\"elementor-column elementor-col-100 elementor-top-column elementor-element elementor-element-67ee9ab\" data-id=\"67ee9ab\" data-element_type=\"column\">\n\t\t\t<div class=\"elementor-widget-wrap elementor-element-populated\">\n\t\t\t\t\t\t<div class=\"elementor-element elementor-element-9a1d7ba elementor-widget elementor-widget-image\" data-id=\"9a1d7ba\" data-element_type=\"widget\" data-widget_type=\"image.default\">\n\t\t\t\t<div class=\"elementor-widget-container\">\n\t\t\t\t\t\t\t\t\t\t\t\t\t\t\t\t<a href=\"http:\/\/intoitalia.co\/wp-content\/uploads\/2023\/07\/3-7.jpg\" data-elementor-open-lightbox=\"yes\" data-e-action-hash=\"#elementor-action%3Aaction%3Dlightbox%26settings%3DeyJpZCI6MTA1OSwidXJsIjoiaHR0cHM6XC9cL2ludG9pdGFsaWEuY29cL3dwLWNvbnRlbnRcL3VwbG9hZHNcLzIwMjNcLzA3XC8zLTcuanBnIn0%3D\">\n\t\t\t\t\t\t\t<img decoding=\"async\" width=\"1200\" height=\"1920\" src=\"https:\/\/intoitalia.co\/wp-content\/uploads\/2023\/07\/3-7.jpg\" class=\"attachment-full size-full wp-image-1059\" alt=\"\" srcset=\"https:\/\/intoitalia.co\/wp-content\/uploads\/2023\/07\/3-7.jpg 1200w, https:\/\/intoitalia.co\/wp-content\/uploads\/2023\/07\/3-7-188x300.jpg 188w, https:\/\/intoitalia.co\/wp-content\/uploads\/2023\/07\/3-7-640x1024.jpg 640w, https:\/\/intoitalia.co\/wp-content\/uploads\/2023\/07\/3-7-768x1229.jpg 768w, https:\/\/intoitalia.co\/wp-content\/uploads\/2023\/07\/3-7-960x1536.jpg 960w\" sizes=\"(max-width: 1200px) 100vw, 1200px\" \/>\t\t\t\t\t\t\t\t<\/a>\n\t\t\t\t\t\t\t\t\t\t\t\t\t\t\t<\/div>\n\t\t\t\t<\/div>\n\t\t\t\t\t<\/div>\n\t\t<\/div>\n\t\t\t\t\t<\/div>\n\t\t<\/section>\n\t\t\t\t<section class=\"elementor-section elementor-top-section elementor-element elementor-element-b2156ef elementor-section-full_width elementor-section-height-default elementor-section-height-default\" data-id=\"b2156ef\" data-element_type=\"section\" data-settings=\"{&quot;animation_tablet&quot;:&quot;slideInUp&quot;}\">\n\t\t\t\t\t\t<div class=\"elementor-container elementor-column-gap-default\">\n\t\t\t\t\t<div class=\"elementor-column elementor-col-100 elementor-top-column elementor-element elementor-element-ad9146a\" data-id=\"ad9146a\" data-element_type=\"column\">\n\t\t\t<div class=\"elementor-widget-wrap elementor-element-populated\">\n\t\t\t\t\t\t<div class=\"elementor-element elementor-element-83463d3 elementor-widget elementor-widget-image\" data-id=\"83463d3\" data-element_type=\"widget\" data-widget_type=\"image.default\">\n\t\t\t\t<div class=\"elementor-widget-container\">\n\t\t\t\t\t\t\t\t\t\t\t\t\t\t\t\t<a href=\"http:\/\/intoitalia.co\/wp-content\/uploads\/2023\/07\/5-6.jpg\" data-elementor-open-lightbox=\"yes\" data-e-action-hash=\"#elementor-action%3Aaction%3Dlightbox%26settings%3DeyJpZCI6MTA2MCwidXJsIjoiaHR0cHM6XC9cL2ludG9pdGFsaWEuY29cL3dwLWNvbnRlbnRcL3VwbG9hZHNcLzIwMjNcLzA3XC81LTYuanBnIn0%3D\">\n\t\t\t\t\t\t\t<img loading=\"lazy\" decoding=\"async\" width=\"1920\" height=\"1080\" src=\"https:\/\/intoitalia.co\/wp-content\/uploads\/2023\/07\/5-6.jpg\" class=\"attachment-full size-full wp-image-1060\" alt=\"\" srcset=\"https:\/\/intoitalia.co\/wp-content\/uploads\/2023\/07\/5-6.jpg 1920w, https:\/\/intoitalia.co\/wp-content\/uploads\/2023\/07\/5-6-300x169.jpg 300w, https:\/\/intoitalia.co\/wp-content\/uploads\/2023\/07\/5-6-1024x576.jpg 1024w, https:\/\/intoitalia.co\/wp-content\/uploads\/2023\/07\/5-6-768x432.jpg 768w, https:\/\/intoitalia.co\/wp-content\/uploads\/2023\/07\/5-6-1536x864.jpg 1536w\" sizes=\"(max-width: 1920px) 100vw, 1920px\" \/>\t\t\t\t\t\t\t\t<\/a>\n\t\t\t\t\t\t\t\t\t\t\t\t\t\t\t<\/div>\n\t\t\t\t<\/div>\n\t\t\t\t\t<\/div>\n\t\t<\/div>\n\t\t\t\t\t<\/div>\n\t\t<\/section>\n\t\t\t\t<section class=\"elementor-section elementor-top-section elementor-element elementor-element-f0eb87c elementor-section-full_width elementor-section-height-default elementor-section-height-default\" data-id=\"f0eb87c\" data-element_type=\"section\" data-settings=\"{&quot;animation_tablet&quot;:&quot;slideInUp&quot;}\">\n\t\t\t\t\t\t<div class=\"elementor-container elementor-column-gap-default\">\n\t\t\t\t\t<div class=\"elementor-column elementor-col-100 elementor-top-column elementor-element elementor-element-3fe72db\" data-id=\"3fe72db\" data-element_type=\"column\">\n\t\t\t<div class=\"elementor-widget-wrap elementor-element-populated\">\n\t\t\t\t\t\t<div class=\"elementor-element elementor-element-5be1692 elementor-widget elementor-widget-image\" data-id=\"5be1692\" data-element_type=\"widget\" data-widget_type=\"image.default\">\n\t\t\t\t<div class=\"elementor-widget-container\">\n\t\t\t\t\t\t\t\t\t\t\t\t\t\t\t\t<a href=\"http:\/\/intoitalia.co\/wp-content\/uploads\/2023\/07\/4-6.jpg\" data-elementor-open-lightbox=\"yes\" data-e-action-hash=\"#elementor-action%3Aaction%3Dlightbox%26settings%3DeyJpZCI6MTA2MSwidXJsIjoiaHR0cHM6XC9cL2ludG9pdGFsaWEuY29cL3dwLWNvbnRlbnRcL3VwbG9hZHNcLzIwMjNcLzA3XC80LTYuanBnIn0%3D\">\n\t\t\t\t\t\t\t<img loading=\"lazy\" decoding=\"async\" width=\"1200\" height=\"1920\" src=\"https:\/\/intoitalia.co\/wp-content\/uploads\/2023\/07\/4-6.jpg\" class=\"attachment-full size-full wp-image-1061\" alt=\"\" srcset=\"https:\/\/intoitalia.co\/wp-content\/uploads\/2023\/07\/4-6.jpg 1200w, https:\/\/intoitalia.co\/wp-content\/uploads\/2023\/07\/4-6-188x300.jpg 188w, https:\/\/intoitalia.co\/wp-content\/uploads\/2023\/07\/4-6-640x1024.jpg 640w, https:\/\/intoitalia.co\/wp-content\/uploads\/2023\/07\/4-6-768x1229.jpg 768w, https:\/\/intoitalia.co\/wp-content\/uploads\/2023\/07\/4-6-960x1536.jpg 960w\" sizes=\"(max-width: 1200px) 100vw, 1200px\" \/>\t\t\t\t\t\t\t\t<\/a>\n\t\t\t\t\t\t\t\t\t\t\t\t\t\t\t<\/div>\n\t\t\t\t<\/div>\n\t\t\t\t\t<\/div>\n\t\t<\/div>\n\t\t\t\t\t<\/div>\n\t\t<\/section>\n\t\t\t\t<section class=\"elementor-section elementor-top-section elementor-element elementor-element-80f31e8 elementor-section-full_width elementor-section-height-default elementor-section-height-default\" data-id=\"80f31e8\" data-element_type=\"section\" data-settings=\"{&quot;animation_tablet&quot;:&quot;slideInUp&quot;}\">\n\t\t\t\t\t\t<div class=\"elementor-container elementor-column-gap-default\">\n\t\t\t\t\t<div class=\"elementor-column elementor-col-100 elementor-top-column elementor-element elementor-element-e86703e\" data-id=\"e86703e\" data-element_type=\"column\">\n\t\t\t<div class=\"elementor-widget-wrap elementor-element-populated\">\n\t\t\t\t\t\t<div class=\"elementor-element elementor-element-9affcbe elementor-widget elementor-widget-image\" data-id=\"9affcbe\" data-element_type=\"widget\" data-widget_type=\"image.default\">\n\t\t\t\t<div class=\"elementor-widget-container\">\n\t\t\t\t\t\t\t\t\t\t\t\t\t\t\t\t<a href=\"http:\/\/intoitalia.co\/wp-content\/uploads\/2023\/07\/6-6.jpg\" data-elementor-open-lightbox=\"yes\" data-e-action-hash=\"#elementor-action%3Aaction%3Dlightbox%26settings%3DeyJpZCI6MTA2MiwidXJsIjoiaHR0cHM6XC9cL2ludG9pdGFsaWEuY29cL3dwLWNvbnRlbnRcL3VwbG9hZHNcLzIwMjNcLzA3XC82LTYuanBnIn0%3D\">\n\t\t\t\t\t\t\t<img loading=\"lazy\" decoding=\"async\" width=\"1200\" height=\"1920\" src=\"https:\/\/intoitalia.co\/wp-content\/uploads\/2023\/07\/6-6.jpg\" class=\"attachment-full size-full wp-image-1062\" alt=\"\" srcset=\"https:\/\/intoitalia.co\/wp-content\/uploads\/2023\/07\/6-6.jpg 1200w, https:\/\/intoitalia.co\/wp-content\/uploads\/2023\/07\/6-6-188x300.jpg 188w, https:\/\/intoitalia.co\/wp-content\/uploads\/2023\/07\/6-6-640x1024.jpg 640w, https:\/\/intoitalia.co\/wp-content\/uploads\/2023\/07\/6-6-768x1229.jpg 768w, https:\/\/intoitalia.co\/wp-content\/uploads\/2023\/07\/6-6-960x1536.jpg 960w\" sizes=\"(max-width: 1200px) 100vw, 1200px\" \/>\t\t\t\t\t\t\t\t<\/a>\n\t\t\t\t\t\t\t\t\t\t\t\t\t\t\t<\/div>\n\t\t\t\t<\/div>\n\t\t\t\t<div class=\"elementor-element elementor-element-9434216 elementor-widget elementor-widget-text-editor\" data-id=\"9434216\" data-element_type=\"widget\" data-widget_type=\"text-editor.default\">\n\t\t\t\t<div class=\"elementor-widget-container\">\n\t\t\t\t\t\t\t\t\t<p>Hotel Selvario ofrece el equilibrio perfecto entre el lujo de un hotel de ciudad y la naturaleza salvaje de una selva, creando una experiencia \u00fanica e inolvidable para sus hu\u00e9spedes.<\/p>\t\t\t\t\t\t\t\t<\/div>\n\t\t\t\t<\/div>\n\t\t\t\t\t<\/div>\n\t\t<\/div>\n\t\t\t\t\t<\/div>\n\t\t<\/section>\n\t\t\t\t<section class=\"elementor-section elementor-top-section elementor-element elementor-element-d7b92f0 elementor-section-full_width elementor-section-height-min-height elementor-section-height-default elementor-section-items-middle\" data-id=\"d7b92f0\" data-element_type=\"section\" data-settings=\"{&quot;background_background&quot;:&quot;classic&quot;,&quot;animation_tablet&quot;:&quot;fadeInUp&quot;}\">\n\t\t\t\t\t\t<div class=\"elementor-container elementor-column-gap-default\">\n\t\t\t\t\t<div class=\"elementor-column elementor-col-100 elementor-top-column elementor-element elementor-element-ff75244\" data-id=\"ff75244\" data-element_type=\"column\">\n\t\t\t<div class=\"elementor-widget-wrap elementor-element-populated\">\n\t\t\t\t\t\t<div class=\"elementor-element elementor-element-60bc609 elementor-widget elementor-widget-text-editor\" data-id=\"60bc609\" data-element_type=\"widget\" data-widget_type=\"text-editor.default\">\n\t\t\t\t<div class=\"elementor-widget-container\">\n\t\t\t\t\t\t\t\t\t<p>material protagonista<\/p>\t\t\t\t\t\t\t\t<\/div>\n\t\t\t\t<\/div>\n\t\t\t\t\t<\/div>\n\t\t<\/div>\n\t\t\t\t\t<\/div>\n\t\t<\/section>\n\t\t\t\t<section class=\"elementor-section elementor-top-section elementor-element elementor-element-5fdc79c elementor-section-full_width elementor-section-height-default elementor-section-height-default\" data-id=\"5fdc79c\" data-element_type=\"section\" data-settings=\"{&quot;animation_tablet&quot;:&quot;fadeInUp&quot;}\">\n\t\t\t\t\t\t<div class=\"elementor-container elementor-column-gap-default\">\n\t\t\t\t\t<div class=\"elementor-column elementor-col-100 elementor-top-column elementor-element elementor-element-78561ec\" data-id=\"78561ec\" data-element_type=\"column\">\n\t\t\t<div class=\"elementor-widget-wrap elementor-element-populated\">\n\t\t\t\t\t\t<div class=\"elementor-element elementor-element-785390b elementor-widget elementor-widget-image\" data-id=\"785390b\" data-element_type=\"widget\" data-widget_type=\"image.default\">\n\t\t\t\t<div class=\"elementor-widget-container\">\n\t\t\t\t\t\t\t\t\t\t\t\t\t\t\t\t<a href=\"http:\/\/intoitalia.co\/wp-content\/uploads\/2023\/07\/7-3.jpg\" data-elementor-open-lightbox=\"yes\" data-e-action-hash=\"#elementor-action%3Aaction%3Dlightbox%26settings%3DeyJpZCI6MTA2NCwidXJsIjoiaHR0cHM6XC9cL2ludG9pdGFsaWEuY29cL3dwLWNvbnRlbnRcL3VwbG9hZHNcLzIwMjNcLzA3XC83LTMuanBnIn0%3D\">\n\t\t\t\t\t\t\t<img loading=\"lazy\" decoding=\"async\" width=\"1200\" height=\"1920\" src=\"https:\/\/intoitalia.co\/wp-content\/uploads\/2023\/07\/7-3.jpg\" class=\"attachment-full size-full wp-image-1064\" alt=\"\" srcset=\"https:\/\/intoitalia.co\/wp-content\/uploads\/2023\/07\/7-3.jpg 1200w, https:\/\/intoitalia.co\/wp-content\/uploads\/2023\/07\/7-3-188x300.jpg 188w, https:\/\/intoitalia.co\/wp-content\/uploads\/2023\/07\/7-3-640x1024.jpg 640w, https:\/\/intoitalia.co\/wp-content\/uploads\/2023\/07\/7-3-768x1229.jpg 768w, https:\/\/intoitalia.co\/wp-content\/uploads\/2023\/07\/7-3-960x1536.jpg 960w\" sizes=\"(max-width: 1200px) 100vw, 1200px\" \/>\t\t\t\t\t\t\t\t<\/a>\n\t\t\t\t\t\t\t\t\t\t\t\t\t\t\t<\/div>\n\t\t\t\t<\/div>\n\t\t\t\t\t<\/div>\n\t\t<\/div>\n\t\t\t\t\t<\/div>\n\t\t<\/section>\n\t\t\t\t<section class=\"elementor-section elementor-top-section elementor-element elementor-element-1c07e54 elementor-section-full_width elementor-section-height-default elementor-section-height-default\" data-id=\"1c07e54\" data-element_type=\"section\" data-settings=\"{&quot;animation_tablet&quot;:&quot;fadeInUp&quot;}\">\n\t\t\t\t\t\t<div class=\"elementor-container elementor-column-gap-default\">\n\t\t\t\t\t<div class=\"elementor-column elementor-col-100 elementor-top-column elementor-element elementor-element-0abdc3a\" data-id=\"0abdc3a\" data-element_type=\"column\" data-settings=\"{&quot;background_background&quot;:&quot;classic&quot;}\">\n\t\t\t<div class=\"elementor-widget-wrap elementor-element-populated\">\n\t\t\t\t\t\t<div class=\"elementor-element elementor-element-36eb25b elementor-widget elementor-widget-text-editor\" data-id=\"36eb25b\" data-element_type=\"widget\" data-widget_type=\"text-editor.default\">\n\t\t\t\t<div class=\"elementor-widget-container\">\n\t\t\t\t\t\t\t\t\t<p>SELVARIO<\/p>\t\t\t\t\t\t\t\t<\/div>\n\t\t\t\t<\/div>\n\t\t\t\t\t<\/div>\n\t\t<\/div>\n\t\t\t\t\t<\/div>\n\t\t<\/section>\n\t\t\t\t<section class=\"elementor-section elementor-top-section elementor-element elementor-element-2d4d79e elementor-section-full_width elementor-section-height-min-height elementor-section-height-default elementor-section-items-middle\" data-id=\"2d4d79e\" data-element_type=\"section\" data-settings=\"{&quot;background_background&quot;:&quot;classic&quot;,&quot;animation_tablet&quot;:&quot;fadeInUp&quot;}\">\n\t\t\t\t\t\t<div class=\"elementor-container elementor-column-gap-default\">\n\t\t\t\t\t<div class=\"elementor-column elementor-col-100 elementor-top-column elementor-element elementor-element-62b46cb\" data-id=\"62b46cb\" data-element_type=\"column\">\n\t\t\t<div class=\"elementor-widget-wrap elementor-element-populated\">\n\t\t\t\t\t\t<div class=\"elementor-element elementor-element-7b921c6 elementor-widget elementor-widget-text-editor\" data-id=\"7b921c6\" data-element_type=\"widget\" data-widget_type=\"text-editor.default\">\n\t\t\t\t<div class=\"elementor-widget-container\">\n\t\t\t\t\t\t\t\t\t<p>selva<\/p>\t\t\t\t\t\t\t\t<\/div>\n\t\t\t\t<\/div>\n\t\t\t\t<div class=\"elementor-element elementor-element-25078c7 elementor-widget elementor-widget-text-editor\" data-id=\"25078c7\" data-element_type=\"widget\" data-widget_type=\"text-editor.default\">\n\t\t\t\t<div class=\"elementor-widget-container\">\n\t\t\t\t\t\t\t\t\t<p style=\"text-align: left;\">Ofrece una experiencia \u00fanica que combina el lujo de un hotel de ciudad con la naturaleza salvaje de una selva. Desde el momento en que ingresa al hotel, est\u00e1 rodeado de exuberante vegetaci\u00f3n y elementos naturales.<\/p>\t\t\t\t\t\t\t\t<\/div>\n\t\t\t\t<\/div>\n\t\t\t\t\t<\/div>\n\t\t<\/div>\n\t\t\t\t\t<\/div>\n\t\t<\/section>\n\t\t\t\t<\/div>\n\t\t","protected":false},"excerpt":{"rendered":"<p>HOTEL SELVARIO MEDELL\u00cdN2022 Hotel Selvario ofrece el equilibrio perfecto entre el lujo de un hotel de ciudad y la naturaleza salvaje de una selva, creando una experiencia \u00fanica e inolvidable para sus hu\u00e9spedes. material protagonista SELVARIO selva Ofrece una experiencia \u00fanica que combina el lujo de un hotel de ciudad con la naturaleza salvaje de [&hellip;]<\/p>\n","protected":false},"author":1,"featured_media":0,"parent":15,"menu_order":0,"comment_status":"closed","ping_status":"closed","template":"","meta":{"footnotes":""},"class_list":["post-1055","page","type-page","status-publish","hentry"],"aioseo_notices":[],"_links":{"self":[{"href":"https:\/\/intoitalia.co\/es\/wp-json\/wp\/v2\/pages\/1055","targetHints":{"allow":["GET"]}}],"collection":[{"href":"https:\/\/intoitalia.co\/es\/wp-json\/wp\/v2\/pages"}],"about":[{"href":"https:\/\/intoitalia.co\/es\/wp-json\/wp\/v2\/types\/page"}],"author":[{"embeddable":true,"href":"https:\/\/intoitalia.co\/es\/wp-json\/wp\/v2\/users\/1"}],"replies":[{"embeddable":true,"href":"https:\/\/intoitalia.co\/es\/wp-json\/wp\/v2\/comments?post=1055"}],"version-history":[{"count":25,"href":"https:\/\/intoitalia.co\/es\/wp-json\/wp\/v2\/pages\/1055\/revisions"}],"predecessor-version":[{"id":1958,"href":"https:\/\/intoitalia.co\/es\/wp-json\/wp\/v2\/pages\/1055\/revisions\/1958"}],"up":[{"embeddable":true,"href":"https:\/\/intoitalia.co\/es\/wp-json\/wp\/v2\/pages\/15"}],"wp:attachment":[{"href":"https:\/\/intoitalia.co\/es\/wp-json\/wp\/v2\/media?parent=1055"}],"curies":[{"name":"wp","href":"https:\/\/api.w.org\/{rel}","templated":true}]}}