{"id":19,"date":"2023-06-28T16:42:54","date_gmt":"2023-06-28T16:42:54","guid":{"rendered":"https:\/\/intoitalia.co\/?page_id=19"},"modified":"2023-08-02T08:29:12","modified_gmt":"2023-08-02T13:29:12","slug":"contacto","status":"publish","type":"page","link":"https:\/\/intoitalia.co\/es\/contacto\/","title":{"rendered":"Contacto"},"content":{"rendered":"\t\t<div data-elementor-type=\"wp-page\" data-elementor-id=\"19\" class=\"elementor elementor-19\" data-elementor-post-type=\"page\">\n\t\t\t\t\t\t<section class=\"elementor-section elementor-top-section elementor-element elementor-element-6e16955 elementor-section-height-min-height elementor-section-boxed elementor-section-height-default elementor-section-items-middle\" data-id=\"6e16955\" data-element_type=\"section\" data-settings=\"{&quot;background_background&quot;:&quot;classic&quot;}\">\n\t\t\t\t\t\t<div class=\"elementor-container elementor-column-gap-default\">\n\t\t\t\t\t<div class=\"elementor-column elementor-col-100 elementor-top-column elementor-element elementor-element-5dd7a81\" data-id=\"5dd7a81\" data-element_type=\"column\">\n\t\t\t<div class=\"elementor-widget-wrap elementor-element-populated\">\n\t\t\t\t\t\t<div class=\"elementor-element elementor-element-2fc11e1 elementor-widget elementor-widget-text-editor\" data-id=\"2fc11e1\" data-element_type=\"widget\" data-widget_type=\"text-editor.default\">\n\t\t\t\t<div class=\"elementor-widget-container\">\n\t\t\t\t\t\t\t\t\t<p>CONT\u00c1CTANOS<\/p>\t\t\t\t\t\t\t\t<\/div>\n\t\t\t\t<\/div>\n\t\t\t\t<div class=\"elementor-element elementor-element-ea077c0 elementor-widget elementor-widget-text-editor\" data-id=\"ea077c0\" data-element_type=\"widget\" data-widget_type=\"text-editor.default\">\n\t\t\t\t<div class=\"elementor-widget-container\">\n\t\t\t\t\t\t\t\t\t<p>Si te encuentras interesado en nuestros servicios de arquitectura o dise\u00f1o interior, puedes comunicarte con nuestro equipo comercial dispuesto a darte el mejor servicio.<\/p>\t\t\t\t\t\t\t\t<\/div>\n\t\t\t\t<\/div>\n\t\t\t\t\t<\/div>\n\t\t<\/div>\n\t\t\t\t\t<\/div>\n\t\t<\/section>\n\t\t\t\t<section class=\"elementor-section elementor-top-section elementor-element elementor-element-456bc23 elementor-reverse-tablet elementor-reverse-mobile elementor-section-boxed elementor-section-height-default elementor-section-height-default\" data-id=\"456bc23\" data-element_type=\"section\">\n\t\t\t\t\t\t<div class=\"elementor-container elementor-column-gap-default\">\n\t\t\t\t\t<div class=\"elementor-column elementor-col-50 elementor-top-column elementor-element elementor-element-1fc4780 elementor-invisible\" data-id=\"1fc4780\" data-element_type=\"column\" data-settings=\"{&quot;animation&quot;:&quot;fadeInUp&quot;}\">\n\t\t\t<div class=\"elementor-widget-wrap elementor-element-populated\">\n\t\t\t\t\t\t<div class=\"elementor-element elementor-element-7b44a86 elementor-widget elementor-widget-image\" data-id=\"7b44a86\" data-element_type=\"widget\" data-widget_type=\"image.default\">\n\t\t\t\t<div class=\"elementor-widget-container\">\n\t\t\t\t\t\t\t\t\t\t\t\t\t\t\t<img fetchpriority=\"high\" decoding=\"async\" width=\"502\" height=\"642\" src=\"https:\/\/intoitalia.co\/wp-content\/uploads\/2023\/06\/FOTO.jpg\" class=\"attachment-full size-full wp-image-97\" alt=\"\" srcset=\"https:\/\/intoitalia.co\/wp-content\/uploads\/2023\/06\/FOTO.jpg 502w, https:\/\/intoitalia.co\/wp-content\/uploads\/2023\/06\/FOTO-235x300.jpg 235w\" sizes=\"(max-width: 502px) 100vw, 502px\" \/>\t\t\t\t\t\t\t\t\t\t\t\t\t\t\t<\/div>\n\t\t\t\t<\/div>\n\t\t\t\t\t<\/div>\n\t\t<\/div>\n\t\t\t\t<div class=\"elementor-column elementor-col-50 elementor-top-column elementor-element elementor-element-0d738b7 elementor-invisible\" data-id=\"0d738b7\" data-element_type=\"column\" data-settings=\"{&quot;animation&quot;:&quot;fadeIn&quot;}\">\n\t\t\t<div class=\"elementor-widget-wrap elementor-element-populated\">\n\t\t\t\t\t\t<div class=\"elementor-element elementor-element-bbcda20 elementor-widget elementor-widget-text-editor\" data-id=\"bbcda20\" data-element_type=\"widget\" data-widget_type=\"text-editor.default\">\n\t\t\t\t<div class=\"elementor-widget-container\">\n\t\t\t\t\t\t\t\t\t<p>INTO ARQTEC<\/p>\t\t\t\t\t\t\t\t<\/div>\n\t\t\t\t<\/div>\n\t\t\t\t<div class=\"elementor-element elementor-element-b4dedb3 elementor-widget elementor-widget-text-editor\" data-id=\"b4dedb3\" data-element_type=\"widget\" data-widget_type=\"text-editor.default\">\n\t\t\t\t<div class=\"elementor-widget-container\">\n\t\t\t\t\t\t\t\t\t<p>Tel\u00e9fono<\/p>\t\t\t\t\t\t\t\t<\/div>\n\t\t\t\t<\/div>\n\t\t\t\t<div class=\"elementor-element elementor-element-7910ea6 elementor-widget elementor-widget-text-editor\" data-id=\"7910ea6\" data-element_type=\"widget\" data-widget_type=\"text-editor.default\">\n\t\t\t\t<div class=\"elementor-widget-container\">\n\t\t\t\t\t\t\t\t\t<p>3668731 | 3043726843<\/p>\t\t\t\t\t\t\t\t<\/div>\n\t\t\t\t<\/div>\n\t\t\t\t<div class=\"elementor-element elementor-element-e2f6e03 elementor-widget elementor-widget-text-editor\" data-id=\"e2f6e03\" data-element_type=\"widget\" data-widget_type=\"text-editor.default\">\n\t\t\t\t<div class=\"elementor-widget-container\">\n\t\t\t\t\t\t\t\t\t<p>Direcci\u00f3n<\/p>\t\t\t\t\t\t\t\t<\/div>\n\t\t\t\t<\/div>\n\t\t\t\t<div class=\"elementor-element elementor-element-43c96f5 elementor-widget elementor-widget-text-editor\" data-id=\"43c96f5\" data-element_type=\"widget\" data-widget_type=\"text-editor.default\">\n\t\t\t\t<div class=\"elementor-widget-container\">\n\t\t\t\t\t\t\t\t\tCra 43 a N\u00ba 61 sur 152<br> Ciudadela Industrial Sabaneta Bg 183<br> Antioquia &#8211; Colombia\t\t\t\t\t\t\t\t<\/div>\n\t\t\t\t<\/div>\n\t\t\t\t<div class=\"elementor-element elementor-element-a2bec91 elementor-widget elementor-widget-text-editor\" data-id=\"a2bec91\" data-element_type=\"widget\" data-widget_type=\"text-editor.default\">\n\t\t\t\t<div class=\"elementor-widget-container\">\n\t\t\t\t\t\t\t\t\t<p>Email<\/p>\t\t\t\t\t\t\t\t<\/div>\n\t\t\t\t<\/div>\n\t\t\t\t<div class=\"elementor-element elementor-element-04ec16d elementor-widget elementor-widget-text-editor\" data-id=\"04ec16d\" data-element_type=\"widget\" data-widget_type=\"text-editor.default\">\n\t\t\t\t<div class=\"elementor-widget-container\">\n\t\t\t\t\t\t\t\t\t<p>intoarquitectura@gmail.com<\/p>\t\t\t\t\t\t\t\t<\/div>\n\t\t\t\t<\/div>\n\t\t\t\t<div class=\"elementor-element elementor-element-439d56c elementor-widget elementor-widget-text-editor\" data-id=\"439d56c\" data-element_type=\"widget\" data-widget_type=\"text-editor.default\">\n\t\t\t\t<div class=\"elementor-widget-container\">\n\t\t\t\t\t\t\t\t\t<p>Follow us<\/p>\t\t\t\t\t\t\t\t<\/div>\n\t\t\t\t<\/div>\n\t\t\t\t<div class=\"elementor-element elementor-element-6614ed2 e-grid-align-left elementor-shape-rounded elementor-grid-0 elementor-widget elementor-widget-social-icons\" data-id=\"6614ed2\" data-element_type=\"widget\" data-widget_type=\"social-icons.default\">\n\t\t\t\t<div class=\"elementor-widget-container\">\n\t\t\t\t\t\t\t<div class=\"elementor-social-icons-wrapper elementor-grid\">\n\t\t\t\t\t\t\t<span class=\"elementor-grid-item\">\n\t\t\t\t\t<a class=\"elementor-icon elementor-social-icon elementor-social-icon- elementor-repeater-item-4e120b1\" href=\"https:\/\/www.instagram.com\/intoitalia.co\/\" target=\"_blank\">\n\t\t\t\t\t\t<span class=\"elementor-screen-only\"><\/span>\n\t\t\t\t\t\t<svg xmlns=\"http:\/\/www.w3.org\/2000\/svg\" width=\"32\" height=\"32\" viewBox=\"0 0 32 32\"><g id=\"Grupo_679\" data-name=\"Grupo 679\" transform=\"translate(-669 -4060)\"><circle id=\"Elipse_2\" data-name=\"Elipse 2\" cx=\"16\" cy=\"16\" r=\"16\" transform=\"translate(669 4060)\" fill=\"#f6f6f6\"><\/circle><path id=\"Trazado_1283\" data-name=\"Trazado 1283\" d=\"M1635.588,120.586a4.072,4.072,0,0,0,.918-1.41,5.828,5.828,0,0,0,.367-1.933c.037-.849.049-1.121.049-3.283s-.012-2.434-.049-3.283a5.828,5.828,0,0,0-.367-1.933,3.874,3.874,0,0,0-.918-1.41,3.987,3.987,0,0,0-1.409-.919,5.954,5.954,0,0,0-1.935-.37c-.845-.039-1.115-.048-3.283-.048s-2.437.009-3.282.048a5.953,5.953,0,0,0-1.935.37,3.985,3.985,0,0,0-1.409.919,3.875,3.875,0,0,0-.919,1.41,5.829,5.829,0,0,0-.367,1.933c-.037.849-.049,1.121-.049,3.283s.012,2.434.049,3.283a5.829,5.829,0,0,0,.367,1.933,3.875,3.875,0,0,0,.919,1.41,3.985,3.985,0,0,0,1.409.919,5.953,5.953,0,0,0,1.935.37c.845.039,1.115.048,3.282.048s2.438-.009,3.283-.048a5.954,5.954,0,0,0,1.935-.37A4.126,4.126,0,0,0,1635.588,120.586Zm-13.363-7.562h0V114.9h0c0,1.006,0,1.266.024,1.837a7.274,7.274,0,0,0,.2,1.641,2.873,2.873,0,0,0,.661,1.24,2.653,2.653,0,0,0,1.347.838,7.51,7.51,0,0,0,1.727.214c.637.029.894.029,2.241.029h1.445c1.029,0,1.286,0,1.874-.024a7.434,7.434,0,0,0,1.641-.191,2.956,2.956,0,0,0,1.237-.665,2.74,2.74,0,0,0,.833-1.345,7.3,7.3,0,0,0,.22-1.732c.025-.639.025-.893.025-2.232h0v-1.09c0-1.342,0-1.6-.025-2.237a7.3,7.3,0,0,0-.22-1.732,2.734,2.734,0,0,0-.833-1.345,2.942,2.942,0,0,0-1.237-.665,7.436,7.436,0,0,0-1.641-.191c-.588-.027-.845-.026-1.874-.024h-1.445c-1.347,0-1.6,0-2.241.028a7.508,7.508,0,0,0-1.727.216,2.653,2.653,0,0,0-1.347.838,2.873,2.873,0,0,0-.661,1.239,7.272,7.272,0,0,0-.2,1.64C1622.225,111.758,1622.225,112.019,1622.225,113.024Zm6.736-1.819a2.756,2.756,0,1,0,2.756,2.756A2.758,2.758,0,0,0,1628.961,111.205Zm-3.98,2.756a3.981,3.981,0,1,1,3.98,3.981A3.984,3.984,0,0,1,1624.981,113.961Zm8.231-3.332a.919.919,0,1,0-.919-.919A.921.921,0,0,0,1633.211,110.63Z\" transform=\"translate(-943.961 3962.776)\" fill-rule=\"evenodd\"><\/path><\/g><\/svg>\t\t\t\t\t<\/a>\n\t\t\t\t<\/span>\n\t\t\t\t\t\t\t<span class=\"elementor-grid-item\">\n\t\t\t\t\t<a class=\"elementor-icon elementor-social-icon elementor-social-icon- elementor-repeater-item-7fcd35e\" href=\"https:\/\/www.tiktok.com\/@into_arquitectura\" target=\"_blank\">\n\t\t\t\t\t\t<span class=\"elementor-screen-only\"><\/span>\n\t\t\t\t\t\t<svg xmlns=\"http:\/\/www.w3.org\/2000\/svg\" width=\"32\" height=\"32\" viewBox=\"0 0 32 32\"><g id=\"Grupo_694\" data-name=\"Grupo 694\" transform=\"translate(-2039 -5396)\"><circle id=\"Elipse_105\" data-name=\"Elipse 105\" cx=\"16\" cy=\"16\" r=\"16\" transform=\"translate(2039 5396)\" fill=\"#f6f6f6\"><\/circle><path id=\"Trazado_1288\" data-name=\"Trazado 1288\" d=\"M43.38,27.894c0-.072,0-.075-.077-.074a3.39,3.39,0,0,1-.538-.047,4.5,4.5,0,0,1-3.1-3,5.447,5.447,0,0,1-.085-.672c0-.085,0-.085-.085-.087h-2.52c-.165,0-.142-.021-.142.145q0,5.339,0,10.678a2.307,2.307,0,0,1-2.776,2.283,3.113,3.113,0,0,1-.541-.178l-.043-.039c-.059-.05-.125-.091-.188-.135a2.271,2.271,0,0,1,.512-4.049,2.037,2.037,0,0,1,.818-.122,2.416,2.416,0,0,1,.535.082c.061.017.093,0,.1-.068,0-.023,0-.045,0-.068,0-.639-.024-2.035-.027-2.038,0-.184,0-.368,0-.552,0-.053-.025-.062-.07-.068a5.207,5.207,0,0,0-1-.022,5.037,5.037,0,0,0-4.224,2.955,5.042,5.042,0,0,0-.207,3.57,5.006,5.006,0,0,0,1.7,2.451,1.194,1.194,0,0,0,.261.18h0l.125.111a2.635,2.635,0,0,0,.421.257A5.086,5.086,0,0,0,38.4,38.155a4.951,4.951,0,0,0,1.213-3.292c.01-1.772,0-3.545,0-5.318,0-.042-.024-.1.022-.124s.073.032.107.054a6.53,6.53,0,0,0,2.142.923,6.052,6.052,0,0,0,1.363.164c.146,0,.165-.007.165-.152,0-.629-.032-2.35-.032-2.518\" transform=\"translate(2018.545 5380.022)\"><\/path><\/g><\/svg>\t\t\t\t\t<\/a>\n\t\t\t\t<\/span>\n\t\t\t\t\t<\/div>\n\t\t\t\t\t\t<\/div>\n\t\t\t\t<\/div>\n\t\t\t\t\t<\/div>\n\t\t<\/div>\n\t\t\t\t\t<\/div>\n\t\t<\/section>\n\t\t\t\t<\/div>\n\t\t","protected":false},"excerpt":{"rendered":"<p>CONT\u00c1CTANOS Si te encuentras interesado en nuestros servicios de arquitectura o dise\u00f1o interior, puedes comunicarte con nuestro equipo comercial dispuesto a darte el mejor servicio. INTO ARQTEC Tel\u00e9fono 3668731 | 3043726843 Direcci\u00f3n Cra 43 a N\u00ba 61 sur 152 Ciudadela Industrial Sabaneta Bg 183 Antioquia &#8211; Colombia Email intoarquitectura@gmail.com Follow us<\/p>\n","protected":false},"author":1,"featured_media":0,"parent":0,"menu_order":0,"comment_status":"closed","ping_status":"closed","template":"","meta":{"footnotes":""},"class_list":["post-19","page","type-page","status-publish","hentry"],"aioseo_notices":[],"_links":{"self":[{"href":"https:\/\/intoitalia.co\/es\/wp-json\/wp\/v2\/pages\/19","targetHints":{"allow":["GET"]}}],"collection":[{"href":"https:\/\/intoitalia.co\/es\/wp-json\/wp\/v2\/pages"}],"about":[{"href":"https:\/\/intoitalia.co\/es\/wp-json\/wp\/v2\/types\/page"}],"author":[{"embeddable":true,"href":"https:\/\/intoitalia.co\/es\/wp-json\/wp\/v2\/users\/1"}],"replies":[{"embeddable":true,"href":"https:\/\/intoitalia.co\/es\/wp-json\/wp\/v2\/comments?post=19"}],"version-history":[{"count":47,"href":"https:\/\/intoitalia.co\/es\/wp-json\/wp\/v2\/pages\/19\/revisions"}],"predecessor-version":[{"id":2036,"href":"https:\/\/intoitalia.co\/es\/wp-json\/wp\/v2\/pages\/19\/revisions\/2036"}],"wp:attachment":[{"href":"https:\/\/intoitalia.co\/es\/wp-json\/wp\/v2\/media?parent=19"}],"curies":[{"name":"wp","href":"https:\/\/api.w.org\/{rel}","templated":true}]}}