{"id":2142,"date":"2025-02-05T16:08:24","date_gmt":"2025-02-05T21:08:24","guid":{"rendered":"https:\/\/intoitalia.co\/proyectos_\/valle-alto\/"},"modified":"2025-02-05T16:25:07","modified_gmt":"2025-02-05T21:25:07","slug":"valle-alto","status":"publish","type":"page","link":"https:\/\/intoitalia.co\/es\/proyectos_\/valle-alto\/","title":{"rendered":"Valle Alto"},"content":{"rendered":"\t\t<div data-elementor-type=\"wp-page\" data-elementor-id=\"2142\" class=\"elementor elementor-2142 elementor-2123\" data-elementor-post-type=\"page\">\n\t\t\t\t\t\t<section class=\"elementor-section elementor-top-section elementor-element elementor-element-2c6f3b7 elementor-section-full_width elementor-section-height-default elementor-section-height-default elementor-invisible\" data-id=\"2c6f3b7\" data-element_type=\"section\" data-settings=\"{&quot;animation&quot;:&quot;slideInUp&quot;}\">\n\t\t\t\t\t\t<div class=\"elementor-container elementor-column-gap-default\">\n\t\t\t\t\t<div class=\"elementor-column elementor-col-100 elementor-top-column elementor-element elementor-element-8675904\" data-id=\"8675904\" data-element_type=\"column\">\n\t\t\t<div class=\"elementor-widget-wrap elementor-element-populated\">\n\t\t\t\t\t\t<div class=\"elementor-element elementor-element-75b133b elementor-widget elementor-widget-image\" data-id=\"75b133b\" data-element_type=\"widget\" data-widget_type=\"image.default\">\n\t\t\t\t<div class=\"elementor-widget-container\">\n\t\t\t\t\t\t\t\t\t\t\t\t\t\t\t\t<a href=\"http:\/\/intoitalia.co\/wp-content\/uploads\/2025\/02\/7.jpg\" data-elementor-open-lightbox=\"yes\" data-e-action-hash=\"#elementor-action%3Aaction%3Dlightbox%26settings%3DeyJpZCI6MjEyOCwidXJsIjoiaHR0cHM6XC9cL2ludG9pdGFsaWEuY29cL3dwLWNvbnRlbnRcL3VwbG9hZHNcLzIwMjVcLzAyXC83LmpwZyJ9\">\n\t\t\t\t\t\t\t<img fetchpriority=\"high\" decoding=\"async\" width=\"1600\" height=\"681\" src=\"https:\/\/intoitalia.co\/wp-content\/uploads\/2025\/02\/7.jpg\" class=\"attachment-full size-full wp-image-2128\" alt=\"\" srcset=\"https:\/\/intoitalia.co\/wp-content\/uploads\/2025\/02\/7.jpg 1600w, https:\/\/intoitalia.co\/wp-content\/uploads\/2025\/02\/7-300x128.jpg 300w, https:\/\/intoitalia.co\/wp-content\/uploads\/2025\/02\/7-1024x436.jpg 1024w, https:\/\/intoitalia.co\/wp-content\/uploads\/2025\/02\/7-768x327.jpg 768w, https:\/\/intoitalia.co\/wp-content\/uploads\/2025\/02\/7-1536x654.jpg 1536w\" sizes=\"(max-width: 1600px) 100vw, 1600px\" \/>\t\t\t\t\t\t\t\t<\/a>\n\t\t\t\t\t\t\t\t\t\t\t\t\t\t\t<\/div>\n\t\t\t\t<\/div>\n\t\t\t\t\t<\/div>\n\t\t<\/div>\n\t\t\t\t\t<\/div>\n\t\t<\/section>\n\t\t\t\t<section class=\"elementor-section elementor-top-section elementor-element elementor-element-8a693e3 elementor-section-boxed elementor-section-height-default elementor-section-height-default\" data-id=\"8a693e3\" data-element_type=\"section\">\n\t\t\t\t\t\t<div class=\"elementor-container elementor-column-gap-default\">\n\t\t\t\t\t<div class=\"elementor-column elementor-col-100 elementor-top-column elementor-element elementor-element-f650378\" data-id=\"f650378\" data-element_type=\"column\">\n\t\t\t<div class=\"elementor-widget-wrap elementor-element-populated\">\n\t\t\t\t\t\t<div class=\"elementor-element elementor-element-06fb8af elementor-widget elementor-widget-text-editor\" data-id=\"06fb8af\" data-element_type=\"widget\" data-widget_type=\"text-editor.default\">\n\t\t\t\t<div class=\"elementor-widget-container\">\n\t\t\t\t\t\t\t\t\t<p>VALLE ALTO<\/p>\n\t\t\t\t\t\t\t\t<\/div>\n\t\t\t\t<\/div>\n\t\t\t\t<div class=\"elementor-element elementor-element-faa43e1 elementor-widget elementor-widget-text-editor\" data-id=\"faa43e1\" data-element_type=\"widget\" data-widget_type=\"text-editor.default\">\n\t\t\t\t<div class=\"elementor-widget-container\">\n\t\t\t\t\t\t\t\t\t<p>COLOMBIA<br \/>2024<\/p>\n\t\t\t\t\t\t\t\t<\/div>\n\t\t\t\t<\/div>\n\t\t\t\t\t<\/div>\n\t\t<\/div>\n\t\t\t\t\t<\/div>\n\t\t<\/section>\n\t\t\t\t<section class=\"elementor-section elementor-top-section elementor-element elementor-element-729dfdb elementor-section-full_width elementor-section-height-default elementor-section-height-default elementor-invisible\" data-id=\"729dfdb\" data-element_type=\"section\" data-settings=\"{&quot;animation&quot;:&quot;slideInUp&quot;}\">\n\t\t\t\t\t\t<div class=\"elementor-container elementor-column-gap-default\">\n\t\t\t\t\t<div class=\"elementor-column elementor-col-100 elementor-top-column elementor-element elementor-element-d14e2de\" data-id=\"d14e2de\" data-element_type=\"column\">\n\t\t\t<div class=\"elementor-widget-wrap elementor-element-populated\">\n\t\t\t\t\t\t<div class=\"elementor-element elementor-element-0042b14 elementor-widget elementor-widget-image\" data-id=\"0042b14\" data-element_type=\"widget\" data-widget_type=\"image.default\">\n\t\t\t\t<div class=\"elementor-widget-container\">\n\t\t\t\t\t\t\t\t\t\t\t\t\t\t\t\t<a href=\"http:\/\/intoitalia.co\/wp-content\/uploads\/2025\/02\/326-MSPH7322.jpg\" data-elementor-open-lightbox=\"yes\" data-e-action-hash=\"#elementor-action%3Aaction%3Dlightbox%26settings%3DeyJpZCI6MjEyNiwidXJsIjoiaHR0cHM6XC9cL2ludG9pdGFsaWEuY29cL3dwLWNvbnRlbnRcL3VwbG9hZHNcLzIwMjVcLzAyXC8zMjYtTVNQSDczMjIuanBnIn0%3D\">\n\t\t\t\t\t\t\t<img decoding=\"async\" width=\"1600\" height=\"1067\" src=\"https:\/\/intoitalia.co\/wp-content\/uploads\/2025\/02\/326-MSPH7322.jpg\" class=\"attachment-full size-full wp-image-2126\" alt=\"\" srcset=\"https:\/\/intoitalia.co\/wp-content\/uploads\/2025\/02\/326-MSPH7322.jpg 1600w, https:\/\/intoitalia.co\/wp-content\/uploads\/2025\/02\/326-MSPH7322-300x200.jpg 300w, https:\/\/intoitalia.co\/wp-content\/uploads\/2025\/02\/326-MSPH7322-1024x683.jpg 1024w, https:\/\/intoitalia.co\/wp-content\/uploads\/2025\/02\/326-MSPH7322-768x512.jpg 768w, https:\/\/intoitalia.co\/wp-content\/uploads\/2025\/02\/326-MSPH7322-1536x1024.jpg 1536w\" sizes=\"(max-width: 1600px) 100vw, 1600px\" \/>\t\t\t\t\t\t\t\t<\/a>\n\t\t\t\t\t\t\t\t\t\t\t\t\t\t\t<\/div>\n\t\t\t\t<\/div>\n\t\t\t\t\t<\/div>\n\t\t<\/div>\n\t\t\t\t\t<\/div>\n\t\t<\/section>\n\t\t\t\t<section class=\"elementor-section elementor-top-section elementor-element elementor-element-81f8a24 elementor-section-full_width elementor-section-height-default elementor-section-height-default elementor-invisible\" data-id=\"81f8a24\" data-element_type=\"section\" data-settings=\"{&quot;animation&quot;:&quot;slideInUp&quot;}\">\n\t\t\t\t\t\t<div class=\"elementor-container elementor-column-gap-default\">\n\t\t\t\t\t<div class=\"elementor-column elementor-col-50 elementor-top-column elementor-element elementor-element-5c173a0\" data-id=\"5c173a0\" data-element_type=\"column\">\n\t\t\t<div class=\"elementor-widget-wrap elementor-element-populated\">\n\t\t\t\t\t\t<div class=\"elementor-element elementor-element-4838612 elementor-widget elementor-widget-image\" data-id=\"4838612\" data-element_type=\"widget\" data-widget_type=\"image.default\">\n\t\t\t\t<div class=\"elementor-widget-container\">\n\t\t\t\t\t\t\t\t\t\t\t\t\t\t\t\t<a href=\"http:\/\/intoitalia.co\/wp-content\/uploads\/2025\/02\/122-MSPH6954-1.jpg\" data-elementor-open-lightbox=\"yes\" data-e-action-hash=\"#elementor-action%3Aaction%3Dlightbox%26settings%3DeyJpZCI6MjEzNiwidXJsIjoiaHR0cHM6XC9cL2ludG9pdGFsaWEuY29cL3dwLWNvbnRlbnRcL3VwbG9hZHNcLzIwMjVcLzAyXC8xMjItTVNQSDY5NTQtMS5qcGcifQ%3D%3D\">\n\t\t\t\t\t\t\t<img decoding=\"async\" width=\"1067\" height=\"1600\" src=\"https:\/\/intoitalia.co\/wp-content\/uploads\/2025\/02\/122-MSPH6954-1.jpg\" class=\"attachment-full size-full wp-image-2136\" alt=\"\" srcset=\"https:\/\/intoitalia.co\/wp-content\/uploads\/2025\/02\/122-MSPH6954-1.jpg 1067w, https:\/\/intoitalia.co\/wp-content\/uploads\/2025\/02\/122-MSPH6954-1-200x300.jpg 200w, https:\/\/intoitalia.co\/wp-content\/uploads\/2025\/02\/122-MSPH6954-1-683x1024.jpg 683w, https:\/\/intoitalia.co\/wp-content\/uploads\/2025\/02\/122-MSPH6954-1-768x1152.jpg 768w, https:\/\/intoitalia.co\/wp-content\/uploads\/2025\/02\/122-MSPH6954-1-1024x1536.jpg 1024w\" sizes=\"(max-width: 1067px) 100vw, 1067px\" \/>\t\t\t\t\t\t\t\t<\/a>\n\t\t\t\t\t\t\t\t\t\t\t\t\t\t\t<\/div>\n\t\t\t\t<\/div>\n\t\t\t\t\t<\/div>\n\t\t<\/div>\n\t\t\t\t<div class=\"elementor-column elementor-col-50 elementor-top-column elementor-element elementor-element-e0738a5\" data-id=\"e0738a5\" data-element_type=\"column\">\n\t\t\t<div class=\"elementor-widget-wrap elementor-element-populated\">\n\t\t\t\t\t\t<div class=\"elementor-element elementor-element-52ae042 elementor-widget elementor-widget-image\" data-id=\"52ae042\" data-element_type=\"widget\" data-widget_type=\"image.default\">\n\t\t\t\t<div class=\"elementor-widget-container\">\n\t\t\t\t\t\t\t\t\t\t\t\t\t\t\t\t<a href=\"http:\/\/intoitalia.co\/wp-content\/uploads\/2025\/02\/150-MSPH7019.jpg\" data-elementor-open-lightbox=\"yes\" data-e-action-hash=\"#elementor-action%3Aaction%3Dlightbox%26settings%3DeyJpZCI6MjEzOCwidXJsIjoiaHR0cHM6XC9cL2ludG9pdGFsaWEuY29cL3dwLWNvbnRlbnRcL3VwbG9hZHNcLzIwMjVcLzAyXC8xNTAtTVNQSDcwMTkuanBnIn0%3D\">\n\t\t\t\t\t\t\t<img loading=\"lazy\" decoding=\"async\" width=\"1067\" height=\"1600\" src=\"https:\/\/intoitalia.co\/wp-content\/uploads\/2025\/02\/150-MSPH7019.jpg\" class=\"attachment-full size-full wp-image-2138\" alt=\"\" srcset=\"https:\/\/intoitalia.co\/wp-content\/uploads\/2025\/02\/150-MSPH7019.jpg 1067w, https:\/\/intoitalia.co\/wp-content\/uploads\/2025\/02\/150-MSPH7019-200x300.jpg 200w, https:\/\/intoitalia.co\/wp-content\/uploads\/2025\/02\/150-MSPH7019-683x1024.jpg 683w, https:\/\/intoitalia.co\/wp-content\/uploads\/2025\/02\/150-MSPH7019-768x1152.jpg 768w, https:\/\/intoitalia.co\/wp-content\/uploads\/2025\/02\/150-MSPH7019-1024x1536.jpg 1024w\" sizes=\"(max-width: 1067px) 100vw, 1067px\" \/>\t\t\t\t\t\t\t\t<\/a>\n\t\t\t\t\t\t\t\t\t\t\t\t\t\t\t<\/div>\n\t\t\t\t<\/div>\n\t\t\t\t\t<\/div>\n\t\t<\/div>\n\t\t\t\t\t<\/div>\n\t\t<\/section>\n\t\t\t\t<section class=\"elementor-section elementor-top-section elementor-element elementor-element-e154e1c elementor-section-full_width elementor-section-height-min-height elementor-section-height-default elementor-section-items-middle elementor-invisible\" data-id=\"e154e1c\" data-element_type=\"section\" data-settings=\"{&quot;background_background&quot;:&quot;classic&quot;,&quot;animation&quot;:&quot;slideInUp&quot;}\">\n\t\t\t\t\t\t\t<div class=\"elementor-background-overlay\"><\/div>\n\t\t\t\t\t\t\t<div class=\"elementor-container elementor-column-gap-default\">\n\t\t\t\t\t<div class=\"elementor-column elementor-col-100 elementor-top-column elementor-element elementor-element-2b4d181\" data-id=\"2b4d181\" data-element_type=\"column\">\n\t\t\t<div class=\"elementor-widget-wrap elementor-element-populated\">\n\t\t\t\t\t\t<div class=\"elementor-element elementor-element-fb9ef06 elementor-widget elementor-widget-text-editor\" data-id=\"fb9ef06\" data-element_type=\"widget\" data-widget_type=\"text-editor.default\">\n\t\t\t\t<div class=\"elementor-widget-container\">\n\t\t\t\t\t\t\t\t\t<p><span style=\"font-weight: 400;\">MATERIALIDAD Y NATURALEZA<\/span><\/p>\n\t\t\t\t\t\t\t\t<\/div>\n\t\t\t\t<\/div>\n\t\t\t\t<div class=\"elementor-element elementor-element-bf7e64d elementor-widget elementor-widget-text-editor\" data-id=\"bf7e64d\" data-element_type=\"widget\" data-widget_type=\"text-editor.default\">\n\t\t\t\t<div class=\"elementor-widget-container\">\n\t\t\t\t\t\t\t\t\t<p><span style=\"font-weight: 400;\">La presencia de vegetaci\u00f3n es un elemento definitorio tanto en el interior como en el exterior, creando espacios verdes que se funden armoniosamente con el entorno. La vegetaci\u00f3n aporta frescor, vitalidad y relajaci\u00f3n, fomentando una atm\u00f3sfera de bienestar y tranquilidad en toda la residencia.<\/span><\/p>\n\t\t\t\t\t\t\t\t<\/div>\n\t\t\t\t<\/div>\n\t\t\t\t<div class=\"elementor-element elementor-element-7f8444a elementor-widget elementor-widget-text-editor\" data-id=\"7f8444a\" data-element_type=\"widget\" data-widget_type=\"text-editor.default\">\n\t\t\t\t<div class=\"elementor-widget-container\">\n\t\t\t\t\t\t\t\t\t<p><span style=\"font-weight: 400;\">PRESENCIA ARQUITECT\u00d3NICA<\/span><\/p>\n\t\t\t\t\t\t\t\t<\/div>\n\t\t\t\t<\/div>\n\t\t\t\t<div class=\"elementor-element elementor-element-9b03014 elementor-widget elementor-widget-text-editor\" data-id=\"9b03014\" data-element_type=\"widget\" data-widget_type=\"text-editor.default\">\n\t\t\t\t<div class=\"elementor-widget-container\">\n\t\t\t\t\t\t\t\t\t<p><span style=\"font-weight: 400;\">La imponente fachada es una verdadera declaraci\u00f3n arquitect\u00f3nica. Su audaz geometr\u00eda poligonal crea una experiencia tan majestuosa como acogedora. Las amplias superficies acristaladas reflejan el paisaje circundante, estableciendo una conexi\u00f3n perfecta entre interior y exterior.<\/span><\/p>\n\t\t\t\t\t\t\t\t<\/div>\n\t\t\t\t<\/div>\n\t\t\t\t\t<\/div>\n\t\t<\/div>\n\t\t\t\t\t<\/div>\n\t\t<\/section>\n\t\t\t\t<section class=\"elementor-section elementor-top-section elementor-element elementor-element-581d7fa elementor-section-boxed elementor-section-height-default elementor-section-height-default\" data-id=\"581d7fa\" data-element_type=\"section\">\n\t\t\t\t\t\t<div class=\"elementor-container elementor-column-gap-default\">\n\t\t\t\t\t<div class=\"elementor-column elementor-col-100 elementor-top-column elementor-element elementor-element-4dd5903\" data-id=\"4dd5903\" data-element_type=\"column\">\n\t\t\t<div class=\"elementor-widget-wrap elementor-element-populated\">\n\t\t\t\t\t\t<div class=\"elementor-element elementor-element-71106ff elementor-widget elementor-widget-text-editor\" data-id=\"71106ff\" data-element_type=\"widget\" data-widget_type=\"text-editor.default\">\n\t\t\t\t<div class=\"elementor-widget-container\">\n\t\t\t\t\t\t\t\t\t<p><span style=\"font-weight: 400;\">LUZ INTERIOR Y FLUIDEZ ESPACIAL<\/span><\/p>\n\t\t\t\t\t\t\t\t<\/div>\n\t\t\t\t<\/div>\n\t\t\t\t<div class=\"elementor-element elementor-element-150c77b elementor-widget elementor-widget-text-editor\" data-id=\"150c77b\" data-element_type=\"widget\" data-widget_type=\"text-editor.default\">\n\t\t\t\t<div class=\"elementor-widget-container\">\n\t\t\t\t\t\t\t\t\t<p><span style=\"font-weight: 400;\">La luz natural es un elemento fundamental en esta propiedad, iluminando todas las zonas de circulaci\u00f3n en todos los niveles. Las aberturas estrat\u00e9gicamente dise\u00f1adas permiten que la luz del d\u00eda inunde los interiores, mejorando la percepci\u00f3n del espacio y creando un juego din\u00e1mico de luces y sombras.<\/span><\/p>\n\t\t\t\t\t\t\t\t<\/div>\n\t\t\t\t<\/div>\n\t\t\t\t\t<\/div>\n\t\t<\/div>\n\t\t\t\t\t<\/div>\n\t\t<\/section>\n\t\t\t\t<section class=\"elementor-section elementor-top-section elementor-element elementor-element-78dd9a6 elementor-section-full_width elementor-section-height-default elementor-section-height-default elementor-invisible\" data-id=\"78dd9a6\" data-element_type=\"section\" data-settings=\"{&quot;animation&quot;:&quot;slideInUp&quot;}\">\n\t\t\t\t\t\t<div class=\"elementor-container elementor-column-gap-default\">\n\t\t\t\t\t<div class=\"elementor-column elementor-col-100 elementor-top-column elementor-element elementor-element-1bb73e3\" data-id=\"1bb73e3\" data-element_type=\"column\">\n\t\t\t<div class=\"elementor-widget-wrap elementor-element-populated\">\n\t\t\t\t\t\t<div class=\"elementor-element elementor-element-ff38f53 elementor-widget elementor-widget-image\" data-id=\"ff38f53\" data-element_type=\"widget\" data-widget_type=\"image.default\">\n\t\t\t\t<div class=\"elementor-widget-container\">\n\t\t\t\t\t\t\t\t\t\t\t\t\t\t\t\t<a href=\"http:\/\/intoitalia.co\/wp-content\/uploads\/2025\/02\/034-MSPH6787.jpg\" data-elementor-open-lightbox=\"yes\" data-e-action-hash=\"#elementor-action%3Aaction%3Dlightbox%26settings%3DeyJpZCI6MjEzMCwidXJsIjoiaHR0cHM6XC9cL2ludG9pdGFsaWEuY29cL3dwLWNvbnRlbnRcL3VwbG9hZHNcLzIwMjVcLzAyXC8wMzQtTVNQSDY3ODcuanBnIn0%3D\">\n\t\t\t\t\t\t\t<img loading=\"lazy\" decoding=\"async\" width=\"1067\" height=\"1600\" src=\"https:\/\/intoitalia.co\/wp-content\/uploads\/2025\/02\/034-MSPH6787.jpg\" class=\"attachment-full size-full wp-image-2130\" alt=\"\" srcset=\"https:\/\/intoitalia.co\/wp-content\/uploads\/2025\/02\/034-MSPH6787.jpg 1067w, https:\/\/intoitalia.co\/wp-content\/uploads\/2025\/02\/034-MSPH6787-200x300.jpg 200w, https:\/\/intoitalia.co\/wp-content\/uploads\/2025\/02\/034-MSPH6787-683x1024.jpg 683w, https:\/\/intoitalia.co\/wp-content\/uploads\/2025\/02\/034-MSPH6787-768x1152.jpg 768w, https:\/\/intoitalia.co\/wp-content\/uploads\/2025\/02\/034-MSPH6787-1024x1536.jpg 1024w\" sizes=\"(max-width: 1067px) 100vw, 1067px\" \/>\t\t\t\t\t\t\t\t<\/a>\n\t\t\t\t\t\t\t\t\t\t\t\t\t\t\t<\/div>\n\t\t\t\t<\/div>\n\t\t\t\t<div class=\"elementor-element elementor-element-5d11d17 elementor-widget elementor-widget-text-editor\" data-id=\"5d11d17\" data-element_type=\"widget\" data-widget_type=\"text-editor.default\">\n\t\t\t\t<div class=\"elementor-widget-container\">\n\t\t\t\t\t\t\t\t\t<p><span style=\"font-weight: 400;\">MATERIAL PRINCIPAL<\/span><\/p>\n\t\t\t\t\t\t\t\t<\/div>\n\t\t\t\t<\/div>\n\t\t\t\t<div class=\"elementor-element elementor-element-766d15a elementor-widget elementor-widget-text-editor\" data-id=\"766d15a\" data-element_type=\"widget\" data-widget_type=\"text-editor.default\">\n\t\t\t\t<div class=\"elementor-widget-container\">\n\t\t\t\t\t\t\t\t\t<p><span style=\"font-weight: 400;\">Cada detalle refleja una meticulosa selecci\u00f3n de materiales de alta calidad. La madera, con sus tonos c\u00e1lidos, cobra protagonismo en las texturas interiores, evocando una sensaci\u00f3n de calidez y conexi\u00f3n con la naturaleza.<\/span><\/p>\n\t\t\t\t\t\t\t\t<\/div>\n\t\t\t\t<\/div>\n\t\t\t\t\t<\/div>\n\t\t<\/div>\n\t\t\t\t\t<\/div>\n\t\t<\/section>\n\t\t\t\t<section class=\"elementor-section elementor-top-section elementor-element elementor-element-616121c elementor-section-full_width elementor-section-height-default elementor-section-height-default\" data-id=\"616121c\" data-element_type=\"section\">\n\t\t\t\t\t\t<div class=\"elementor-container elementor-column-gap-default\">\n\t\t\t\t\t<div class=\"elementor-column elementor-col-100 elementor-top-column elementor-element elementor-element-d77789b\" data-id=\"d77789b\" data-element_type=\"column\">\n\t\t\t<div class=\"elementor-widget-wrap elementor-element-populated\">\n\t\t\t\t\t\t<div class=\"elementor-element elementor-element-972cb84 elementor-widget elementor-widget-image\" data-id=\"972cb84\" data-element_type=\"widget\" data-widget_type=\"image.default\">\n\t\t\t\t<div class=\"elementor-widget-container\">\n\t\t\t\t\t\t\t\t\t\t\t\t\t\t\t\t<a href=\"http:\/\/intoitalia.co\/wp-content\/uploads\/2025\/02\/086-MSPH6906.jpg\" data-elementor-open-lightbox=\"yes\" data-e-action-hash=\"#elementor-action%3Aaction%3Dlightbox%26settings%3DeyJpZCI6MjEzNCwidXJsIjoiaHR0cHM6XC9cL2ludG9pdGFsaWEuY29cL3dwLWNvbnRlbnRcL3VwbG9hZHNcLzIwMjVcLzAyXC8wODYtTVNQSDY5MDYuanBnIn0%3D\">\n\t\t\t\t\t\t\t<img loading=\"lazy\" decoding=\"async\" width=\"1067\" height=\"1600\" src=\"https:\/\/intoitalia.co\/wp-content\/uploads\/2025\/02\/086-MSPH6906.jpg\" class=\"attachment-full size-full wp-image-2134\" alt=\"\" srcset=\"https:\/\/intoitalia.co\/wp-content\/uploads\/2025\/02\/086-MSPH6906.jpg 1067w, https:\/\/intoitalia.co\/wp-content\/uploads\/2025\/02\/086-MSPH6906-200x300.jpg 200w, https:\/\/intoitalia.co\/wp-content\/uploads\/2025\/02\/086-MSPH6906-683x1024.jpg 683w, https:\/\/intoitalia.co\/wp-content\/uploads\/2025\/02\/086-MSPH6906-768x1152.jpg 768w, https:\/\/intoitalia.co\/wp-content\/uploads\/2025\/02\/086-MSPH6906-1024x1536.jpg 1024w\" sizes=\"(max-width: 1067px) 100vw, 1067px\" \/>\t\t\t\t\t\t\t\t<\/a>\n\t\t\t\t\t\t\t\t\t\t\t\t\t\t\t<\/div>\n\t\t\t\t<\/div>\n\t\t\t\t\t<\/div>\n\t\t<\/div>\n\t\t\t\t\t<\/div>\n\t\t<\/section>\n\t\t\t\t<\/div>\n\t\t","protected":false},"excerpt":{"rendered":"<p>VALLE ALTO COLOMBIA2024 MATERIALIDAD Y NATURALEZA La presencia de vegetaci\u00f3n es un elemento definitorio tanto en el interior como en el exterior, creando espacios verdes que se funden armoniosamente con el entorno. La vegetaci\u00f3n aporta frescor, vitalidad y relajaci\u00f3n, fomentando una atm\u00f3sfera de bienestar y tranquilidad en toda la residencia. PRESENCIA ARQUITECT\u00d3NICA La imponente fachada [&hellip;]<\/p>\n","protected":false},"author":1,"featured_media":0,"parent":15,"menu_order":0,"comment_status":"closed","ping_status":"closed","template":"","meta":{"footnotes":""},"class_list":["post-2142","page","type-page","status-publish","hentry"],"aioseo_notices":[],"_links":{"self":[{"href":"https:\/\/intoitalia.co\/es\/wp-json\/wp\/v2\/pages\/2142","targetHints":{"allow":["GET"]}}],"collection":[{"href":"https:\/\/intoitalia.co\/es\/wp-json\/wp\/v2\/pages"}],"about":[{"href":"https:\/\/intoitalia.co\/es\/wp-json\/wp\/v2\/types\/page"}],"author":[{"embeddable":true,"href":"https:\/\/intoitalia.co\/es\/wp-json\/wp\/v2\/users\/1"}],"replies":[{"embeddable":true,"href":"https:\/\/intoitalia.co\/es\/wp-json\/wp\/v2\/comments?post=2142"}],"version-history":[{"count":6,"href":"https:\/\/intoitalia.co\/es\/wp-json\/wp\/v2\/pages\/2142\/revisions"}],"predecessor-version":[{"id":2171,"href":"https:\/\/intoitalia.co\/es\/wp-json\/wp\/v2\/pages\/2142\/revisions\/2171"}],"up":[{"embeddable":true,"href":"https:\/\/intoitalia.co\/es\/wp-json\/wp\/v2\/pages\/15"}],"wp:attachment":[{"href":"https:\/\/intoitalia.co\/es\/wp-json\/wp\/v2\/media?parent=2142"}],"curies":[{"name":"wp","href":"https:\/\/api.w.org\/{rel}","templated":true}]}}