{"id":791,"date":"2023-07-13T15:40:22","date_gmt":"2023-07-13T15:40:22","guid":{"rendered":"https:\/\/intoitalia.co\/?page_id=791"},"modified":"2023-08-02T08:48:18","modified_gmt":"2023-08-02T13:48:18","slug":"casa-eden","status":"publish","type":"page","link":"https:\/\/intoitalia.co\/es\/proyectos_\/casa-eden\/","title":{"rendered":"Casa Eden"},"content":{"rendered":"\t\t<div data-elementor-type=\"wp-page\" data-elementor-id=\"791\" class=\"elementor elementor-791\" data-elementor-post-type=\"page\">\n\t\t\t\t\t\t<section class=\"elementor-section elementor-top-section elementor-element elementor-element-ada05f9 elementor-section-full_width elementor-section-height-default elementor-section-height-default elementor-invisible\" data-id=\"ada05f9\" data-element_type=\"section\" data-settings=\"{&quot;animation&quot;:&quot;slideInUp&quot;}\">\n\t\t\t\t\t\t<div class=\"elementor-container elementor-column-gap-default\">\n\t\t\t\t\t<div class=\"elementor-column elementor-col-100 elementor-top-column elementor-element elementor-element-1fdd526\" data-id=\"1fdd526\" data-element_type=\"column\">\n\t\t\t<div class=\"elementor-widget-wrap elementor-element-populated\">\n\t\t\t\t\t\t<div class=\"elementor-element elementor-element-cd3822e elementor-widget elementor-widget-image\" data-id=\"cd3822e\" data-element_type=\"widget\" data-widget_type=\"image.default\">\n\t\t\t\t<div class=\"elementor-widget-container\">\n\t\t\t\t\t\t\t\t\t\t\t\t\t\t\t<img fetchpriority=\"high\" decoding=\"async\" width=\"1920\" height=\"1080\" src=\"https:\/\/intoitalia.co\/wp-content\/uploads\/2023\/07\/1.jpg\" class=\"attachment-full size-full wp-image-794\" alt=\"\" srcset=\"https:\/\/intoitalia.co\/wp-content\/uploads\/2023\/07\/1.jpg 1920w, https:\/\/intoitalia.co\/wp-content\/uploads\/2023\/07\/1-300x169.jpg 300w, https:\/\/intoitalia.co\/wp-content\/uploads\/2023\/07\/1-1024x576.jpg 1024w, https:\/\/intoitalia.co\/wp-content\/uploads\/2023\/07\/1-768x432.jpg 768w, https:\/\/intoitalia.co\/wp-content\/uploads\/2023\/07\/1-1536x864.jpg 1536w\" sizes=\"(max-width: 1920px) 100vw, 1920px\" \/>\t\t\t\t\t\t\t\t\t\t\t\t\t\t\t<\/div>\n\t\t\t\t<\/div>\n\t\t\t\t\t<\/div>\n\t\t<\/div>\n\t\t\t\t\t<\/div>\n\t\t<\/section>\n\t\t\t\t<section class=\"elementor-section elementor-top-section elementor-element elementor-element-9f0101c elementor-section-boxed elementor-section-height-default elementor-section-height-default\" data-id=\"9f0101c\" data-element_type=\"section\">\n\t\t\t\t\t\t<div class=\"elementor-container elementor-column-gap-default\">\n\t\t\t\t\t<div class=\"elementor-column elementor-col-100 elementor-top-column elementor-element elementor-element-d657ecd\" data-id=\"d657ecd\" data-element_type=\"column\">\n\t\t\t<div class=\"elementor-widget-wrap elementor-element-populated\">\n\t\t\t\t\t\t<div class=\"elementor-element elementor-element-543db4e elementor-widget elementor-widget-text-editor\" data-id=\"543db4e\" data-element_type=\"widget\" data-widget_type=\"text-editor.default\">\n\t\t\t\t<div class=\"elementor-widget-container\">\n\t\t\t\t\t\t\t\t\t<p>CASA EDEN<\/p>\t\t\t\t\t\t\t\t<\/div>\n\t\t\t\t<\/div>\n\t\t\t\t<div class=\"elementor-element elementor-element-53aeccc elementor-widget elementor-widget-text-editor\" data-id=\"53aeccc\" data-element_type=\"widget\" data-widget_type=\"text-editor.default\">\n\t\t\t\t<div class=\"elementor-widget-container\">\n\t\t\t\t\t\t\t\t\t<p>COLOMBIA<br \/>2022<\/p>\t\t\t\t\t\t\t\t<\/div>\n\t\t\t\t<\/div>\n\t\t\t\t\t<\/div>\n\t\t<\/div>\n\t\t\t\t\t<\/div>\n\t\t<\/section>\n\t\t\t\t<section class=\"elementor-section elementor-top-section elementor-element elementor-element-30c248f elementor-section-full_width elementor-section-height-default elementor-section-height-default\" data-id=\"30c248f\" data-element_type=\"section\">\n\t\t\t\t\t\t<div class=\"elementor-container elementor-column-gap-default\">\n\t\t\t\t\t<div class=\"elementor-column elementor-col-50 elementor-top-column elementor-element elementor-element-b2fae26\" data-id=\"b2fae26\" data-element_type=\"column\">\n\t\t\t<div class=\"elementor-widget-wrap elementor-element-populated\">\n\t\t\t\t\t\t<div class=\"elementor-element elementor-element-a074054 elementor-invisible elementor-widget elementor-widget-image\" data-id=\"a074054\" data-element_type=\"widget\" data-settings=\"{&quot;_animation&quot;:&quot;slideInUp&quot;}\" data-widget_type=\"image.default\">\n\t\t\t\t<div class=\"elementor-widget-container\">\n\t\t\t\t\t\t\t\t\t\t\t\t\t\t\t\t<a href=\"http:\/\/intoitalia.co\/wp-content\/uploads\/2023\/07\/2.jpg\" data-elementor-open-lightbox=\"yes\" data-e-action-hash=\"#elementor-action%3Aaction%3Dlightbox%26settings%3DeyJpZCI6Nzk1LCJ1cmwiOiJodHRwczpcL1wvaW50b2l0YWxpYS5jb1wvd3AtY29udGVudFwvdXBsb2Fkc1wvMjAyM1wvMDdcLzIuanBnIn0%3D\">\n\t\t\t\t\t\t\t<img decoding=\"async\" width=\"1080\" height=\"1920\" src=\"https:\/\/intoitalia.co\/wp-content\/uploads\/2023\/07\/2.jpg\" class=\"attachment-full size-full wp-image-795\" alt=\"\" srcset=\"https:\/\/intoitalia.co\/wp-content\/uploads\/2023\/07\/2.jpg 1080w, https:\/\/intoitalia.co\/wp-content\/uploads\/2023\/07\/2-169x300.jpg 169w, https:\/\/intoitalia.co\/wp-content\/uploads\/2023\/07\/2-576x1024.jpg 576w, https:\/\/intoitalia.co\/wp-content\/uploads\/2023\/07\/2-768x1365.jpg 768w, https:\/\/intoitalia.co\/wp-content\/uploads\/2023\/07\/2-864x1536.jpg 864w\" sizes=\"(max-width: 1080px) 100vw, 1080px\" \/>\t\t\t\t\t\t\t\t<\/a>\n\t\t\t\t\t\t\t\t\t\t\t\t\t\t\t<\/div>\n\t\t\t\t<\/div>\n\t\t\t\t\t<\/div>\n\t\t<\/div>\n\t\t\t\t<div class=\"elementor-column elementor-col-50 elementor-top-column elementor-element elementor-element-a57d079\" data-id=\"a57d079\" data-element_type=\"column\">\n\t\t\t<div class=\"elementor-widget-wrap elementor-element-populated\">\n\t\t\t\t\t\t<div class=\"elementor-element elementor-element-037cc04 elementor-widget elementor-widget-text-editor\" data-id=\"037cc04\" data-element_type=\"widget\" data-widget_type=\"text-editor.default\">\n\t\t\t\t<div class=\"elementor-widget-container\">\n\t\t\t\t\t\t\t\t\t<p>ARQUITECTURA INTO<\/p>\t\t\t\t\t\t\t\t<\/div>\n\t\t\t\t<\/div>\n\t\t\t\t<div class=\"elementor-element elementor-element-0dad863 elementor-widget elementor-widget-text-editor\" data-id=\"0dad863\" data-element_type=\"widget\" data-widget_type=\"text-editor.default\">\n\t\t\t\t<div class=\"elementor-widget-container\">\n\t\t\t\t\t\t\t\t\t<p>Casa de verano con una vista inigualable . Obra arquitect\u00f3nica que se destaca por la imponencia de sus espacios, por la sensaci\u00f3n de tranquilidad que transmite a quien la habita, pero sobre todo porque su origen conceptual que est\u00e1 en la naturaleza y la intenci\u00f3n de proporcionar confort t\u00e9rmico a trav\u00e9s de ella.<br \/>En el acceso principal, se manifiesta una de las principales estrategias bioclim\u00e1ticas de esta Casa, un muro imponente que redirecciona las corrientes de aire.<\/p>\t\t\t\t\t\t\t\t<\/div>\n\t\t\t\t<\/div>\n\t\t\t\t\t<\/div>\n\t\t<\/div>\n\t\t\t\t\t<\/div>\n\t\t<\/section>\n\t\t\t\t<section class=\"elementor-section elementor-top-section elementor-element elementor-element-8928674 elementor-section-full_width elementor-section-height-default elementor-section-height-default elementor-invisible\" data-id=\"8928674\" data-element_type=\"section\" data-settings=\"{&quot;background_background&quot;:&quot;classic&quot;,&quot;animation&quot;:&quot;slideInUp&quot;}\">\n\t\t\t\t\t\t<div class=\"elementor-container elementor-column-gap-default\">\n\t\t\t\t\t<div class=\"elementor-column elementor-col-100 elementor-top-column elementor-element elementor-element-7d96882\" data-id=\"7d96882\" data-element_type=\"column\">\n\t\t\t<div class=\"elementor-widget-wrap elementor-element-populated\">\n\t\t\t\t\t\t<div class=\"elementor-element elementor-element-5d9e6c9 elementor-widget elementor-widget-text-editor\" data-id=\"5d9e6c9\" data-element_type=\"widget\" data-widget_type=\"text-editor.default\">\n\t\t\t\t<div class=\"elementor-widget-container\">\n\t\t\t\t\t\t\t\t\t<p>El mobiliario, tambi\u00e9n conceptualizado como una extremidad del proyecto y pensado desde el origen como una obra de arte que sea elocuente, entre los mismos principios de la arquitectura.<\/p>\t\t\t\t\t\t\t\t<\/div>\n\t\t\t\t<\/div>\n\t\t\t\t\t<\/div>\n\t\t<\/div>\n\t\t\t\t\t<\/div>\n\t\t<\/section>\n\t\t\t\t<section class=\"elementor-section elementor-top-section elementor-element elementor-element-b7f8dcd elementor-section-full_width elementor-section-height-default elementor-section-height-default\" data-id=\"b7f8dcd\" data-element_type=\"section\">\n\t\t\t\t\t\t<div class=\"elementor-container elementor-column-gap-default\">\n\t\t\t\t\t<div class=\"elementor-column elementor-col-50 elementor-top-column elementor-element elementor-element-903abd9\" data-id=\"903abd9\" data-element_type=\"column\">\n\t\t\t<div class=\"elementor-widget-wrap elementor-element-populated\">\n\t\t\t\t\t\t<div class=\"elementor-element elementor-element-d2446cb elementor-invisible elementor-widget elementor-widget-image\" data-id=\"d2446cb\" data-element_type=\"widget\" data-settings=\"{&quot;_animation&quot;:&quot;slideInUp&quot;}\" data-widget_type=\"image.default\">\n\t\t\t\t<div class=\"elementor-widget-container\">\n\t\t\t\t\t\t\t\t\t\t\t\t\t\t\t\t<a href=\"http:\/\/intoitalia.co\/wp-content\/uploads\/2023\/07\/4.jpg\" data-elementor-open-lightbox=\"yes\" data-e-action-hash=\"#elementor-action%3Aaction%3Dlightbox%26settings%3DeyJpZCI6ODE1LCJ1cmwiOiJodHRwczpcL1wvaW50b2l0YWxpYS5jb1wvd3AtY29udGVudFwvdXBsb2Fkc1wvMjAyM1wvMDdcLzQuanBnIn0%3D\">\n\t\t\t\t\t\t\t<img decoding=\"async\" width=\"1080\" height=\"1920\" src=\"https:\/\/intoitalia.co\/wp-content\/uploads\/2023\/07\/4.jpg\" class=\"attachment-full size-full wp-image-815\" alt=\"\" srcset=\"https:\/\/intoitalia.co\/wp-content\/uploads\/2023\/07\/4.jpg 1080w, https:\/\/intoitalia.co\/wp-content\/uploads\/2023\/07\/4-169x300.jpg 169w, https:\/\/intoitalia.co\/wp-content\/uploads\/2023\/07\/4-576x1024.jpg 576w, https:\/\/intoitalia.co\/wp-content\/uploads\/2023\/07\/4-768x1365.jpg 768w, https:\/\/intoitalia.co\/wp-content\/uploads\/2023\/07\/4-864x1536.jpg 864w\" sizes=\"(max-width: 1080px) 100vw, 1080px\" \/>\t\t\t\t\t\t\t\t<\/a>\n\t\t\t\t\t\t\t\t\t\t\t\t\t\t\t<\/div>\n\t\t\t\t<\/div>\n\t\t\t\t\t<\/div>\n\t\t<\/div>\n\t\t\t\t<div class=\"elementor-column elementor-col-50 elementor-top-column elementor-element elementor-element-4db65c6\" data-id=\"4db65c6\" data-element_type=\"column\">\n\t\t\t<div class=\"elementor-widget-wrap elementor-element-populated\">\n\t\t\t\t\t\t<div class=\"elementor-element elementor-element-c17db5f animated-slow elementor-invisible elementor-widget elementor-widget-image\" data-id=\"c17db5f\" data-element_type=\"widget\" data-settings=\"{&quot;_animation&quot;:&quot;slideInUp&quot;}\" data-widget_type=\"image.default\">\n\t\t\t\t<div class=\"elementor-widget-container\">\n\t\t\t\t\t\t\t\t\t\t\t\t\t\t\t\t<a href=\"http:\/\/intoitalia.co\/wp-content\/uploads\/2023\/07\/4.1.jpg\" data-elementor-open-lightbox=\"yes\" data-e-action-hash=\"#elementor-action%3Aaction%3Dlightbox%26settings%3DeyJpZCI6ODE2LCJ1cmwiOiJodHRwczpcL1wvaW50b2l0YWxpYS5jb1wvd3AtY29udGVudFwvdXBsb2Fkc1wvMjAyM1wvMDdcLzQuMS5qcGcifQ%3D%3D\">\n\t\t\t\t\t\t\t<img loading=\"lazy\" decoding=\"async\" width=\"1080\" height=\"1920\" src=\"https:\/\/intoitalia.co\/wp-content\/uploads\/2023\/07\/4.1.jpg\" class=\"attachment-full size-full wp-image-816\" alt=\"\" srcset=\"https:\/\/intoitalia.co\/wp-content\/uploads\/2023\/07\/4.1.jpg 1080w, https:\/\/intoitalia.co\/wp-content\/uploads\/2023\/07\/4.1-169x300.jpg 169w, https:\/\/intoitalia.co\/wp-content\/uploads\/2023\/07\/4.1-576x1024.jpg 576w, https:\/\/intoitalia.co\/wp-content\/uploads\/2023\/07\/4.1-768x1365.jpg 768w, https:\/\/intoitalia.co\/wp-content\/uploads\/2023\/07\/4.1-864x1536.jpg 864w\" sizes=\"(max-width: 1080px) 100vw, 1080px\" \/>\t\t\t\t\t\t\t\t<\/a>\n\t\t\t\t\t\t\t\t\t\t\t\t\t\t\t<\/div>\n\t\t\t\t<\/div>\n\t\t\t\t<div class=\"elementor-element elementor-element-f1020ee elementor-widget elementor-widget-text-editor\" data-id=\"f1020ee\" data-element_type=\"widget\" data-widget_type=\"text-editor.default\">\n\t\t\t\t<div class=\"elementor-widget-container\">\n\t\t\t\t\t\t\t\t\t<p>INTERIOR<\/p>\t\t\t\t\t\t\t\t<\/div>\n\t\t\t\t<\/div>\n\t\t\t\t<div class=\"elementor-element elementor-element-4af392b elementor-widget elementor-widget-text-editor\" data-id=\"4af392b\" data-element_type=\"widget\" data-widget_type=\"text-editor.default\">\n\t\t\t\t<div class=\"elementor-widget-container\">\n\t\t\t\t\t\t\t\t\t<p>Su mobiliario, tambi\u00e9n conceptualizado como una extremidad del proyecto y pensado desde el origen como una obra de arte que sea elocuente, entre los mismos principios de la arquitectura. Cabe destacar que la magia del interiorismo va m\u00e1s all\u00e1 de decorar y ocupar totalmente un espacio vac\u00edo.<br \/>El vac\u00edo como el silencio tambi\u00e9n comunica, es capaz de transmitir sensaciones y a partir de esta idea se desarrolla un mobiliario protagonista, pero capaz de coexistir con el vac\u00edo para exaltar las bondades de la arquitectura.<\/p>\t\t\t\t\t\t\t\t<\/div>\n\t\t\t\t<\/div>\n\t\t\t\t\t<\/div>\n\t\t<\/div>\n\t\t\t\t\t<\/div>\n\t\t<\/section>\n\t\t\t\t<section class=\"elementor-section elementor-top-section elementor-element elementor-element-cb16024 elementor-section-full_width elementor-section-height-default elementor-section-height-default\" data-id=\"cb16024\" data-element_type=\"section\">\n\t\t\t\t\t\t<div class=\"elementor-container elementor-column-gap-default\">\n\t\t\t\t\t<div class=\"elementor-column elementor-col-50 elementor-top-column elementor-element elementor-element-0db7b2a\" data-id=\"0db7b2a\" data-element_type=\"column\">\n\t\t\t<div class=\"elementor-widget-wrap elementor-element-populated\">\n\t\t\t\t\t\t<div class=\"elementor-element elementor-element-6bb0743 elementor-invisible elementor-widget elementor-widget-image\" data-id=\"6bb0743\" data-element_type=\"widget\" data-settings=\"{&quot;_animation&quot;:&quot;slideInUp&quot;}\" data-widget_type=\"image.default\">\n\t\t\t\t<div class=\"elementor-widget-container\">\n\t\t\t\t\t\t\t\t\t\t\t\t\t\t\t\t<a href=\"http:\/\/intoitalia.co\/wp-content\/uploads\/2023\/07\/7.1.jpg\" data-elementor-open-lightbox=\"yes\" data-e-action-hash=\"#elementor-action%3Aaction%3Dlightbox%26settings%3DeyJpZCI6ODQzLCJ1cmwiOiJodHRwczpcL1wvaW50b2l0YWxpYS5jb1wvd3AtY29udGVudFwvdXBsb2Fkc1wvMjAyM1wvMDdcLzcuMS5qcGcifQ%3D%3D\">\n\t\t\t\t\t\t\t<img loading=\"lazy\" decoding=\"async\" width=\"1080\" height=\"1920\" src=\"https:\/\/intoitalia.co\/wp-content\/uploads\/2023\/07\/7.1.jpg\" class=\"attachment-full size-full wp-image-843\" alt=\"\" srcset=\"https:\/\/intoitalia.co\/wp-content\/uploads\/2023\/07\/7.1.jpg 1080w, https:\/\/intoitalia.co\/wp-content\/uploads\/2023\/07\/7.1-169x300.jpg 169w, https:\/\/intoitalia.co\/wp-content\/uploads\/2023\/07\/7.1-576x1024.jpg 576w, https:\/\/intoitalia.co\/wp-content\/uploads\/2023\/07\/7.1-768x1365.jpg 768w, https:\/\/intoitalia.co\/wp-content\/uploads\/2023\/07\/7.1-864x1536.jpg 864w\" sizes=\"(max-width: 1080px) 100vw, 1080px\" \/>\t\t\t\t\t\t\t\t<\/a>\n\t\t\t\t\t\t\t\t\t\t\t\t\t\t\t<\/div>\n\t\t\t\t<\/div>\n\t\t\t\t\t<\/div>\n\t\t<\/div>\n\t\t\t\t<div class=\"elementor-column elementor-col-50 elementor-top-column elementor-element elementor-element-e93c293 animated-slow elementor-invisible\" data-id=\"e93c293\" data-element_type=\"column\" data-settings=\"{&quot;background_background&quot;:&quot;classic&quot;,&quot;animation&quot;:&quot;slideInUp&quot;}\">\n\t\t\t<div class=\"elementor-widget-wrap elementor-element-populated\">\n\t\t\t\t\t\t<div class=\"elementor-element elementor-element-1ee0ac7 elementor-hidden-mobile elementor-hidden-tablet elementor-widget elementor-widget-text-editor\" data-id=\"1ee0ac7\" data-element_type=\"widget\" data-widget_type=\"text-editor.default\">\n\t\t\t\t<div class=\"elementor-widget-container\">\n\t\t\t\t\t\t\t\t\t<p>LA ESENCIA DE SU ARQUITECTURA<\/p>\t\t\t\t\t\t\t\t<\/div>\n\t\t\t\t<\/div>\n\t\t\t\t<div class=\"elementor-element elementor-element-12c1038 elementor-hidden-mobile elementor-hidden-tablet elementor-widget elementor-widget-text-editor\" data-id=\"12c1038\" data-element_type=\"widget\" data-widget_type=\"text-editor.default\">\n\t\t\t\t<div class=\"elementor-widget-container\">\n\t\t\t\t\t\t\t\t\t<p>Casa Ed\u00e9n se basa en un estilo minimalista para desarrollar cada escala del proyecto. La geometr\u00eda b\u00e1sica y el juego de l\u00edneas simples y sim\u00e9tricas protagonizan esta composici\u00f3n arquitect\u00f3nica, con la intenci\u00f3n de generar limpieza, orden y frescura, no solo a partir de la forma sino tambi\u00e9n del color y la materialidad. La horizontalidad es una de las principales intenciones espaciales y se puede evidenciar en el interior, mobiliario y su entorno.<\/p>\t\t\t\t\t\t\t\t<\/div>\n\t\t\t\t<\/div>\n\t\t\t\t\t<\/div>\n\t\t<\/div>\n\t\t\t\t\t<\/div>\n\t\t<\/section>\n\t\t\t\t<section class=\"elementor-section elementor-top-section elementor-element elementor-element-3d98796 elementor-section-full_width elementor-section-height-default elementor-section-height-default elementor-invisible\" data-id=\"3d98796\" data-element_type=\"section\" data-settings=\"{&quot;background_background&quot;:&quot;classic&quot;,&quot;animation&quot;:&quot;slideInUp&quot;}\">\n\t\t\t\t\t\t<div class=\"elementor-container elementor-column-gap-default\">\n\t\t\t\t\t<div class=\"elementor-column elementor-col-100 elementor-top-column elementor-element elementor-element-efd81e4\" data-id=\"efd81e4\" data-element_type=\"column\">\n\t\t\t<div class=\"elementor-widget-wrap elementor-element-populated\">\n\t\t\t\t\t\t<div class=\"elementor-element elementor-element-286aaf8 elementor-widget elementor-widget-text-editor\" data-id=\"286aaf8\" data-element_type=\"widget\" data-widget_type=\"text-editor.default\">\n\t\t\t\t<div class=\"elementor-widget-container\">\n\t\t\t\t\t\t\t\t\t<p>EL DISE\u00d1O INTO<\/p>\t\t\t\t\t\t\t\t<\/div>\n\t\t\t\t<\/div>\n\t\t\t\t<div class=\"elementor-element elementor-element-756b1df elementor-widget elementor-widget-text-editor\" data-id=\"756b1df\" data-element_type=\"widget\" data-widget_type=\"text-editor.default\">\n\t\t\t\t<div class=\"elementor-widget-container\">\n\t\t\t\t\t\t\t\t\t<p>DISFRUTANDO DEL PAISAJE<\/p>\t\t\t\t\t\t\t\t<\/div>\n\t\t\t\t<\/div>\n\t\t\t\t<div class=\"elementor-element elementor-element-a4160bc elementor-widget elementor-widget-text-editor\" data-id=\"a4160bc\" data-element_type=\"widget\" data-widget_type=\"text-editor.default\">\n\t\t\t\t<div class=\"elementor-widget-container\">\n\t\t\t\t\t\t\t\t\t<p>La majestuosidad de un atardecer colombiano en sincron\u00eda con la grandiosa habilidad del ser humano de crear espacios, la arquitectura. Una perfecta armon\u00eda entre lo natural y lo artificial, una profunda necesidad de aislarse sin perder la conexi\u00f3n del ser humano con su naturaleza.<\/p>\t\t\t\t\t\t\t\t<\/div>\n\t\t\t\t<\/div>\n\t\t\t\t\t<\/div>\n\t\t<\/div>\n\t\t\t\t\t<\/div>\n\t\t<\/section>\n\t\t\t\t<section class=\"elementor-section elementor-top-section elementor-element elementor-element-5f3a1d5 elementor-section-full_width elementor-section-height-default elementor-section-height-default\" data-id=\"5f3a1d5\" data-element_type=\"section\">\n\t\t\t\t\t\t<div class=\"elementor-container elementor-column-gap-default\">\n\t\t\t\t\t<div class=\"elementor-column elementor-col-100 elementor-top-column elementor-element elementor-element-02db335\" data-id=\"02db335\" data-element_type=\"column\">\n\t\t\t<div class=\"elementor-widget-wrap elementor-element-populated\">\n\t\t\t\t\t\t<div class=\"elementor-element elementor-element-148e329 elementor-widget elementor-widget-image\" data-id=\"148e329\" data-element_type=\"widget\" data-widget_type=\"image.default\">\n\t\t\t\t<div class=\"elementor-widget-container\">\n\t\t\t\t\t\t\t\t\t\t\t\t\t\t\t\t<a href=\"http:\/\/intoitalia.co\/wp-content\/uploads\/2023\/07\/8.jpg\" data-elementor-open-lightbox=\"yes\" data-e-action-hash=\"#elementor-action%3Aaction%3Dlightbox%26settings%3DeyJpZCI6ODYwLCJ1cmwiOiJodHRwczpcL1wvaW50b2l0YWxpYS5jb1wvd3AtY29udGVudFwvdXBsb2Fkc1wvMjAyM1wvMDdcLzguanBnIn0%3D\">\n\t\t\t\t\t\t\t<img loading=\"lazy\" decoding=\"async\" width=\"1920\" height=\"1080\" src=\"https:\/\/intoitalia.co\/wp-content\/uploads\/2023\/07\/8.jpg\" class=\"attachment-full size-full wp-image-860\" alt=\"\" srcset=\"https:\/\/intoitalia.co\/wp-content\/uploads\/2023\/07\/8.jpg 1920w, https:\/\/intoitalia.co\/wp-content\/uploads\/2023\/07\/8-300x169.jpg 300w, https:\/\/intoitalia.co\/wp-content\/uploads\/2023\/07\/8-1024x576.jpg 1024w, https:\/\/intoitalia.co\/wp-content\/uploads\/2023\/07\/8-768x432.jpg 768w, https:\/\/intoitalia.co\/wp-content\/uploads\/2023\/07\/8-1536x864.jpg 1536w\" sizes=\"(max-width: 1920px) 100vw, 1920px\" \/>\t\t\t\t\t\t\t\t<\/a>\n\t\t\t\t\t\t\t\t\t\t\t\t\t\t\t<\/div>\n\t\t\t\t<\/div>\n\t\t\t\t\t<\/div>\n\t\t<\/div>\n\t\t\t\t\t<\/div>\n\t\t<\/section>\n\t\t\t\t<\/div>\n\t\t","protected":false},"excerpt":{"rendered":"<p>CASA EDEN COLOMBIA2022 ARQUITECTURA INTO Casa de verano con una vista inigualable . Obra arquitect\u00f3nica que se destaca por la imponencia de sus espacios, por la sensaci\u00f3n de tranquilidad que transmite a quien la habita, pero sobre todo porque su origen conceptual que est\u00e1 en la naturaleza y la intenci\u00f3n de proporcionar confort t\u00e9rmico a [&hellip;]<\/p>\n","protected":false},"author":1,"featured_media":1172,"parent":15,"menu_order":0,"comment_status":"closed","ping_status":"closed","template":"","meta":{"footnotes":""},"class_list":["post-791","page","type-page","status-publish","has-post-thumbnail","hentry"],"aioseo_notices":[],"_links":{"self":[{"href":"https:\/\/intoitalia.co\/es\/wp-json\/wp\/v2\/pages\/791","targetHints":{"allow":["GET"]}}],"collection":[{"href":"https:\/\/intoitalia.co\/es\/wp-json\/wp\/v2\/pages"}],"about":[{"href":"https:\/\/intoitalia.co\/es\/wp-json\/wp\/v2\/types\/page"}],"author":[{"embeddable":true,"href":"https:\/\/intoitalia.co\/es\/wp-json\/wp\/v2\/users\/1"}],"replies":[{"embeddable":true,"href":"https:\/\/intoitalia.co\/es\/wp-json\/wp\/v2\/comments?post=791"}],"version-history":[{"count":122,"href":"https:\/\/intoitalia.co\/es\/wp-json\/wp\/v2\/pages\/791\/revisions"}],"predecessor-version":[{"id":2039,"href":"https:\/\/intoitalia.co\/es\/wp-json\/wp\/v2\/pages\/791\/revisions\/2039"}],"up":[{"embeddable":true,"href":"https:\/\/intoitalia.co\/es\/wp-json\/wp\/v2\/pages\/15"}],"wp:featuredmedia":[{"embeddable":true,"href":"https:\/\/intoitalia.co\/es\/wp-json\/wp\/v2\/media\/1172"}],"wp:attachment":[{"href":"https:\/\/intoitalia.co\/es\/wp-json\/wp\/v2\/media?parent=791"}],"curies":[{"name":"wp","href":"https:\/\/api.w.org\/{rel}","templated":true}]}}