{"id":870,"date":"2023-07-13T18:44:28","date_gmt":"2023-07-13T18:44:28","guid":{"rendered":"https:\/\/intoitalia.co\/?page_id=870"},"modified":"2023-08-01T17:52:45","modified_gmt":"2023-08-01T22:52:45","slug":"apartamento-tre-piu","status":"publish","type":"page","link":"https:\/\/intoitalia.co\/es\/proyectos_\/apartamento-tre-piu\/","title":{"rendered":"Apartamento tre piu"},"content":{"rendered":"\t\t<div data-elementor-type=\"wp-page\" data-elementor-id=\"870\" class=\"elementor elementor-870\" data-elementor-post-type=\"page\">\n\t\t\t\t\t\t<section class=\"elementor-section elementor-top-section elementor-element elementor-element-f9c5c36 elementor-section-full_width elementor-section-height-default elementor-section-height-default\" data-id=\"f9c5c36\" data-element_type=\"section\">\n\t\t\t\t\t\t<div class=\"elementor-container elementor-column-gap-default\">\n\t\t\t\t\t<div class=\"elementor-column elementor-col-100 elementor-top-column elementor-element elementor-element-ba1ac37\" data-id=\"ba1ac37\" data-element_type=\"column\">\n\t\t\t<div class=\"elementor-widget-wrap elementor-element-populated\">\n\t\t\t\t\t\t<div class=\"elementor-element elementor-element-a8804dd elementor-widget elementor-widget-image\" data-id=\"a8804dd\" data-element_type=\"widget\" data-widget_type=\"image.default\">\n\t\t\t\t<div class=\"elementor-widget-container\">\n\t\t\t\t\t\t\t\t\t\t\t\t\t\t\t<img fetchpriority=\"high\" decoding=\"async\" width=\"1920\" height=\"1080\" src=\"https:\/\/intoitalia.co\/wp-content\/uploads\/2023\/07\/1-1.jpg\" class=\"attachment-full size-full wp-image-872\" alt=\"\" srcset=\"https:\/\/intoitalia.co\/wp-content\/uploads\/2023\/07\/1-1.jpg 1920w, https:\/\/intoitalia.co\/wp-content\/uploads\/2023\/07\/1-1-300x169.jpg 300w, https:\/\/intoitalia.co\/wp-content\/uploads\/2023\/07\/1-1-1024x576.jpg 1024w, https:\/\/intoitalia.co\/wp-content\/uploads\/2023\/07\/1-1-768x432.jpg 768w, https:\/\/intoitalia.co\/wp-content\/uploads\/2023\/07\/1-1-1536x864.jpg 1536w\" sizes=\"(max-width: 1920px) 100vw, 1920px\" \/>\t\t\t\t\t\t\t\t\t\t\t\t\t\t\t<\/div>\n\t\t\t\t<\/div>\n\t\t\t\t\t<\/div>\n\t\t<\/div>\n\t\t\t\t\t<\/div>\n\t\t<\/section>\n\t\t\t\t<section class=\"elementor-section elementor-top-section elementor-element elementor-element-5cbfc53 elementor-section-boxed elementor-section-height-default elementor-section-height-default\" data-id=\"5cbfc53\" data-element_type=\"section\">\n\t\t\t\t\t\t<div class=\"elementor-container elementor-column-gap-default\">\n\t\t\t\t\t<div class=\"elementor-column elementor-col-100 elementor-top-column elementor-element elementor-element-0dcfa55\" data-id=\"0dcfa55\" data-element_type=\"column\">\n\t\t\t<div class=\"elementor-widget-wrap elementor-element-populated\">\n\t\t\t\t\t\t<div class=\"elementor-element elementor-element-f254e14 elementor-widget elementor-widget-text-editor\" data-id=\"f254e14\" data-element_type=\"widget\" data-widget_type=\"text-editor.default\">\n\t\t\t\t<div class=\"elementor-widget-container\">\n\t\t\t\t\t\t\t\t\t<p>APARTAMENTO TRE PIU<\/p>\t\t\t\t\t\t\t\t<\/div>\n\t\t\t\t<\/div>\n\t\t\t\t<div class=\"elementor-element elementor-element-2ce919a elementor-widget elementor-widget-text-editor\" data-id=\"2ce919a\" data-element_type=\"widget\" data-widget_type=\"text-editor.default\">\n\t\t\t\t<div class=\"elementor-widget-container\">\n\t\t\t\t\t\t\t\t\t<p>MEDELL\u00cdN<br \/>2019<\/p>\t\t\t\t\t\t\t\t<\/div>\n\t\t\t\t<\/div>\n\t\t\t\t\t<\/div>\n\t\t<\/div>\n\t\t\t\t\t<\/div>\n\t\t<\/section>\n\t\t\t\t<section class=\"elementor-section elementor-top-section elementor-element elementor-element-a475aea elementor-section-full_width elementor-section-height-default elementor-section-height-default\" data-id=\"a475aea\" data-element_type=\"section\">\n\t\t\t\t\t\t<div class=\"elementor-container elementor-column-gap-default\">\n\t\t\t\t\t<div class=\"elementor-column elementor-col-100 elementor-top-column elementor-element elementor-element-0a71d2e\" data-id=\"0a71d2e\" data-element_type=\"column\">\n\t\t\t<div class=\"elementor-widget-wrap elementor-element-populated\">\n\t\t\t\t\t\t<div class=\"elementor-element elementor-element-1e41cd6 elementor-widget elementor-widget-image\" data-id=\"1e41cd6\" data-element_type=\"widget\" data-widget_type=\"image.default\">\n\t\t\t\t<div class=\"elementor-widget-container\">\n\t\t\t\t\t\t\t\t\t\t\t\t\t\t\t<img decoding=\"async\" width=\"1920\" height=\"1080\" src=\"https:\/\/intoitalia.co\/wp-content\/uploads\/2023\/07\/3-1.jpg\" class=\"attachment-full size-full wp-image-873\" alt=\"\" srcset=\"https:\/\/intoitalia.co\/wp-content\/uploads\/2023\/07\/3-1.jpg 1920w, https:\/\/intoitalia.co\/wp-content\/uploads\/2023\/07\/3-1-300x169.jpg 300w, https:\/\/intoitalia.co\/wp-content\/uploads\/2023\/07\/3-1-1024x576.jpg 1024w, https:\/\/intoitalia.co\/wp-content\/uploads\/2023\/07\/3-1-768x432.jpg 768w, https:\/\/intoitalia.co\/wp-content\/uploads\/2023\/07\/3-1-1536x864.jpg 1536w\" sizes=\"(max-width: 1920px) 100vw, 1920px\" \/>\t\t\t\t\t\t\t\t\t\t\t\t\t\t\t<\/div>\n\t\t\t\t<\/div>\n\t\t\t\t\t<\/div>\n\t\t<\/div>\n\t\t\t\t\t<\/div>\n\t\t<\/section>\n\t\t\t\t<section class=\"elementor-section elementor-top-section elementor-element elementor-element-8bb7e0a elementor-section-full_width elementor-section-height-min-height elementor-section-height-default elementor-section-items-middle\" data-id=\"8bb7e0a\" data-element_type=\"section\" data-settings=\"{&quot;background_background&quot;:&quot;classic&quot;}\">\n\t\t\t\t\t\t<div class=\"elementor-container elementor-column-gap-default\">\n\t\t\t\t\t<div class=\"elementor-column elementor-col-100 elementor-top-column elementor-element elementor-element-901bf9f\" data-id=\"901bf9f\" data-element_type=\"column\">\n\t\t\t<div class=\"elementor-widget-wrap elementor-element-populated\">\n\t\t\t\t\t\t<div class=\"elementor-element elementor-element-354a1cf elementor-hidden-mobile elementor-widget elementor-widget-text-editor\" data-id=\"354a1cf\" data-element_type=\"widget\" data-widget_type=\"text-editor.default\">\n\t\t\t\t<div class=\"elementor-widget-container\">\n\t\t\t\t\t\t\t\t\t<p>EL DISE\u00d1O INTERIOR<\/p>\t\t\t\t\t\t\t\t<\/div>\n\t\t\t\t<\/div>\n\t\t\t\t<div class=\"elementor-element elementor-element-f420bcf elementor-hidden-mobile elementor-widget elementor-widget-text-editor\" data-id=\"f420bcf\" data-element_type=\"widget\" data-widget_type=\"text-editor.default\">\n\t\t\t\t<div class=\"elementor-widget-container\">\n\t\t\t\t\t\t\t\t\t<p>CUIDADO AL DETALLE<\/p>\t\t\t\t\t\t\t\t<\/div>\n\t\t\t\t<\/div>\n\t\t\t\t<div class=\"elementor-element elementor-element-efe1535 elementor-hidden-mobile elementor-widget elementor-widget-text-editor\" data-id=\"efe1535\" data-element_type=\"widget\" data-widget_type=\"text-editor.default\">\n\t\t\t\t<div class=\"elementor-widget-container\">\n\t\t\t\t\t\t\t\t\t<p>En un mundo agitado y fren\u00e9tico, encontrar un espacio que nos transporte a un oasis de tranquilidad y sofisticaci\u00f3n se ha vuelto un tesoro inestimable. En nuestra b\u00fasqueda por crear ambientes que encarnen el lujo en su m\u00e1xima expresi\u00f3n, hemos concebido un espacio que va m\u00e1s all\u00e1 de las expectativas convencionales. Con un alto nivel de detalle y una pasi\u00f3n por las sensaciones que evocan, hemos dado vida a un entorno \u00fanico, dise\u00f1ado para deleitar a los sendos y nutrir el alma.<\/p>\t\t\t\t\t\t\t\t<\/div>\n\t\t\t\t<\/div>\n\t\t\t\t\t<\/div>\n\t\t<\/div>\n\t\t\t\t\t<\/div>\n\t\t<\/section>\n\t\t\t\t<section class=\"elementor-section elementor-top-section elementor-element elementor-element-e34e31c elementor-section-full_width elementor-section-height-default elementor-section-height-default\" data-id=\"e34e31c\" data-element_type=\"section\">\n\t\t\t\t\t\t<div class=\"elementor-container elementor-column-gap-default\">\n\t\t\t\t\t<div class=\"elementor-column elementor-col-100 elementor-top-column elementor-element elementor-element-6d9f8e0\" data-id=\"6d9f8e0\" data-element_type=\"column\">\n\t\t\t<div class=\"elementor-widget-wrap elementor-element-populated\">\n\t\t\t\t\t\t<div class=\"elementor-element elementor-element-9102fa3 elementor-widget elementor-widget-image\" data-id=\"9102fa3\" data-element_type=\"widget\" data-widget_type=\"image.default\">\n\t\t\t\t<div class=\"elementor-widget-container\">\n\t\t\t\t\t\t\t\t\t\t\t\t\t\t\t<img decoding=\"async\" width=\"1920\" height=\"1080\" src=\"https:\/\/intoitalia.co\/wp-content\/uploads\/2023\/07\/5-1.jpg\" class=\"attachment-full size-full wp-image-875\" alt=\"\" srcset=\"https:\/\/intoitalia.co\/wp-content\/uploads\/2023\/07\/5-1.jpg 1920w, https:\/\/intoitalia.co\/wp-content\/uploads\/2023\/07\/5-1-300x169.jpg 300w, https:\/\/intoitalia.co\/wp-content\/uploads\/2023\/07\/5-1-1024x576.jpg 1024w, https:\/\/intoitalia.co\/wp-content\/uploads\/2023\/07\/5-1-768x432.jpg 768w, https:\/\/intoitalia.co\/wp-content\/uploads\/2023\/07\/5-1-1536x864.jpg 1536w\" sizes=\"(max-width: 1920px) 100vw, 1920px\" \/>\t\t\t\t\t\t\t\t\t\t\t\t\t\t\t<\/div>\n\t\t\t\t<\/div>\n\t\t\t\t\t<\/div>\n\t\t<\/div>\n\t\t\t\t\t<\/div>\n\t\t<\/section>\n\t\t\t\t<section class=\"elementor-section elementor-top-section elementor-element elementor-element-28cc349 elementor-section-full_width elementor-section-height-default elementor-section-height-default\" data-id=\"28cc349\" data-element_type=\"section\">\n\t\t\t\t\t\t<div class=\"elementor-container elementor-column-gap-default\">\n\t\t\t\t\t<div class=\"elementor-column elementor-col-50 elementor-top-column elementor-element elementor-element-9ebd2eb\" data-id=\"9ebd2eb\" data-element_type=\"column\">\n\t\t\t<div class=\"elementor-widget-wrap elementor-element-populated\">\n\t\t\t\t\t\t<div class=\"elementor-element elementor-element-d54ab7e elementor-widget elementor-widget-text-editor\" data-id=\"d54ab7e\" data-element_type=\"widget\" data-widget_type=\"text-editor.default\">\n\t\t\t\t<div class=\"elementor-widget-container\">\n\t\t\t\t\t\t\t\t\t<p>ESPACIO SOFISTICADO<\/p>\t\t\t\t\t\t\t\t<\/div>\n\t\t\t\t<\/div>\n\t\t\t\t<div class=\"elementor-element elementor-element-b849147 elementor-widget elementor-widget-text-editor\" data-id=\"b849147\" data-element_type=\"widget\" data-widget_type=\"text-editor.default\">\n\t\t\t\t<div class=\"elementor-widget-container\">\n\t\t\t\t\t\t\t\t\t<p>Adentrarse en este espacio es embarcarse en un viaje de los sentidos, una oportunidad de experimentar el lujo en su forma m\u00e1s pura y refinada. Desde el interior, hemos creado un lugar donde la belleza y la funcionalidad convergen, donde los sue\u00f1os y las emociones se entrelazan para dar vida a un entorno que inspira y transforma. La iluminaci\u00f3n artificial ha sido cuidadosamente dise\u00f1ada para realzar el espacio y crear ambientes acogedores. L\u00e1mparas de dise\u00f1o exclusivo cuelgan delicadamente del techo, iluminando suavemente cada rinc\u00f3n y resaltando la belleza de las texturas y acabados. La paleta de colores se inclina hacia tonalidades claras, creando un lienzo neutro sobre el cual destacan los objetos y piezas de dise\u00f1o. Blancos, cremas y suaves tonos tierra se entrelazan con destellos de tonalidades met\u00e1licas, aportando un toque de sofisticaci\u00f3n y elegancia.<\/p>\t\t\t\t\t\t\t\t<\/div>\n\t\t\t\t<\/div>\n\t\t\t\t\t<\/div>\n\t\t<\/div>\n\t\t\t\t<div class=\"elementor-column elementor-col-50 elementor-top-column elementor-element elementor-element-0fde359\" data-id=\"0fde359\" data-element_type=\"column\">\n\t\t\t<div class=\"elementor-widget-wrap\">\n\t\t\t\t\t\t\t<\/div>\n\t\t<\/div>\n\t\t\t\t\t<\/div>\n\t\t<\/section>\n\t\t\t\t<section class=\"elementor-section elementor-top-section elementor-element elementor-element-7dbd8cc elementor-section-full_width elementor-section-height-default elementor-section-height-default\" data-id=\"7dbd8cc\" data-element_type=\"section\">\n\t\t\t\t\t\t<div class=\"elementor-container elementor-column-gap-default\">\n\t\t\t\t\t<div class=\"elementor-column elementor-col-100 elementor-top-column elementor-element elementor-element-751ca8f\" data-id=\"751ca8f\" data-element_type=\"column\">\n\t\t\t<div class=\"elementor-widget-wrap elementor-element-populated\">\n\t\t\t\t\t\t<div class=\"elementor-element elementor-element-127f563 elementor-widget elementor-widget-image\" data-id=\"127f563\" data-element_type=\"widget\" data-widget_type=\"image.default\">\n\t\t\t\t<div class=\"elementor-widget-container\">\n\t\t\t\t\t\t\t\t\t\t\t\t\t\t\t<img loading=\"lazy\" decoding=\"async\" width=\"1920\" height=\"1080\" src=\"https:\/\/intoitalia.co\/wp-content\/uploads\/2023\/07\/6.jpg\" class=\"attachment-full size-full wp-image-876\" alt=\"\" srcset=\"https:\/\/intoitalia.co\/wp-content\/uploads\/2023\/07\/6.jpg 1920w, https:\/\/intoitalia.co\/wp-content\/uploads\/2023\/07\/6-300x169.jpg 300w, https:\/\/intoitalia.co\/wp-content\/uploads\/2023\/07\/6-1024x576.jpg 1024w, https:\/\/intoitalia.co\/wp-content\/uploads\/2023\/07\/6-768x432.jpg 768w, https:\/\/intoitalia.co\/wp-content\/uploads\/2023\/07\/6-1536x864.jpg 1536w\" sizes=\"(max-width: 1920px) 100vw, 1920px\" \/>\t\t\t\t\t\t\t\t\t\t\t\t\t\t\t<\/div>\n\t\t\t\t<\/div>\n\t\t\t\t\t<\/div>\n\t\t<\/div>\n\t\t\t\t\t<\/div>\n\t\t<\/section>\n\t\t\t\t<section class=\"elementor-section elementor-top-section elementor-element elementor-element-26653e2 elementor-section-full_width elementor-section-height-default elementor-section-height-default\" data-id=\"26653e2\" data-element_type=\"section\">\n\t\t\t\t\t\t<div class=\"elementor-container elementor-column-gap-default\">\n\t\t\t\t\t<div class=\"elementor-column elementor-col-50 elementor-top-column elementor-element elementor-element-7f1171c\" data-id=\"7f1171c\" data-element_type=\"column\">\n\t\t\t<div class=\"elementor-widget-wrap elementor-element-populated\">\n\t\t\t\t\t\t<div class=\"elementor-element elementor-element-39c8e4c elementor-widget elementor-widget-image\" data-id=\"39c8e4c\" data-element_type=\"widget\" data-widget_type=\"image.default\">\n\t\t\t\t<div class=\"elementor-widget-container\">\n\t\t\t\t\t\t\t\t\t\t\t\t\t\t\t<img loading=\"lazy\" decoding=\"async\" width=\"1080\" height=\"1600\" src=\"https:\/\/intoitalia.co\/wp-content\/uploads\/2023\/07\/7-1.jpg\" class=\"attachment-full size-full wp-image-877\" alt=\"\" srcset=\"https:\/\/intoitalia.co\/wp-content\/uploads\/2023\/07\/7-1.jpg 1080w, https:\/\/intoitalia.co\/wp-content\/uploads\/2023\/07\/7-1-203x300.jpg 203w, https:\/\/intoitalia.co\/wp-content\/uploads\/2023\/07\/7-1-691x1024.jpg 691w, https:\/\/intoitalia.co\/wp-content\/uploads\/2023\/07\/7-1-768x1138.jpg 768w, https:\/\/intoitalia.co\/wp-content\/uploads\/2023\/07\/7-1-1037x1536.jpg 1037w\" sizes=\"(max-width: 1080px) 100vw, 1080px\" \/>\t\t\t\t\t\t\t\t\t\t\t\t\t\t\t<\/div>\n\t\t\t\t<\/div>\n\t\t\t\t\t<\/div>\n\t\t<\/div>\n\t\t\t\t<div class=\"elementor-column elementor-col-50 elementor-top-column elementor-element elementor-element-f565b56\" data-id=\"f565b56\" data-element_type=\"column\">\n\t\t\t<div class=\"elementor-widget-wrap elementor-element-populated\">\n\t\t\t\t\t\t<div class=\"elementor-element elementor-element-859ef69 elementor-widget elementor-widget-image\" data-id=\"859ef69\" data-element_type=\"widget\" data-widget_type=\"image.default\">\n\t\t\t\t<div class=\"elementor-widget-container\">\n\t\t\t\t\t\t\t\t\t\t\t\t\t\t\t<img loading=\"lazy\" decoding=\"async\" width=\"1920\" height=\"1080\" src=\"https:\/\/intoitalia.co\/wp-content\/uploads\/2023\/07\/8-1.jpg\" class=\"attachment-full size-full wp-image-878\" alt=\"\" srcset=\"https:\/\/intoitalia.co\/wp-content\/uploads\/2023\/07\/8-1.jpg 1920w, https:\/\/intoitalia.co\/wp-content\/uploads\/2023\/07\/8-1-300x169.jpg 300w, https:\/\/intoitalia.co\/wp-content\/uploads\/2023\/07\/8-1-1024x576.jpg 1024w, https:\/\/intoitalia.co\/wp-content\/uploads\/2023\/07\/8-1-768x432.jpg 768w, https:\/\/intoitalia.co\/wp-content\/uploads\/2023\/07\/8-1-1536x864.jpg 1536w\" sizes=\"(max-width: 1920px) 100vw, 1920px\" \/>\t\t\t\t\t\t\t\t\t\t\t\t\t\t\t<\/div>\n\t\t\t\t<\/div>\n\t\t\t\t<div class=\"elementor-element elementor-element-dbb2cd5 elementor-widget elementor-widget-text-editor\" data-id=\"dbb2cd5\" data-element_type=\"widget\" data-widget_type=\"text-editor.default\">\n\t\t\t\t<div class=\"elementor-widget-container\">\n\t\t\t\t\t\t\t\t\t<p>BIENESTAR &amp; CONFORT<\/p>\t\t\t\t\t\t\t\t<\/div>\n\t\t\t\t<\/div>\n\t\t\t\t<div class=\"elementor-element elementor-element-ab7083e elementor-widget elementor-widget-text-editor\" data-id=\"ab7083e\" data-element_type=\"widget\" data-widget_type=\"text-editor.default\">\n\t\t\t\t<div class=\"elementor-widget-container\">\n\t\t\t\t\t\t\t\t\t<p>Este espacio de lujo sofisticado y contempor\u00e1neo es m\u00e1s que un simple lugar f\u00edsico. Es un santuario creado para cautivar y envolver a sus habitantes en una experiencia sensorial inigualable. Cada elemento ha sido dise\u00f1ado con meticulosidad y amor, con el objetivo de ofrecer una escapada de la rutina diaria y permitir que la belleza, la tranquilidad y el deleite se conviertan en una parte intr\u00ednseca de la vida cotidiana. El arte ocupa un lugar privilegiado en este espacio, dot\u00e1ndolo de una dimensi\u00f3n adicional. Obras maestras cuidadosamente escogidas adornan las paredes, brindando un contrapunto de color, textura y expresi\u00f3n art\u00edstica. La combinaci\u00f3n de las piezas seleccionadas crea un di\u00e1logo visual fascinante, generando un ambiente de contemplaci\u00f3n y enriquecimiento.<\/p>\t\t\t\t\t\t\t\t<\/div>\n\t\t\t\t<\/div>\n\t\t\t\t\t<\/div>\n\t\t<\/div>\n\t\t\t\t\t<\/div>\n\t\t<\/section>\n\t\t\t\t<section class=\"elementor-section elementor-top-section elementor-element elementor-element-651eb5d elementor-section-full_width elementor-section-height-default elementor-section-height-default\" data-id=\"651eb5d\" data-element_type=\"section\">\n\t\t\t\t\t\t<div class=\"elementor-container elementor-column-gap-default\">\n\t\t\t\t\t<div class=\"elementor-column elementor-col-100 elementor-top-column elementor-element elementor-element-3c45d17\" data-id=\"3c45d17\" data-element_type=\"column\">\n\t\t\t<div class=\"elementor-widget-wrap elementor-element-populated\">\n\t\t\t\t\t\t<div class=\"elementor-element elementor-element-efcd6f6 elementor-widget elementor-widget-image\" data-id=\"efcd6f6\" data-element_type=\"widget\" data-widget_type=\"image.default\">\n\t\t\t\t<div class=\"elementor-widget-container\">\n\t\t\t\t\t\t\t\t\t\t\t\t\t\t\t<img loading=\"lazy\" decoding=\"async\" width=\"1920\" height=\"1080\" src=\"https:\/\/intoitalia.co\/wp-content\/uploads\/2023\/07\/9.jpg\" class=\"attachment-full size-full wp-image-879\" alt=\"\" srcset=\"https:\/\/intoitalia.co\/wp-content\/uploads\/2023\/07\/9.jpg 1920w, https:\/\/intoitalia.co\/wp-content\/uploads\/2023\/07\/9-300x169.jpg 300w, https:\/\/intoitalia.co\/wp-content\/uploads\/2023\/07\/9-1024x576.jpg 1024w, https:\/\/intoitalia.co\/wp-content\/uploads\/2023\/07\/9-768x432.jpg 768w, https:\/\/intoitalia.co\/wp-content\/uploads\/2023\/07\/9-1536x864.jpg 1536w\" sizes=\"(max-width: 1920px) 100vw, 1920px\" \/>\t\t\t\t\t\t\t\t\t\t\t\t\t\t\t<\/div>\n\t\t\t\t<\/div>\n\t\t\t\t\t<\/div>\n\t\t<\/div>\n\t\t\t\t\t<\/div>\n\t\t<\/section>\n\t\t\t\t<section class=\"elementor-section elementor-top-section elementor-element elementor-element-c6d7472 elementor-section-full_width elementor-section-height-min-height elementor-section-height-default elementor-section-items-middle\" data-id=\"c6d7472\" data-element_type=\"section\">\n\t\t\t\t\t\t<div class=\"elementor-container elementor-column-gap-default\">\n\t\t\t\t\t<div class=\"elementor-column elementor-col-50 elementor-top-column elementor-element elementor-element-a9a3b03\" data-id=\"a9a3b03\" data-element_type=\"column\">\n\t\t\t<div class=\"elementor-widget-wrap elementor-element-populated\">\n\t\t\t\t\t\t<div class=\"elementor-element elementor-element-305a045 elementor-widget elementor-widget-image\" data-id=\"305a045\" data-element_type=\"widget\" data-widget_type=\"image.default\">\n\t\t\t\t<div class=\"elementor-widget-container\">\n\t\t\t\t\t\t\t\t\t\t\t\t\t\t\t<img loading=\"lazy\" decoding=\"async\" width=\"1080\" height=\"1920\" src=\"https:\/\/intoitalia.co\/wp-content\/uploads\/2023\/07\/11.jpg\" class=\"attachment-full size-full wp-image-880\" alt=\"\" srcset=\"https:\/\/intoitalia.co\/wp-content\/uploads\/2023\/07\/11.jpg 1080w, https:\/\/intoitalia.co\/wp-content\/uploads\/2023\/07\/11-169x300.jpg 169w, https:\/\/intoitalia.co\/wp-content\/uploads\/2023\/07\/11-576x1024.jpg 576w, https:\/\/intoitalia.co\/wp-content\/uploads\/2023\/07\/11-768x1365.jpg 768w, https:\/\/intoitalia.co\/wp-content\/uploads\/2023\/07\/11-864x1536.jpg 864w\" sizes=\"(max-width: 1080px) 100vw, 1080px\" \/>\t\t\t\t\t\t\t\t\t\t\t\t\t\t\t<\/div>\n\t\t\t\t<\/div>\n\t\t\t\t\t<\/div>\n\t\t<\/div>\n\t\t\t\t<div class=\"elementor-column elementor-col-50 elementor-top-column elementor-element elementor-element-0ceb78d\" data-id=\"0ceb78d\" data-element_type=\"column\">\n\t\t\t<div class=\"elementor-widget-wrap elementor-element-populated\">\n\t\t\t\t\t\t<div class=\"elementor-element elementor-element-98d7be3 elementor-widget elementor-widget-image\" data-id=\"98d7be3\" data-element_type=\"widget\" data-widget_type=\"image.default\">\n\t\t\t\t<div class=\"elementor-widget-container\">\n\t\t\t\t\t\t\t\t\t\t\t\t\t\t\t<img loading=\"lazy\" decoding=\"async\" width=\"1500\" height=\"1080\" src=\"https:\/\/intoitalia.co\/wp-content\/uploads\/2023\/07\/10.jpg\" class=\"attachment-full size-full wp-image-881\" alt=\"\" srcset=\"https:\/\/intoitalia.co\/wp-content\/uploads\/2023\/07\/10.jpg 1500w, https:\/\/intoitalia.co\/wp-content\/uploads\/2023\/07\/10-300x216.jpg 300w, https:\/\/intoitalia.co\/wp-content\/uploads\/2023\/07\/10-1024x737.jpg 1024w, https:\/\/intoitalia.co\/wp-content\/uploads\/2023\/07\/10-768x553.jpg 768w\" sizes=\"(max-width: 1500px) 100vw, 1500px\" \/>\t\t\t\t\t\t\t\t\t\t\t\t\t\t\t<\/div>\n\t\t\t\t<\/div>\n\t\t\t\t\t<\/div>\n\t\t<\/div>\n\t\t\t\t\t<\/div>\n\t\t<\/section>\n\t\t\t\t<\/div>\n\t\t","protected":false},"excerpt":{"rendered":"<p>APARTAMENTO TRE PIU MEDELL\u00cdN2019 EL DISE\u00d1O INTERIOR CUIDADO AL DETALLE En un mundo agitado y fren\u00e9tico, encontrar un espacio que nos transporte a un oasis de tranquilidad y sofisticaci\u00f3n se ha vuelto un tesoro inestimable. En nuestra b\u00fasqueda por crear ambientes que encarnen el lujo en su m\u00e1xima expresi\u00f3n, hemos concebido un espacio que va [&hellip;]<\/p>\n","protected":false},"author":1,"featured_media":0,"parent":15,"menu_order":0,"comment_status":"closed","ping_status":"closed","template":"","meta":{"footnotes":""},"class_list":["post-870","page","type-page","status-publish","hentry"],"aioseo_notices":[],"_links":{"self":[{"href":"https:\/\/intoitalia.co\/es\/wp-json\/wp\/v2\/pages\/870","targetHints":{"allow":["GET"]}}],"collection":[{"href":"https:\/\/intoitalia.co\/es\/wp-json\/wp\/v2\/pages"}],"about":[{"href":"https:\/\/intoitalia.co\/es\/wp-json\/wp\/v2\/types\/page"}],"author":[{"embeddable":true,"href":"https:\/\/intoitalia.co\/es\/wp-json\/wp\/v2\/users\/1"}],"replies":[{"embeddable":true,"href":"https:\/\/intoitalia.co\/es\/wp-json\/wp\/v2\/comments?post=870"}],"version-history":[{"count":67,"href":"https:\/\/intoitalia.co\/es\/wp-json\/wp\/v2\/pages\/870\/revisions"}],"predecessor-version":[{"id":1992,"href":"https:\/\/intoitalia.co\/es\/wp-json\/wp\/v2\/pages\/870\/revisions\/1992"}],"up":[{"embeddable":true,"href":"https:\/\/intoitalia.co\/es\/wp-json\/wp\/v2\/pages\/15"}],"wp:attachment":[{"href":"https:\/\/intoitalia.co\/es\/wp-json\/wp\/v2\/media?parent=870"}],"curies":[{"name":"wp","href":"https:\/\/api.w.org\/{rel}","templated":true}]}}