{"id":910,"date":"2023-07-13T19:15:03","date_gmt":"2023-07-13T19:15:03","guid":{"rendered":"https:\/\/intoitalia.co\/?page_id=910"},"modified":"2023-08-01T17:42:39","modified_gmt":"2023-08-01T22:42:39","slug":"restaurante-makha","status":"publish","type":"page","link":"https:\/\/intoitalia.co\/es\/proyectos_\/restaurante-makha\/","title":{"rendered":"Restaurante Makha"},"content":{"rendered":"\t\t<div data-elementor-type=\"wp-page\" data-elementor-id=\"910\" class=\"elementor elementor-910\" data-elementor-post-type=\"page\">\n\t\t\t\t\t\t<section class=\"elementor-section elementor-top-section elementor-element elementor-element-1f37f77 elementor-section-full_width elementor-section-height-default elementor-section-height-default elementor-invisible\" data-id=\"1f37f77\" data-element_type=\"section\" data-settings=\"{&quot;animation&quot;:&quot;fadeInUp&quot;}\">\n\t\t\t\t\t\t<div class=\"elementor-container elementor-column-gap-default\">\n\t\t\t\t\t<div class=\"elementor-column elementor-col-100 elementor-top-column elementor-element elementor-element-bd249b2\" data-id=\"bd249b2\" data-element_type=\"column\">\n\t\t\t<div class=\"elementor-widget-wrap elementor-element-populated\">\n\t\t\t\t\t\t<div class=\"elementor-element elementor-element-8337104 elementor-widget elementor-widget-image\" data-id=\"8337104\" data-element_type=\"widget\" data-widget_type=\"image.default\">\n\t\t\t\t<div class=\"elementor-widget-container\">\n\t\t\t\t\t\t\t\t\t\t\t\t\t\t\t\t<a href=\"http:\/\/intoitalia.co\/wp-content\/uploads\/2023\/07\/1-2.jpg\" data-elementor-open-lightbox=\"yes\" data-e-action-hash=\"#elementor-action%3Aaction%3Dlightbox%26settings%3DeyJpZCI6OTEyLCJ1cmwiOiJodHRwczpcL1wvaW50b2l0YWxpYS5jb1wvd3AtY29udGVudFwvdXBsb2Fkc1wvMjAyM1wvMDdcLzEtMi5qcGcifQ%3D%3D\">\n\t\t\t\t\t\t\t<img fetchpriority=\"high\" decoding=\"async\" width=\"1920\" height=\"1080\" src=\"https:\/\/intoitalia.co\/wp-content\/uploads\/2023\/07\/1-2.jpg\" class=\"attachment-full size-full wp-image-912\" alt=\"\" srcset=\"https:\/\/intoitalia.co\/wp-content\/uploads\/2023\/07\/1-2.jpg 1920w, https:\/\/intoitalia.co\/wp-content\/uploads\/2023\/07\/1-2-300x169.jpg 300w, https:\/\/intoitalia.co\/wp-content\/uploads\/2023\/07\/1-2-1024x576.jpg 1024w, https:\/\/intoitalia.co\/wp-content\/uploads\/2023\/07\/1-2-768x432.jpg 768w, https:\/\/intoitalia.co\/wp-content\/uploads\/2023\/07\/1-2-1536x864.jpg 1536w\" sizes=\"(max-width: 1920px) 100vw, 1920px\" \/>\t\t\t\t\t\t\t\t<\/a>\n\t\t\t\t\t\t\t\t\t\t\t\t\t\t\t<\/div>\n\t\t\t\t<\/div>\n\t\t\t\t\t<\/div>\n\t\t<\/div>\n\t\t\t\t\t<\/div>\n\t\t<\/section>\n\t\t\t\t<section class=\"elementor-section elementor-top-section elementor-element elementor-element-9236f7b elementor-section-boxed elementor-section-height-default elementor-section-height-default\" data-id=\"9236f7b\" data-element_type=\"section\">\n\t\t\t\t\t\t<div class=\"elementor-container elementor-column-gap-default\">\n\t\t\t\t\t<div class=\"elementor-column elementor-col-100 elementor-top-column elementor-element elementor-element-f7b5ac5\" data-id=\"f7b5ac5\" data-element_type=\"column\">\n\t\t\t<div class=\"elementor-widget-wrap elementor-element-populated\">\n\t\t\t\t\t\t<div class=\"elementor-element elementor-element-66e5900 elementor-widget elementor-widget-text-editor\" data-id=\"66e5900\" data-element_type=\"widget\" data-widget_type=\"text-editor.default\">\n\t\t\t\t<div class=\"elementor-widget-container\">\n\t\t\t\t\t\t\t\t\t<p>RESTAURANTE MAKHA<\/p>\t\t\t\t\t\t\t\t<\/div>\n\t\t\t\t<\/div>\n\t\t\t\t<div class=\"elementor-element elementor-element-070da32 elementor-widget elementor-widget-text-editor\" data-id=\"070da32\" data-element_type=\"widget\" data-widget_type=\"text-editor.default\">\n\t\t\t\t<div class=\"elementor-widget-container\">\n\t\t\t\t\t\t\t\t\t<p>MEDELL\u00cdN<br \/>2023<\/p>\t\t\t\t\t\t\t\t<\/div>\n\t\t\t\t<\/div>\n\t\t\t\t\t<\/div>\n\t\t<\/div>\n\t\t\t\t\t<\/div>\n\t\t<\/section>\n\t\t\t\t<section class=\"elementor-section elementor-top-section elementor-element elementor-element-fbdf97b elementor-section-full_width elementor-section-height-default elementor-section-height-default\" data-id=\"fbdf97b\" data-element_type=\"section\">\n\t\t\t\t\t\t<div class=\"elementor-container elementor-column-gap-default\">\n\t\t\t\t\t<div class=\"elementor-column elementor-col-50 elementor-top-column elementor-element elementor-element-bec50ec\" data-id=\"bec50ec\" data-element_type=\"column\">\n\t\t\t<div class=\"elementor-widget-wrap elementor-element-populated\">\n\t\t\t\t\t\t<div class=\"elementor-element elementor-element-b5befde elementor-invisible elementor-widget elementor-widget-image\" data-id=\"b5befde\" data-element_type=\"widget\" data-settings=\"{&quot;_animation&quot;:&quot;fadeInUp&quot;}\" data-widget_type=\"image.default\">\n\t\t\t\t<div class=\"elementor-widget-container\">\n\t\t\t\t\t\t\t\t\t\t\t\t\t\t\t\t<a href=\"http:\/\/intoitalia.co\/wp-content\/uploads\/2023\/07\/2-1.jpg\" data-elementor-open-lightbox=\"yes\" data-e-action-hash=\"#elementor-action%3Aaction%3Dlightbox%26settings%3DeyJpZCI6OTEzLCJ1cmwiOiJodHRwczpcL1wvaW50b2l0YWxpYS5jb1wvd3AtY29udGVudFwvdXBsb2Fkc1wvMjAyM1wvMDdcLzItMS5qcGcifQ%3D%3D\">\n\t\t\t\t\t\t\t<img decoding=\"async\" width=\"1080\" height=\"1600\" src=\"https:\/\/intoitalia.co\/wp-content\/uploads\/2023\/07\/2-1.jpg\" class=\"attachment-full size-full wp-image-913\" alt=\"\" srcset=\"https:\/\/intoitalia.co\/wp-content\/uploads\/2023\/07\/2-1.jpg 1080w, https:\/\/intoitalia.co\/wp-content\/uploads\/2023\/07\/2-1-203x300.jpg 203w, https:\/\/intoitalia.co\/wp-content\/uploads\/2023\/07\/2-1-691x1024.jpg 691w, https:\/\/intoitalia.co\/wp-content\/uploads\/2023\/07\/2-1-768x1138.jpg 768w, https:\/\/intoitalia.co\/wp-content\/uploads\/2023\/07\/2-1-1037x1536.jpg 1037w\" sizes=\"(max-width: 1080px) 100vw, 1080px\" \/>\t\t\t\t\t\t\t\t<\/a>\n\t\t\t\t\t\t\t\t\t\t\t\t\t\t\t<\/div>\n\t\t\t\t<\/div>\n\t\t\t\t\t<\/div>\n\t\t<\/div>\n\t\t\t\t<div class=\"elementor-column elementor-col-50 elementor-top-column elementor-element elementor-element-fd14dbe\" data-id=\"fd14dbe\" data-element_type=\"column\">\n\t\t\t<div class=\"elementor-widget-wrap elementor-element-populated\">\n\t\t\t\t\t\t<div class=\"elementor-element elementor-element-8be3ab8 animated-slow elementor-invisible elementor-widget elementor-widget-image\" data-id=\"8be3ab8\" data-element_type=\"widget\" data-settings=\"{&quot;_animation&quot;:&quot;fadeInUp&quot;}\" data-widget_type=\"image.default\">\n\t\t\t\t<div class=\"elementor-widget-container\">\n\t\t\t\t\t\t\t\t\t\t\t\t\t\t\t\t<a href=\"http:\/\/intoitalia.co\/wp-content\/uploads\/2023\/07\/3-2.jpg\" data-elementor-open-lightbox=\"yes\" data-e-action-hash=\"#elementor-action%3Aaction%3Dlightbox%26settings%3DeyJpZCI6OTE0LCJ1cmwiOiJodHRwczpcL1wvaW50b2l0YWxpYS5jb1wvd3AtY29udGVudFwvdXBsb2Fkc1wvMjAyM1wvMDdcLzMtMi5qcGcifQ%3D%3D\">\n\t\t\t\t\t\t\t<img decoding=\"async\" width=\"1600\" height=\"1080\" src=\"https:\/\/intoitalia.co\/wp-content\/uploads\/2023\/07\/3-2.jpg\" class=\"attachment-full size-full wp-image-914\" alt=\"\" srcset=\"https:\/\/intoitalia.co\/wp-content\/uploads\/2023\/07\/3-2.jpg 1600w, https:\/\/intoitalia.co\/wp-content\/uploads\/2023\/07\/3-2-300x203.jpg 300w, https:\/\/intoitalia.co\/wp-content\/uploads\/2023\/07\/3-2-1024x691.jpg 1024w, https:\/\/intoitalia.co\/wp-content\/uploads\/2023\/07\/3-2-768x518.jpg 768w, https:\/\/intoitalia.co\/wp-content\/uploads\/2023\/07\/3-2-1536x1037.jpg 1536w\" sizes=\"(max-width: 1600px) 100vw, 1600px\" \/>\t\t\t\t\t\t\t\t<\/a>\n\t\t\t\t\t\t\t\t\t\t\t\t\t\t\t<\/div>\n\t\t\t\t<\/div>\n\t\t\t\t<div class=\"elementor-element elementor-element-6994763 elementor-widget elementor-widget-text-editor\" data-id=\"6994763\" data-element_type=\"widget\" data-widget_type=\"text-editor.default\">\n\t\t\t\t<div class=\"elementor-widget-container\">\n\t\t\t\t\t\t\t\t\t<p>EXPERIENCIA MAKHA<\/p>\t\t\t\t\t\t\t\t<\/div>\n\t\t\t\t<\/div>\n\t\t\t\t<div class=\"elementor-element elementor-element-87ec10c elementor-widget elementor-widget-text-editor\" data-id=\"87ec10c\" data-element_type=\"widget\" data-widget_type=\"text-editor.default\">\n\t\t\t\t<div class=\"elementor-widget-container\">\n\t\t\t\t\t\t\t\t\t<p>El dise\u00f1o de este sofisticado restaurante busca crear un ambiente que perdure en el tiempo, alej\u00e1ndose de las tendencias ef\u00edmeras. Los detalles cuidadosamente trabajados aportan un toque contempor\u00e1neo. Cada pieza ha sido seleccionada para proporcionar comodidad a los comensales, sin sacrificar la est\u00e9tica y coherencia visual.<\/p>\t\t\t\t\t\t\t\t<\/div>\n\t\t\t\t<\/div>\n\t\t\t\t\t<\/div>\n\t\t<\/div>\n\t\t\t\t\t<\/div>\n\t\t<\/section>\n\t\t\t\t<section class=\"elementor-section elementor-top-section elementor-element elementor-element-f6e365a elementor-section-full_width elementor-section-height-default elementor-section-height-default\" data-id=\"f6e365a\" data-element_type=\"section\">\n\t\t\t\t\t\t<div class=\"elementor-container elementor-column-gap-default\">\n\t\t\t\t\t<div class=\"elementor-column elementor-col-100 elementor-top-column elementor-element elementor-element-d2cd58e\" data-id=\"d2cd58e\" data-element_type=\"column\">\n\t\t\t<div class=\"elementor-widget-wrap elementor-element-populated\">\n\t\t\t\t\t\t<div class=\"elementor-element elementor-element-a3bc794 elementor-invisible elementor-widget elementor-widget-image\" data-id=\"a3bc794\" data-element_type=\"widget\" data-settings=\"{&quot;_animation&quot;:&quot;fadeInUp&quot;}\" data-widget_type=\"image.default\">\n\t\t\t\t<div class=\"elementor-widget-container\">\n\t\t\t\t\t\t\t\t\t\t\t\t\t\t\t\t<a href=\"http:\/\/intoitalia.co\/wp-content\/uploads\/2023\/07\/4-2.jpg\" data-elementor-open-lightbox=\"yes\" data-e-action-hash=\"#elementor-action%3Aaction%3Dlightbox%26settings%3DeyJpZCI6OTMyLCJ1cmwiOiJodHRwczpcL1wvaW50b2l0YWxpYS5jb1wvd3AtY29udGVudFwvdXBsb2Fkc1wvMjAyM1wvMDdcLzQtMi5qcGcifQ%3D%3D\">\n\t\t\t\t\t\t\t<img loading=\"lazy\" decoding=\"async\" width=\"1080\" height=\"1600\" src=\"https:\/\/intoitalia.co\/wp-content\/uploads\/2023\/07\/4-2.jpg\" class=\"attachment-full size-full wp-image-932\" alt=\"\" srcset=\"https:\/\/intoitalia.co\/wp-content\/uploads\/2023\/07\/4-2.jpg 1080w, https:\/\/intoitalia.co\/wp-content\/uploads\/2023\/07\/4-2-203x300.jpg 203w, https:\/\/intoitalia.co\/wp-content\/uploads\/2023\/07\/4-2-691x1024.jpg 691w, https:\/\/intoitalia.co\/wp-content\/uploads\/2023\/07\/4-2-768x1138.jpg 768w, https:\/\/intoitalia.co\/wp-content\/uploads\/2023\/07\/4-2-1037x1536.jpg 1037w\" sizes=\"(max-width: 1080px) 100vw, 1080px\" \/>\t\t\t\t\t\t\t\t<\/a>\n\t\t\t\t\t\t\t\t\t\t\t\t\t\t\t<\/div>\n\t\t\t\t<\/div>\n\t\t\t\t\t<\/div>\n\t\t<\/div>\n\t\t\t\t\t<\/div>\n\t\t<\/section>\n\t\t\t\t<section class=\"elementor-section elementor-top-section elementor-element elementor-element-27fe579 elementor-section-full_width elementor-section-height-default elementor-section-height-default\" data-id=\"27fe579\" data-element_type=\"section\">\n\t\t\t\t\t\t<div class=\"elementor-container elementor-column-gap-default\">\n\t\t\t\t\t<div class=\"elementor-column elementor-col-100 elementor-top-column elementor-element elementor-element-60e8947\" data-id=\"60e8947\" data-element_type=\"column\">\n\t\t\t<div class=\"elementor-widget-wrap elementor-element-populated\">\n\t\t\t\t\t\t<div class=\"elementor-element elementor-element-450c4de elementor-invisible elementor-widget elementor-widget-image\" data-id=\"450c4de\" data-element_type=\"widget\" data-settings=\"{&quot;_animation&quot;:&quot;fadeInUp&quot;}\" data-widget_type=\"image.default\">\n\t\t\t\t<div class=\"elementor-widget-container\">\n\t\t\t\t\t\t\t\t\t\t\t\t\t\t\t\t<a href=\"http:\/\/intoitalia.co\/wp-content\/uploads\/2023\/07\/5-2.jpg\" data-elementor-open-lightbox=\"yes\" data-e-action-hash=\"#elementor-action%3Aaction%3Dlightbox%26settings%3DeyJpZCI6OTM5LCJ1cmwiOiJodHRwczpcL1wvaW50b2l0YWxpYS5jb1wvd3AtY29udGVudFwvdXBsb2Fkc1wvMjAyM1wvMDdcLzUtMi5qcGcifQ%3D%3D\">\n\t\t\t\t\t\t\t<img loading=\"lazy\" decoding=\"async\" width=\"1080\" height=\"1600\" src=\"https:\/\/intoitalia.co\/wp-content\/uploads\/2023\/07\/5-2.jpg\" class=\"attachment-full size-full wp-image-939\" alt=\"\" srcset=\"https:\/\/intoitalia.co\/wp-content\/uploads\/2023\/07\/5-2.jpg 1080w, https:\/\/intoitalia.co\/wp-content\/uploads\/2023\/07\/5-2-203x300.jpg 203w, https:\/\/intoitalia.co\/wp-content\/uploads\/2023\/07\/5-2-691x1024.jpg 691w, https:\/\/intoitalia.co\/wp-content\/uploads\/2023\/07\/5-2-768x1138.jpg 768w, https:\/\/intoitalia.co\/wp-content\/uploads\/2023\/07\/5-2-1037x1536.jpg 1037w\" sizes=\"(max-width: 1080px) 100vw, 1080px\" \/>\t\t\t\t\t\t\t\t<\/a>\n\t\t\t\t\t\t\t\t\t\t\t\t\t\t\t<\/div>\n\t\t\t\t<\/div>\n\t\t\t\t<div class=\"elementor-element elementor-element-bad5d7b elementor-widget elementor-widget-text-editor\" data-id=\"bad5d7b\" data-element_type=\"widget\" data-widget_type=\"text-editor.default\">\n\t\t\t\t<div class=\"elementor-widget-container\">\n\t\t\t\t\t\t\t\t\t<p>LA LUZ EN EL ESPACIO<\/p>\t\t\t\t\t\t\t\t<\/div>\n\t\t\t\t<\/div>\n\t\t\t\t<div class=\"elementor-element elementor-element-0087bbe elementor-widget elementor-widget-text-editor\" data-id=\"0087bbe\" data-element_type=\"widget\" data-widget_type=\"text-editor.default\">\n\t\t\t\t<div class=\"elementor-widget-container\">\n\t\t\t\t\t\t\t\t\t<p>La iluminaci\u00f3n desempe\u00f1a un papel crucial en el dise\u00f1o de este restaurante. Una iluminaci\u00f3n cuidadosamente planificada resalta los detalles arquitect\u00f3nicos y crea diferentes ambientes seg\u00fan el momento del d\u00eda. Durante el d\u00eda, la luz natural se filtra suavemente a trav\u00e9s de grandes ventanas, mientras que en la noche la iluminaci\u00f3n artificial se encarga de crear un ambiente c\u00e1lido y acogedor.<\/p>\t\t\t\t\t\t\t\t<\/div>\n\t\t\t\t<\/div>\n\t\t\t\t\t<\/div>\n\t\t<\/div>\n\t\t\t\t\t<\/div>\n\t\t<\/section>\n\t\t\t\t<section class=\"elementor-section elementor-top-section elementor-element elementor-element-826c884 elementor-section-full_width elementor-section-height-default elementor-section-height-default elementor-invisible\" data-id=\"826c884\" data-element_type=\"section\" data-settings=\"{&quot;animation&quot;:&quot;fadeInUp&quot;}\">\n\t\t\t\t\t\t<div class=\"elementor-container elementor-column-gap-default\">\n\t\t\t\t\t<div class=\"elementor-column elementor-col-100 elementor-top-column elementor-element elementor-element-afb0466\" data-id=\"afb0466\" data-element_type=\"column\">\n\t\t\t<div class=\"elementor-widget-wrap elementor-element-populated\">\n\t\t\t\t\t\t<div class=\"elementor-element elementor-element-ba59f12 elementor-widget elementor-widget-image\" data-id=\"ba59f12\" data-element_type=\"widget\" data-widget_type=\"image.default\">\n\t\t\t\t<div class=\"elementor-widget-container\">\n\t\t\t\t\t\t\t\t\t\t\t\t\t\t\t\t<a href=\"http:\/\/intoitalia.co\/wp-content\/uploads\/2023\/07\/6-1.jpg\" data-elementor-open-lightbox=\"yes\" data-e-action-hash=\"#elementor-action%3Aaction%3Dlightbox%26settings%3DeyJpZCI6OTQwLCJ1cmwiOiJodHRwczpcL1wvaW50b2l0YWxpYS5jb1wvd3AtY29udGVudFwvdXBsb2Fkc1wvMjAyM1wvMDdcLzYtMS5qcGcifQ%3D%3D\">\n\t\t\t\t\t\t\t<img loading=\"lazy\" decoding=\"async\" width=\"1080\" height=\"1600\" src=\"https:\/\/intoitalia.co\/wp-content\/uploads\/2023\/07\/6-1.jpg\" class=\"attachment-full size-full wp-image-940\" alt=\"\" srcset=\"https:\/\/intoitalia.co\/wp-content\/uploads\/2023\/07\/6-1.jpg 1080w, https:\/\/intoitalia.co\/wp-content\/uploads\/2023\/07\/6-1-203x300.jpg 203w, https:\/\/intoitalia.co\/wp-content\/uploads\/2023\/07\/6-1-691x1024.jpg 691w, https:\/\/intoitalia.co\/wp-content\/uploads\/2023\/07\/6-1-768x1138.jpg 768w, https:\/\/intoitalia.co\/wp-content\/uploads\/2023\/07\/6-1-1037x1536.jpg 1037w\" sizes=\"(max-width: 1080px) 100vw, 1080px\" \/>\t\t\t\t\t\t\t\t<\/a>\n\t\t\t\t\t\t\t\t\t\t\t\t\t\t\t<\/div>\n\t\t\t\t<\/div>\n\t\t\t\t\t<\/div>\n\t\t<\/div>\n\t\t\t\t\t<\/div>\n\t\t<\/section>\n\t\t\t\t<section class=\"elementor-section elementor-top-section elementor-element elementor-element-977238d elementor-section-full_width elementor-section-height-default elementor-section-height-default\" data-id=\"977238d\" data-element_type=\"section\">\n\t\t\t\t\t\t<div class=\"elementor-container elementor-column-gap-default\">\n\t\t\t\t\t<div class=\"elementor-column elementor-col-50 elementor-top-column elementor-element elementor-element-03248e2\" data-id=\"03248e2\" data-element_type=\"column\">\n\t\t\t<div class=\"elementor-widget-wrap elementor-element-populated\">\n\t\t\t\t\t\t<div class=\"elementor-element elementor-element-91750a0 elementor-invisible elementor-widget elementor-widget-image\" data-id=\"91750a0\" data-element_type=\"widget\" data-settings=\"{&quot;_animation&quot;:&quot;fadeInUp&quot;}\" data-widget_type=\"image.default\">\n\t\t\t\t<div class=\"elementor-widget-container\">\n\t\t\t\t\t\t\t\t\t\t\t\t\t\t\t\t<a href=\"http:\/\/intoitalia.co\/wp-content\/uploads\/2023\/07\/11-1.jpg\" data-elementor-open-lightbox=\"yes\" data-e-action-hash=\"#elementor-action%3Aaction%3Dlightbox%26settings%3DeyJpZCI6OTQ3LCJ1cmwiOiJodHRwczpcL1wvaW50b2l0YWxpYS5jb1wvd3AtY29udGVudFwvdXBsb2Fkc1wvMjAyM1wvMDdcLzExLTEuanBnIn0%3D\">\n\t\t\t\t\t\t\t<img loading=\"lazy\" decoding=\"async\" width=\"1080\" height=\"1920\" src=\"https:\/\/intoitalia.co\/wp-content\/uploads\/2023\/07\/11-1.jpg\" class=\"attachment-full size-full wp-image-947\" alt=\"\" srcset=\"https:\/\/intoitalia.co\/wp-content\/uploads\/2023\/07\/11-1.jpg 1080w, https:\/\/intoitalia.co\/wp-content\/uploads\/2023\/07\/11-1-169x300.jpg 169w, https:\/\/intoitalia.co\/wp-content\/uploads\/2023\/07\/11-1-576x1024.jpg 576w, https:\/\/intoitalia.co\/wp-content\/uploads\/2023\/07\/11-1-768x1365.jpg 768w, https:\/\/intoitalia.co\/wp-content\/uploads\/2023\/07\/11-1-864x1536.jpg 864w\" sizes=\"(max-width: 1080px) 100vw, 1080px\" \/>\t\t\t\t\t\t\t\t<\/a>\n\t\t\t\t\t\t\t\t\t\t\t\t\t\t\t<\/div>\n\t\t\t\t<\/div>\n\t\t\t\t\t<\/div>\n\t\t<\/div>\n\t\t\t\t<div class=\"elementor-column elementor-col-50 elementor-top-column elementor-element elementor-element-5727918\" data-id=\"5727918\" data-element_type=\"column\">\n\t\t\t<div class=\"elementor-widget-wrap elementor-element-populated\">\n\t\t\t\t\t\t<div class=\"elementor-element elementor-element-08f93c9 animated-slow elementor-invisible elementor-widget elementor-widget-image\" data-id=\"08f93c9\" data-element_type=\"widget\" data-settings=\"{&quot;_animation&quot;:&quot;fadeInUp&quot;}\" data-widget_type=\"image.default\">\n\t\t\t\t<div class=\"elementor-widget-container\">\n\t\t\t\t\t\t\t\t\t\t\t\t\t\t\t\t<a href=\"http:\/\/intoitalia.co\/wp-content\/uploads\/2023\/07\/10-1.jpg\" data-elementor-open-lightbox=\"yes\" data-e-action-hash=\"#elementor-action%3Aaction%3Dlightbox%26settings%3DeyJpZCI6OTQ4LCJ1cmwiOiJodHRwczpcL1wvaW50b2l0YWxpYS5jb1wvd3AtY29udGVudFwvdXBsb2Fkc1wvMjAyM1wvMDdcLzEwLTEuanBnIn0%3D\">\n\t\t\t\t\t\t\t<img loading=\"lazy\" decoding=\"async\" width=\"1080\" height=\"1600\" src=\"https:\/\/intoitalia.co\/wp-content\/uploads\/2023\/07\/10-1.jpg\" class=\"attachment-full size-full wp-image-948\" alt=\"\" srcset=\"https:\/\/intoitalia.co\/wp-content\/uploads\/2023\/07\/10-1.jpg 1080w, https:\/\/intoitalia.co\/wp-content\/uploads\/2023\/07\/10-1-203x300.jpg 203w, https:\/\/intoitalia.co\/wp-content\/uploads\/2023\/07\/10-1-691x1024.jpg 691w, https:\/\/intoitalia.co\/wp-content\/uploads\/2023\/07\/10-1-768x1138.jpg 768w, https:\/\/intoitalia.co\/wp-content\/uploads\/2023\/07\/10-1-1037x1536.jpg 1037w\" sizes=\"(max-width: 1080px) 100vw, 1080px\" \/>\t\t\t\t\t\t\t\t<\/a>\n\t\t\t\t\t\t\t\t\t\t\t\t\t\t\t<\/div>\n\t\t\t\t<\/div>\n\t\t\t\t<div class=\"elementor-element elementor-element-0ed6878 elementor-widget elementor-widget-text-editor\" data-id=\"0ed6878\" data-element_type=\"widget\" data-widget_type=\"text-editor.default\">\n\t\t\t\t<div class=\"elementor-widget-container\">\n\t\t\t\t\t\t\t\t\t<p>EXPERIENCIA MAKHA<\/p>\t\t\t\t\t\t\t\t<\/div>\n\t\t\t\t<\/div>\n\t\t\t\t<div class=\"elementor-element elementor-element-264e2c4 elementor-widget elementor-widget-text-editor\" data-id=\"264e2c4\" data-element_type=\"widget\" data-widget_type=\"text-editor.default\">\n\t\t\t\t<div class=\"elementor-widget-container\">\n\t\t\t\t\t\t\t\t\t<p>El dise\u00f1o de este sofisticado restaurante busca crear un ambiente que perdure en el tiempo, alej\u00e1ndose de las tendencias ef\u00edmeras. Los detalles cuidadosamente trabajados aportan un toque contempor\u00e1neo. Cada pieza ha sido seleccionada para proporcionar comodidad a los comensales, sin sacrificar la est\u00e9tica y coherencia visual.<\/p>\t\t\t\t\t\t\t\t<\/div>\n\t\t\t\t<\/div>\n\t\t\t\t\t<\/div>\n\t\t<\/div>\n\t\t\t\t\t<\/div>\n\t\t<\/section>\n\t\t\t\t<section class=\"elementor-section elementor-top-section elementor-element elementor-element-286c92f elementor-section-full_width elementor-section-height-default elementor-section-height-default\" data-id=\"286c92f\" data-element_type=\"section\">\n\t\t\t\t\t\t<div class=\"elementor-container elementor-column-gap-default\">\n\t\t\t\t\t<div class=\"elementor-column elementor-col-100 elementor-top-column elementor-element elementor-element-3c408c8\" data-id=\"3c408c8\" data-element_type=\"column\">\n\t\t\t<div class=\"elementor-widget-wrap elementor-element-populated\">\n\t\t\t\t\t\t<div class=\"elementor-element elementor-element-a66aa76 elementor-invisible elementor-widget elementor-widget-image\" data-id=\"a66aa76\" data-element_type=\"widget\" data-settings=\"{&quot;_animation&quot;:&quot;fadeInUp&quot;}\" data-widget_type=\"image.default\">\n\t\t\t\t<div class=\"elementor-widget-container\">\n\t\t\t\t\t\t\t\t\t\t\t\t\t\t\t\t<a href=\"http:\/\/intoitalia.co\/wp-content\/uploads\/2023\/07\/9-1.jpg\" data-elementor-open-lightbox=\"yes\" data-e-action-hash=\"#elementor-action%3Aaction%3Dlightbox%26settings%3DeyJpZCI6OTU1LCJ1cmwiOiJodHRwczpcL1wvaW50b2l0YWxpYS5jb1wvd3AtY29udGVudFwvdXBsb2Fkc1wvMjAyM1wvMDdcLzktMS5qcGcifQ%3D%3D\">\n\t\t\t\t\t\t\t<img loading=\"lazy\" decoding=\"async\" width=\"1920\" height=\"1080\" src=\"https:\/\/intoitalia.co\/wp-content\/uploads\/2023\/07\/9-1.jpg\" class=\"attachment-full size-full wp-image-955\" alt=\"\" srcset=\"https:\/\/intoitalia.co\/wp-content\/uploads\/2023\/07\/9-1.jpg 1920w, https:\/\/intoitalia.co\/wp-content\/uploads\/2023\/07\/9-1-300x169.jpg 300w, https:\/\/intoitalia.co\/wp-content\/uploads\/2023\/07\/9-1-1024x576.jpg 1024w, https:\/\/intoitalia.co\/wp-content\/uploads\/2023\/07\/9-1-768x432.jpg 768w, https:\/\/intoitalia.co\/wp-content\/uploads\/2023\/07\/9-1-1536x864.jpg 1536w\" sizes=\"(max-width: 1920px) 100vw, 1920px\" \/>\t\t\t\t\t\t\t\t<\/a>\n\t\t\t\t\t\t\t\t\t\t\t\t\t\t\t<\/div>\n\t\t\t\t<\/div>\n\t\t\t\t\t<\/div>\n\t\t<\/div>\n\t\t\t\t\t<\/div>\n\t\t<\/section>\n\t\t\t\t<\/div>\n\t\t","protected":false},"excerpt":{"rendered":"<p>RESTAURANTE MAKHA MEDELL\u00cdN2023 EXPERIENCIA MAKHA El dise\u00f1o de este sofisticado restaurante busca crear un ambiente que perdure en el tiempo, alej\u00e1ndose de las tendencias ef\u00edmeras. Los detalles cuidadosamente trabajados aportan un toque contempor\u00e1neo. Cada pieza ha sido seleccionada para proporcionar comodidad a los comensales, sin sacrificar la est\u00e9tica y coherencia visual. LA LUZ EN EL [&hellip;]<\/p>\n","protected":false},"author":1,"featured_media":0,"parent":15,"menu_order":0,"comment_status":"closed","ping_status":"closed","template":"","meta":{"footnotes":""},"class_list":["post-910","page","type-page","status-publish","hentry"],"aioseo_notices":[],"_links":{"self":[{"href":"https:\/\/intoitalia.co\/es\/wp-json\/wp\/v2\/pages\/910","targetHints":{"allow":["GET"]}}],"collection":[{"href":"https:\/\/intoitalia.co\/es\/wp-json\/wp\/v2\/pages"}],"about":[{"href":"https:\/\/intoitalia.co\/es\/wp-json\/wp\/v2\/types\/page"}],"author":[{"embeddable":true,"href":"https:\/\/intoitalia.co\/es\/wp-json\/wp\/v2\/users\/1"}],"replies":[{"embeddable":true,"href":"https:\/\/intoitalia.co\/es\/wp-json\/wp\/v2\/comments?post=910"}],"version-history":[{"count":70,"href":"https:\/\/intoitalia.co\/es\/wp-json\/wp\/v2\/pages\/910\/revisions"}],"predecessor-version":[{"id":1971,"href":"https:\/\/intoitalia.co\/es\/wp-json\/wp\/v2\/pages\/910\/revisions\/1971"}],"up":[{"embeddable":true,"href":"https:\/\/intoitalia.co\/es\/wp-json\/wp\/v2\/pages\/15"}],"wp:attachment":[{"href":"https:\/\/intoitalia.co\/es\/wp-json\/wp\/v2\/media?parent=910"}],"curies":[{"name":"wp","href":"https:\/\/api.w.org\/{rel}","templated":true}]}}