{"id":959,"date":"2023-07-13T19:49:53","date_gmt":"2023-07-13T19:49:53","guid":{"rendered":"https:\/\/intoitalia.co\/?page_id=959"},"modified":"2023-08-01T17:57:46","modified_gmt":"2023-08-01T22:57:46","slug":"apartamento-almendros","status":"publish","type":"page","link":"https:\/\/intoitalia.co\/es\/proyectos_\/apartamento-almendros\/","title":{"rendered":"Apartamento Almendros"},"content":{"rendered":"\t\t<div data-elementor-type=\"wp-page\" data-elementor-id=\"959\" class=\"elementor elementor-959\" data-elementor-post-type=\"page\">\n\t\t\t\t\t\t<section class=\"elementor-section elementor-top-section elementor-element elementor-element-c5454c2 elementor-section-full_width elementor-section-height-min-height elementor-section-height-default elementor-section-items-middle elementor-invisible\" data-id=\"c5454c2\" data-element_type=\"section\" data-settings=\"{&quot;background_background&quot;:&quot;classic&quot;,&quot;animation&quot;:&quot;fadeInUp&quot;}\">\n\t\t\t\t\t\t<div class=\"elementor-container elementor-column-gap-default\">\n\t\t\t\t\t<div class=\"elementor-column elementor-col-50 elementor-top-column elementor-element elementor-element-c8014bd\" data-id=\"c8014bd\" data-element_type=\"column\">\n\t\t\t<div class=\"elementor-widget-wrap\">\n\t\t\t\t\t\t\t<\/div>\n\t\t<\/div>\n\t\t\t\t<div class=\"elementor-column elementor-col-50 elementor-top-column elementor-element elementor-element-873bd71\" data-id=\"873bd71\" data-element_type=\"column\">\n\t\t\t<div class=\"elementor-widget-wrap elementor-element-populated\">\n\t\t\t\t\t\t<div class=\"elementor-element elementor-element-9a6a7fa elementor-hidden-mobile elementor-widget elementor-widget-text-editor\" data-id=\"9a6a7fa\" data-element_type=\"widget\" data-widget_type=\"text-editor.default\">\n\t\t\t\t<div class=\"elementor-widget-container\">\n\t\t\t\t\t\t\t\t\t<p>ELEGANCIA<\/p>\t\t\t\t\t\t\t\t<\/div>\n\t\t\t\t<\/div>\n\t\t\t\t<div class=\"elementor-element elementor-element-88ed077 elementor-hidden-mobile elementor-widget elementor-widget-text-editor\" data-id=\"88ed077\" data-element_type=\"widget\" data-widget_type=\"text-editor.default\">\n\t\t\t\t<div class=\"elementor-widget-container\">\n\t\t\t\t\t\t\t\t\t<p>La vista panor\u00e1mica del paisaje urbano se convierte en el tel\u00f3n de fondo perfecto para resaltar la elegancia de este espacio. Sus amplios ventanales permiten que la luz natural se filtre, iluminando cada rinc\u00f3n con delicadeza y realzando la belleza de los materiales nobles utilizados en los acabados.<\/p>\t\t\t\t\t\t\t\t<\/div>\n\t\t\t\t<\/div>\n\t\t\t\t\t<\/div>\n\t\t<\/div>\n\t\t\t\t\t<\/div>\n\t\t<\/section>\n\t\t\t\t<section class=\"elementor-section elementor-top-section elementor-element elementor-element-4018b5e elementor-section-boxed elementor-section-height-default elementor-section-height-default\" data-id=\"4018b5e\" data-element_type=\"section\">\n\t\t\t\t\t\t<div class=\"elementor-container elementor-column-gap-default\">\n\t\t\t\t\t<div class=\"elementor-column elementor-col-100 elementor-top-column elementor-element elementor-element-de434b5\" data-id=\"de434b5\" data-element_type=\"column\">\n\t\t\t<div class=\"elementor-widget-wrap elementor-element-populated\">\n\t\t\t\t\t\t<div class=\"elementor-element elementor-element-707b45d elementor-widget elementor-widget-text-editor\" data-id=\"707b45d\" data-element_type=\"widget\" data-widget_type=\"text-editor.default\">\n\t\t\t\t<div class=\"elementor-widget-container\">\n\t\t\t\t\t\t\t\t\t<p>APARTAMENTO ALMENDROS<\/p>\t\t\t\t\t\t\t\t<\/div>\n\t\t\t\t<\/div>\n\t\t\t\t<div class=\"elementor-element elementor-element-77538db elementor-widget elementor-widget-text-editor\" data-id=\"77538db\" data-element_type=\"widget\" data-widget_type=\"text-editor.default\">\n\t\t\t\t<div class=\"elementor-widget-container\">\n\t\t\t\t\t\t\t\t\t<p>MEDELL\u00cdN<br \/>2019<\/p>\t\t\t\t\t\t\t\t<\/div>\n\t\t\t\t<\/div>\n\t\t\t\t\t<\/div>\n\t\t<\/div>\n\t\t\t\t\t<\/div>\n\t\t<\/section>\n\t\t\t\t<section class=\"elementor-section elementor-top-section elementor-element elementor-element-2306237 elementor-section-full_width elementor-section-height-default elementor-section-height-default elementor-invisible\" data-id=\"2306237\" data-element_type=\"section\" data-settings=\"{&quot;animation&quot;:&quot;fadeInUp&quot;}\">\n\t\t\t\t\t\t<div class=\"elementor-container elementor-column-gap-default\">\n\t\t\t\t\t<div class=\"elementor-column elementor-col-100 elementor-top-column elementor-element elementor-element-30474df\" data-id=\"30474df\" data-element_type=\"column\">\n\t\t\t<div class=\"elementor-widget-wrap elementor-element-populated\">\n\t\t\t\t\t\t<div class=\"elementor-element elementor-element-245f2c6 elementor-widget elementor-widget-image\" data-id=\"245f2c6\" data-element_type=\"widget\" data-widget_type=\"image.default\">\n\t\t\t\t<div class=\"elementor-widget-container\">\n\t\t\t\t\t\t\t\t\t\t\t\t\t\t\t\t<a href=\"http:\/\/intoitalia.co\/wp-content\/uploads\/2023\/07\/5-3.jpg\" data-elementor-open-lightbox=\"yes\" data-e-action-hash=\"#elementor-action%3Aaction%3Dlightbox%26settings%3DeyJpZCI6OTYzLCJ1cmwiOiJodHRwczpcL1wvaW50b2l0YWxpYS5jb1wvd3AtY29udGVudFwvdXBsb2Fkc1wvMjAyM1wvMDdcLzUtMy5qcGcifQ%3D%3D\">\n\t\t\t\t\t\t\t<img fetchpriority=\"high\" decoding=\"async\" width=\"1920\" height=\"1080\" src=\"https:\/\/intoitalia.co\/wp-content\/uploads\/2023\/07\/5-3.jpg\" class=\"attachment-full size-full wp-image-963\" alt=\"\" srcset=\"https:\/\/intoitalia.co\/wp-content\/uploads\/2023\/07\/5-3.jpg 1920w, https:\/\/intoitalia.co\/wp-content\/uploads\/2023\/07\/5-3-300x169.jpg 300w, https:\/\/intoitalia.co\/wp-content\/uploads\/2023\/07\/5-3-1024x576.jpg 1024w, https:\/\/intoitalia.co\/wp-content\/uploads\/2023\/07\/5-3-768x432.jpg 768w, https:\/\/intoitalia.co\/wp-content\/uploads\/2023\/07\/5-3-1536x864.jpg 1536w\" sizes=\"(max-width: 1920px) 100vw, 1920px\" \/>\t\t\t\t\t\t\t\t<\/a>\n\t\t\t\t\t\t\t\t\t\t\t\t\t\t\t<\/div>\n\t\t\t\t<\/div>\n\t\t\t\t\t<\/div>\n\t\t<\/div>\n\t\t\t\t\t<\/div>\n\t\t<\/section>\n\t\t\t\t<section class=\"elementor-section elementor-top-section elementor-element elementor-element-50e335a elementor-section-full_width elementor-section-height-default elementor-section-height-default elementor-invisible\" data-id=\"50e335a\" data-element_type=\"section\" data-settings=\"{&quot;animation&quot;:&quot;fadeInUp&quot;}\">\n\t\t\t\t\t\t<div class=\"elementor-container elementor-column-gap-default\">\n\t\t\t\t\t<div class=\"elementor-column elementor-col-100 elementor-top-column elementor-element elementor-element-0d38ba6\" data-id=\"0d38ba6\" data-element_type=\"column\">\n\t\t\t<div class=\"elementor-widget-wrap elementor-element-populated\">\n\t\t\t\t\t\t<div class=\"elementor-element elementor-element-00ebc0b elementor-widget elementor-widget-image\" data-id=\"00ebc0b\" data-element_type=\"widget\" data-widget_type=\"image.default\">\n\t\t\t\t<div class=\"elementor-widget-container\">\n\t\t\t\t\t\t\t\t\t\t\t\t\t\t\t\t<a href=\"http:\/\/intoitalia.co\/wp-content\/uploads\/2023\/07\/4-3.jpg\" data-elementor-open-lightbox=\"yes\" data-e-action-hash=\"#elementor-action%3Aaction%3Dlightbox%26settings%3DeyJpZCI6OTY0LCJ1cmwiOiJodHRwczpcL1wvaW50b2l0YWxpYS5jb1wvd3AtY29udGVudFwvdXBsb2Fkc1wvMjAyM1wvMDdcLzQtMy5qcGcifQ%3D%3D\">\n\t\t\t\t\t\t\t<img decoding=\"async\" width=\"1080\" height=\"1600\" src=\"https:\/\/intoitalia.co\/wp-content\/uploads\/2023\/07\/4-3.jpg\" class=\"attachment-full size-full wp-image-964\" alt=\"\" srcset=\"https:\/\/intoitalia.co\/wp-content\/uploads\/2023\/07\/4-3.jpg 1080w, https:\/\/intoitalia.co\/wp-content\/uploads\/2023\/07\/4-3-203x300.jpg 203w, https:\/\/intoitalia.co\/wp-content\/uploads\/2023\/07\/4-3-691x1024.jpg 691w, https:\/\/intoitalia.co\/wp-content\/uploads\/2023\/07\/4-3-768x1138.jpg 768w, https:\/\/intoitalia.co\/wp-content\/uploads\/2023\/07\/4-3-1037x1536.jpg 1037w\" sizes=\"(max-width: 1080px) 100vw, 1080px\" \/>\t\t\t\t\t\t\t\t<\/a>\n\t\t\t\t\t\t\t\t\t\t\t\t\t\t\t<\/div>\n\t\t\t\t<\/div>\n\t\t\t\t<div class=\"elementor-element elementor-element-2fd7484 elementor-widget elementor-widget-text-editor\" data-id=\"2fd7484\" data-element_type=\"widget\" data-widget_type=\"text-editor.default\">\n\t\t\t\t<div class=\"elementor-widget-container\">\n\t\t\t\t\t\t\t\t\t<p>\u00a0ARTE FUNDAMENTO DEL ESPACIO<\/p>\t\t\t\t\t\t\t\t<\/div>\n\t\t\t\t<\/div>\n\t\t\t\t<div class=\"elementor-element elementor-element-9379397 elementor-widget elementor-widget-text-editor\" data-id=\"9379397\" data-element_type=\"widget\" data-widget_type=\"text-editor.default\">\n\t\t\t\t<div class=\"elementor-widget-container\">\n\t\t\t\t\t\t\t\t\t<p>La decoraci\u00f3n se basa en la armon\u00eda entre el confort y la funcionalidad, donde el arte moderno se convierte en el protagonista de cada estancia. Cada mueble y detalle ha sido cuidadosamente seleccionado, reflejando un estilo \u00fanico y sofisticado.<\/p>\t\t\t\t\t\t\t\t<\/div>\n\t\t\t\t<\/div>\n\t\t\t\t\t<\/div>\n\t\t<\/div>\n\t\t\t\t\t<\/div>\n\t\t<\/section>\n\t\t\t\t<section class=\"elementor-section elementor-top-section elementor-element elementor-element-2d536e5 elementor-section-full_width elementor-section-height-default elementor-section-height-default elementor-invisible\" data-id=\"2d536e5\" data-element_type=\"section\" data-settings=\"{&quot;animation&quot;:&quot;fadeInUp&quot;}\">\n\t\t\t\t\t\t<div class=\"elementor-container elementor-column-gap-default\">\n\t\t\t\t\t<div class=\"elementor-column elementor-col-100 elementor-top-column elementor-element elementor-element-01cb165\" data-id=\"01cb165\" data-element_type=\"column\">\n\t\t\t<div class=\"elementor-widget-wrap elementor-element-populated\">\n\t\t\t\t\t\t<div class=\"elementor-element elementor-element-9aa5236 elementor-widget elementor-widget-image\" data-id=\"9aa5236\" data-element_type=\"widget\" data-widget_type=\"image.default\">\n\t\t\t\t<div class=\"elementor-widget-container\">\n\t\t\t\t\t\t\t\t\t\t\t\t\t\t\t\t<a href=\"http:\/\/intoitalia.co\/wp-content\/uploads\/2023\/07\/6-2.jpg\" data-elementor-open-lightbox=\"yes\" data-e-action-hash=\"#elementor-action%3Aaction%3Dlightbox%26settings%3DeyJpZCI6OTY2LCJ1cmwiOiJodHRwczpcL1wvaW50b2l0YWxpYS5jb1wvd3AtY29udGVudFwvdXBsb2Fkc1wvMjAyM1wvMDdcLzYtMi5qcGcifQ%3D%3D\">\n\t\t\t\t\t\t\t<img decoding=\"async\" width=\"1600\" height=\"1200\" src=\"https:\/\/intoitalia.co\/wp-content\/uploads\/2023\/07\/6-2.jpg\" class=\"attachment-full size-full wp-image-966\" alt=\"\" srcset=\"https:\/\/intoitalia.co\/wp-content\/uploads\/2023\/07\/6-2.jpg 1600w, https:\/\/intoitalia.co\/wp-content\/uploads\/2023\/07\/6-2-300x225.jpg 300w, https:\/\/intoitalia.co\/wp-content\/uploads\/2023\/07\/6-2-1024x768.jpg 1024w, https:\/\/intoitalia.co\/wp-content\/uploads\/2023\/07\/6-2-768x576.jpg 768w, https:\/\/intoitalia.co\/wp-content\/uploads\/2023\/07\/6-2-1536x1152.jpg 1536w\" sizes=\"(max-width: 1600px) 100vw, 1600px\" \/>\t\t\t\t\t\t\t\t<\/a>\n\t\t\t\t\t\t\t\t\t\t\t\t\t\t\t<\/div>\n\t\t\t\t<\/div>\n\t\t\t\t\t<\/div>\n\t\t<\/div>\n\t\t\t\t\t<\/div>\n\t\t<\/section>\n\t\t\t\t<section class=\"elementor-section elementor-top-section elementor-element elementor-element-73b5d18 elementor-section-full_width elementor-section-height-default elementor-section-height-default\" data-id=\"73b5d18\" data-element_type=\"section\">\n\t\t\t\t\t\t<div class=\"elementor-container elementor-column-gap-default\">\n\t\t\t\t\t<div class=\"elementor-column elementor-col-50 elementor-top-column elementor-element elementor-element-a290e9a\" data-id=\"a290e9a\" data-element_type=\"column\">\n\t\t\t<div class=\"elementor-widget-wrap elementor-element-populated\">\n\t\t\t\t\t\t<div class=\"elementor-element elementor-element-b1cdc4c elementor-widget elementor-widget-text-editor\" data-id=\"b1cdc4c\" data-element_type=\"widget\" data-widget_type=\"text-editor.default\">\n\t\t\t\t<div class=\"elementor-widget-container\">\n\t\t\t\t\t\t\t\t\t<p>materialidad<\/p>\t\t\t\t\t\t\t\t<\/div>\n\t\t\t\t<\/div>\n\t\t\t\t<div class=\"elementor-element elementor-element-4f7b5ab elementor-widget elementor-widget-text-editor\" data-id=\"4f7b5ab\" data-element_type=\"widget\" data-widget_type=\"text-editor.default\">\n\t\t\t\t<div class=\"elementor-widget-container\">\n\t\t\t\t\t\t\t\t\t<p>Su mobiliario y acabados de alta gama aportan un toque de exclusividad al espacio, mientras que las piezas de lujo se basan en aut\u00e9nticas obras de arte en s\u00ed mismas. La combinaci\u00f3n de materiales como el m\u00e1rmol, la madera maciza y el acero inoxidable crea una est\u00e9tica refinada y duradera.<\/p>\t\t\t\t\t\t\t\t<\/div>\n\t\t\t\t<\/div>\n\t\t\t\t\t<\/div>\n\t\t<\/div>\n\t\t\t\t<div class=\"elementor-column elementor-col-50 elementor-top-column elementor-element elementor-element-ecb16c2\" data-id=\"ecb16c2\" data-element_type=\"column\">\n\t\t\t<div class=\"elementor-widget-wrap\">\n\t\t\t\t\t\t\t<\/div>\n\t\t<\/div>\n\t\t\t\t\t<\/div>\n\t\t<\/section>\n\t\t\t\t<section class=\"elementor-section elementor-top-section elementor-element elementor-element-277e66d elementor-section-full_width elementor-section-height-default elementor-section-height-default elementor-invisible\" data-id=\"277e66d\" data-element_type=\"section\" data-settings=\"{&quot;animation&quot;:&quot;fadeInUp&quot;}\">\n\t\t\t\t\t\t<div class=\"elementor-container elementor-column-gap-default\">\n\t\t\t\t\t<div class=\"elementor-column elementor-col-100 elementor-top-column elementor-element elementor-element-c0ca302\" data-id=\"c0ca302\" data-element_type=\"column\">\n\t\t\t<div class=\"elementor-widget-wrap elementor-element-populated\">\n\t\t\t\t\t\t<div class=\"elementor-element elementor-element-bd1f398 elementor-widget elementor-widget-image\" data-id=\"bd1f398\" data-element_type=\"widget\" data-widget_type=\"image.default\">\n\t\t\t\t<div class=\"elementor-widget-container\">\n\t\t\t\t\t\t\t\t\t\t\t\t\t\t\t\t<a href=\"http:\/\/intoitalia.co\/wp-content\/uploads\/2023\/07\/1-3.jpg\" data-elementor-open-lightbox=\"yes\" data-e-action-hash=\"#elementor-action%3Aaction%3Dlightbox%26settings%3DeyJpZCI6OTY1LCJ1cmwiOiJodHRwczpcL1wvaW50b2l0YWxpYS5jb1wvd3AtY29udGVudFwvdXBsb2Fkc1wvMjAyM1wvMDdcLzEtMy5qcGcifQ%3D%3D\">\n\t\t\t\t\t\t\t<img loading=\"lazy\" decoding=\"async\" width=\"1600\" height=\"1080\" src=\"https:\/\/intoitalia.co\/wp-content\/uploads\/2023\/07\/1-3.jpg\" class=\"attachment-full size-full wp-image-965\" alt=\"\" srcset=\"https:\/\/intoitalia.co\/wp-content\/uploads\/2023\/07\/1-3.jpg 1600w, https:\/\/intoitalia.co\/wp-content\/uploads\/2023\/07\/1-3-300x203.jpg 300w, https:\/\/intoitalia.co\/wp-content\/uploads\/2023\/07\/1-3-1024x691.jpg 1024w, https:\/\/intoitalia.co\/wp-content\/uploads\/2023\/07\/1-3-768x518.jpg 768w, https:\/\/intoitalia.co\/wp-content\/uploads\/2023\/07\/1-3-1536x1037.jpg 1536w\" sizes=\"(max-width: 1600px) 100vw, 1600px\" \/>\t\t\t\t\t\t\t\t<\/a>\n\t\t\t\t\t\t\t\t\t\t\t\t\t\t\t<\/div>\n\t\t\t\t<\/div>\n\t\t\t\t\t<\/div>\n\t\t<\/div>\n\t\t\t\t\t<\/div>\n\t\t<\/section>\n\t\t\t\t<\/div>\n\t\t","protected":false},"excerpt":{"rendered":"<p>ELEGANCIA La vista panor\u00e1mica del paisaje urbano se convierte en el tel\u00f3n de fondo perfecto para resaltar la elegancia de este espacio. Sus amplios ventanales permiten que la luz natural se filtre, iluminando cada rinc\u00f3n con delicadeza y realzando la belleza de los materiales nobles utilizados en los acabados. APARTAMENTO ALMENDROS MEDELL\u00cdN2019 \u00a0ARTE FUNDAMENTO DEL [&hellip;]<\/p>\n","protected":false},"author":1,"featured_media":0,"parent":15,"menu_order":0,"comment_status":"closed","ping_status":"closed","template":"","meta":{"footnotes":""},"class_list":["post-959","page","type-page","status-publish","hentry"],"aioseo_notices":[],"_links":{"self":[{"href":"https:\/\/intoitalia.co\/es\/wp-json\/wp\/v2\/pages\/959","targetHints":{"allow":["GET"]}}],"collection":[{"href":"https:\/\/intoitalia.co\/es\/wp-json\/wp\/v2\/pages"}],"about":[{"href":"https:\/\/intoitalia.co\/es\/wp-json\/wp\/v2\/types\/page"}],"author":[{"embeddable":true,"href":"https:\/\/intoitalia.co\/es\/wp-json\/wp\/v2\/users\/1"}],"replies":[{"embeddable":true,"href":"https:\/\/intoitalia.co\/es\/wp-json\/wp\/v2\/comments?post=959"}],"version-history":[{"count":43,"href":"https:\/\/intoitalia.co\/es\/wp-json\/wp\/v2\/pages\/959\/revisions"}],"predecessor-version":[{"id":2002,"href":"https:\/\/intoitalia.co\/es\/wp-json\/wp\/v2\/pages\/959\/revisions\/2002"}],"up":[{"embeddable":true,"href":"https:\/\/intoitalia.co\/es\/wp-json\/wp\/v2\/pages\/15"}],"wp:attachment":[{"href":"https:\/\/intoitalia.co\/es\/wp-json\/wp\/v2\/media?parent=959"}],"curies":[{"name":"wp","href":"https:\/\/api.w.org\/{rel}","templated":true}]}}